{"id":784658,"date":"2026-03-12T03:45:26","date_gmt":"2026-03-12T00:45:26","guid":{"rendered":"https:\/\/roveyayinevi.com.tr\/index.php\/urun\/ben-buyuyunce-2\/"},"modified":"2026-04-15T03:47:37","modified_gmt":"2026-04-15T00:47:37","slug":"ben-buyuyunce-2","status":"publish","type":"product","link":"https:\/\/roveyayinevi.com.tr\/index.php\/urun\/ben-buyuyunce-2\/","title":{"rendered":"Ben B\u00fcy\u00fcy\u00fcnce\u2026"},"content":{"rendered":"<p>Bir g\u00fcn okulda \u00f6\u011fretmenleri her \u00f6\u011frenciye, b\u00fcy\u00fcy\u00fcnce hangi mesle\u011fi yapmak istediklerini sordu.\u00c7ocuklar kendi ilgi alanlar\u0131n\u0131 d\u00fc\u015f\u00fcnerek kond\u00fckt\u00f6r, doktor, polis ya da dondurmac\u0131 olmak istediklerini s\u00f6ylediler. \u00c7o\u011fu \u015fimdiden b\u00fcy\u00fcd\u00fckleri zaman\u0131n hayalini kuruyorlard\u0131.Ama Pera hen\u00fcz ne olmak istedi\u011fini bilmiyordu&#8230; Sen b\u00fcy\u00fcy\u00fcnce ne olacaks\u0131n?<\/p>\n","protected":false},"excerpt":{"rendered":"<p>Bir g\u00fcn okulda \u00f6\u011fretmenleri her \u00f6\u011frenciye, b\u00fcy\u00fcy\u00fcnce hangi mesle\u011fi yapmak istediklerini sordu.\u00c7ocuklar kendi ilgi alanlar\u0131n\u0131 d\u00fc\u015f\u00fcnerek kond\u00fckt\u00f6r, doktor, polis ya da dondurmac\u0131 olmak istediklerini s\u00f6ylediler. \u00c7o\u011fu<span class=\"excerpt-hellip\"> [\u2026]<\/span><\/p>\n","protected":false},"featured_media":0,"template":"","meta":{"_monsterinsights_skip_tracking":false,"_monsterinsights_sitenote_active":false,"_monsterinsights_sitenote_note":"","_monsterinsights_sitenote_category":0},"product_brand":[],"product_cat":[12274,12284],"product_tag":[],"class_list":{"0":"post-784658","1":"product","2":"type-product","3":"status-publish","5":"product_cat-cocuk-ve-genclik-kitaplari","6":"product_cat-hikayeler","7":"pa_cilt-ciltsiz","8":"pa_tur-kitap","9":"pa_yayinevi-eksik-parca-yayinlari","10":"pa_yazar-quentin-greban","12":"first","13":"instock","14":"sale","15":"shipping-taxable","16":"purchasable","17":"product-type-simple"},"_links":{"self":[{"href":"https:\/\/roveyayinevi.com.tr\/index.php\/wp-json\/wp\/v2\/product\/784658","targetHints":{"allow":["GET"]}}],"collection":[{"href":"https:\/\/roveyayinevi.com.tr\/index.php\/wp-json\/wp\/v2\/product"}],"about":[{"href":"https:\/\/roveyayinevi.com.tr\/index.php\/wp-json\/wp\/v2\/types\/product"}],"wp:attachment":[{"href":"https:\/\/roveyayinevi.com.tr\/index.php\/wp-json\/wp\/v2\/media?parent=784658"}],"wp:term":[{"taxonomy":"product_brand","embeddable":true,"href":"https:\/\/roveyayinevi.com.tr\/index.php\/wp-json\/wp\/v2\/product_brand?post=784658"},{"taxonomy":"product_cat","embeddable":true,"href":"https:\/\/roveyayinevi.com.tr\/index.php\/wp-json\/wp\/v2\/product_cat?post=784658"},{"taxonomy":"product_tag","embeddable":true,"href":"https:\/\/roveyayinevi.com.tr\/index.php\/wp-json\/wp\/v2\/product_tag?post=784658"}],"curies":[{"name":"wp","href":"https:\/\/api.w.org\/{rel}","templated":true}]}}