{"id":784653,"date":"2026-03-12T03:42:32","date_gmt":"2026-03-12T00:42:32","guid":{"rendered":"https:\/\/roveyayinevi.com.tr\/index.php\/urun\/guz-gozleri\/"},"modified":"2026-04-15T03:44:54","modified_gmt":"2026-04-15T00:44:54","slug":"guz-gozleri","status":"publish","type":"product","link":"https:\/\/roveyayinevi.com.tr\/index.php\/urun\/guz-gozleri\/","title":{"rendered":"G\u00fcz G\u00f6zleri"},"content":{"rendered":"<p>Ge\u00e7mi\u015finden ka\u00e7an bir kad\u0131n\u2026 Karanl\u0131\u011f\u0131n i\u00e7inden \u00e7\u0131k\u0131p nefes almaya \u00e7al\u0131\u015fan bir ruh\u2026 Kendi g\u00f6lgesini yenmeye gayretli bir adam\u2026 Ve her \u015feye ra\u011fmen yeniden do\u011fmay\u0131 ba\u015faran bir kalp.   G\u00fcz G\u00f6zleri, insan\u0131n karanl\u0131\u011f\u0131n i\u00e7inden \u0131\u015f\u0131\u011fa do\u011fru y\u00fcr\u00fcrken verdi\u011fi m\u00fccadeleyi soluksuz okutan bir roman. Ac\u0131n\u0131n i\u00e7inden bir \u0131\u015f\u0131k arayanlara, ge\u00e7mi\u015fin enkaz\u0131ndan yeni bir hayat in\u015fa etmeye \u00e7al\u0131\u015fanlara ve hayata yeniden tutunmak isteyenlere dokunan g\u00fc\u00e7l\u00fc bir anlat\u0131.   \u015eeyma Demir, duygusal yo\u011funlu\u011fu y\u00fcksek, s\u00fcr\u00fckleyici, kalbi ve zihni derinden sarsan G\u00fcz G\u00f6zleri\u2019nde okuru kendinden bile saklad\u0131\u011f\u0131 karanl\u0131kla y\u00fczle\u015fme yolculu\u011funa davet ediyor. Roman boyunca umutla karanl\u0131k, sevgiyle \u00f6fke, inan\u00e7la bo\u015fluk aras\u0131nda sa\u011flam bir denge kuruyor. Nihayetinde yeni bir ba\u015flang\u0131\u00e7 i\u00e7in en zorlu s\u0131nav\u0131n \u00f6nce kendimizi affetmekten ge\u00e7ti\u011fini f\u0131s\u0131ld\u0131yor.   \u201cEy benim kararm\u0131\u015f kalbim! Sevginin as\u0131l anlam\u0131n\u0131 kay\u0131p m\u0131 ettin? S\u00f6k\u00fcl g\u00f6\u011fs\u00fcmden, d\u00fc\u015f avu\u00e7lar\u0131ma ve kana. Kana ki d\u00f6k\u00fcls\u00fcn i\u00e7inde hangi \u015feytan varsa.\u201d<\/p>\n","protected":false},"excerpt":{"rendered":"<p>Ge\u00e7mi\u015finden ka\u00e7an bir kad\u0131n\u2026 Karanl\u0131\u011f\u0131n i\u00e7inden \u00e7\u0131k\u0131p nefes almaya \u00e7al\u0131\u015fan bir ruh\u2026 Kendi g\u00f6lgesini yenmeye gayretli bir adam\u2026 Ve her \u015feye ra\u011fmen yeniden do\u011fmay\u0131 ba\u015faran bir<span class=\"excerpt-hellip\"> [\u2026]<\/span><\/p>\n","protected":false},"featured_media":0,"template":"","meta":{"_monsterinsights_skip_tracking":false,"_monsterinsights_sitenote_active":false,"_monsterinsights_sitenote_note":"","_monsterinsights_sitenote_category":0},"product_brand":[],"product_cat":[12291,12711],"product_tag":[],"class_list":{"0":"post-784653","1":"product","2":"type-product","3":"status-publish","5":"product_cat-edebiyat","6":"product_cat-roman-oyku","7":"pa_cilt-ciltsiz","8":"pa_tur-kitap","9":"pa_yayinevi-dokuz-yayinlari","10":"pa_yazar-seyma-demir","12":"first","13":"instock","14":"sale","15":"shipping-taxable","16":"purchasable","17":"product-type-simple"},"_links":{"self":[{"href":"https:\/\/roveyayinevi.com.tr\/index.php\/wp-json\/wp\/v2\/product\/784653","targetHints":{"allow":["GET"]}}],"collection":[{"href":"https:\/\/roveyayinevi.com.tr\/index.php\/wp-json\/wp\/v2\/product"}],"about":[{"href":"https:\/\/roveyayinevi.com.tr\/index.php\/wp-json\/wp\/v2\/types\/product"}],"wp:attachment":[{"href":"https:\/\/roveyayinevi.com.tr\/index.php\/wp-json\/wp\/v2\/media?parent=784653"}],"wp:term":[{"taxonomy":"product_brand","embeddable":true,"href":"https:\/\/roveyayinevi.com.tr\/index.php\/wp-json\/wp\/v2\/product_brand?post=784653"},{"taxonomy":"product_cat","embeddable":true,"href":"https:\/\/roveyayinevi.com.tr\/index.php\/wp-json\/wp\/v2\/product_cat?post=784653"},{"taxonomy":"product_tag","embeddable":true,"href":"https:\/\/roveyayinevi.com.tr\/index.php\/wp-json\/wp\/v2\/product_tag?post=784653"}],"curies":[{"name":"wp","href":"https:\/\/api.w.org\/{rel}","templated":true}]}}