{"id":784647,"date":"2026-03-12T03:30:01","date_gmt":"2026-03-12T00:30:01","guid":{"rendered":"https:\/\/roveyayinevi.com.tr\/index.php\/urun\/dikis-kafa-1\/"},"modified":"2026-04-15T03:32:19","modified_gmt":"2026-04-15T00:32:19","slug":"dikis-kafa-1","status":"publish","type":"product","link":"https:\/\/roveyayinevi.com.tr\/index.php\/urun\/dikis-kafa-1\/","title":{"rendered":"Diki\u015f Kafa 1"},"content":{"rendered":"<p>GROTTESKEW KALES\u0130\u2019nde, k\u00fc\u00e7\u00fck birine\u2026 B\u00dcY\u00dcK bir \u015fey olmak \u00fczere\u2026 Sakland\u0131\u011f\u0131 g\u00f6lgelerden \u00e7\u0131k\u0131p \u00f6m\u00fcr boyu s\u00fcrecek bir maceraya ad\u0131m atan, \u00e7\u0131lg\u0131n bir profes\u00f6r\u00fcn heyecan dolu maceras\u0131na kat\u0131lmaya ne dersiniz? <\/p>\n","protected":false},"excerpt":{"rendered":"<p>GROTTESKEW KALES\u0130\u2019nde, k\u00fc\u00e7\u00fck birine\u2026 B\u00dcY\u00dcK bir \u015fey olmak \u00fczere\u2026 Sakland\u0131\u011f\u0131 g\u00f6lgelerden \u00e7\u0131k\u0131p \u00f6m\u00fcr boyu s\u00fcrecek bir maceraya ad\u0131m atan, \u00e7\u0131lg\u0131n bir profes\u00f6r\u00fcn heyecan dolu maceras\u0131na kat\u0131lmaya<span class=\"excerpt-hellip\"> [\u2026]<\/span><\/p>\n","protected":false},"featured_media":0,"template":"","meta":{"_monsterinsights_skip_tracking":false,"_monsterinsights_sitenote_active":false,"_monsterinsights_sitenote_note":"","_monsterinsights_sitenote_category":0},"product_brand":[],"product_cat":[12274,12631],"product_tag":[],"class_list":{"0":"post-784647","1":"product","2":"type-product","3":"status-publish","5":"product_cat-cocuk-ve-genclik-kitaplari","6":"product_cat-diger-cocuk-ve-genclik-kitaplari","7":"pa_cilt-ciltsiz","8":"pa_tur-kitap","9":"pa_yayinevi-dokuz-yayinlari","10":"pa_yazar-guy-bass","12":"first","13":"instock","14":"sale","15":"shipping-taxable","16":"purchasable","17":"product-type-simple"},"_links":{"self":[{"href":"https:\/\/roveyayinevi.com.tr\/index.php\/wp-json\/wp\/v2\/product\/784647","targetHints":{"allow":["GET"]}}],"collection":[{"href":"https:\/\/roveyayinevi.com.tr\/index.php\/wp-json\/wp\/v2\/product"}],"about":[{"href":"https:\/\/roveyayinevi.com.tr\/index.php\/wp-json\/wp\/v2\/types\/product"}],"wp:attachment":[{"href":"https:\/\/roveyayinevi.com.tr\/index.php\/wp-json\/wp\/v2\/media?parent=784647"}],"wp:term":[{"taxonomy":"product_brand","embeddable":true,"href":"https:\/\/roveyayinevi.com.tr\/index.php\/wp-json\/wp\/v2\/product_brand?post=784647"},{"taxonomy":"product_cat","embeddable":true,"href":"https:\/\/roveyayinevi.com.tr\/index.php\/wp-json\/wp\/v2\/product_cat?post=784647"},{"taxonomy":"product_tag","embeddable":true,"href":"https:\/\/roveyayinevi.com.tr\/index.php\/wp-json\/wp\/v2\/product_tag?post=784647"}],"curies":[{"name":"wp","href":"https:\/\/api.w.org\/{rel}","templated":true}]}}