{"id":784646,"date":"2026-03-12T03:29:58","date_gmt":"2026-03-12T00:29:58","guid":{"rendered":"https:\/\/roveyayinevi.com.tr\/index.php\/urun\/dikis-kafa-2-korsanin-gozu\/"},"modified":"2026-04-15T03:32:19","modified_gmt":"2026-04-15T00:32:19","slug":"dikis-kafa-2-korsanin-gozu","status":"publish","type":"product","link":"https:\/\/roveyayinevi.com.tr\/index.php\/urun\/dikis-kafa-2-korsanin-gozu\/","title":{"rendered":"Diki\u015f Kafa 2 &#8211; Korsan\u0131n G\u00f6z\u00fc"},"content":{"rendered":"<p>Diki\u015f Kafa\u2019ya \u00d6vg\u00fc: \u201cMarcus Sedgwick\u2019in The Raven Mysteries\u2019ini sevdiyseniz buna da bay\u0131lacaks\u0131n\u0131z!\u201d  -Julia Eccleshare K\u00dc\u00c7\u00dcK biri, B\u00dcY\u00dcK bir maceraya yelken a\u00e7mak \u00fczere\u2026 A\u00e7\u0131k denizlerde yeni bir hayata haz\u0131rlanan \u00e7\u0131lg\u0131n bir profes\u00f6r\u00fcn heyecan dolu maceras\u0131na kat\u0131lmaya ne dersiniz?<\/p>\n","protected":false},"excerpt":{"rendered":"<p>Diki\u015f Kafa\u2019ya \u00d6vg\u00fc: \u201cMarcus Sedgwick\u2019in The Raven Mysteries\u2019ini sevdiyseniz buna da bay\u0131lacaks\u0131n\u0131z!\u201d -Julia Eccleshare K\u00dc\u00c7\u00dcK biri, B\u00dcY\u00dcK bir maceraya yelken a\u00e7mak \u00fczere\u2026 A\u00e7\u0131k denizlerde yeni bir<span class=\"excerpt-hellip\"> [\u2026]<\/span><\/p>\n","protected":false},"featured_media":0,"template":"","meta":{"_monsterinsights_skip_tracking":false,"_monsterinsights_sitenote_active":false,"_monsterinsights_sitenote_note":"","_monsterinsights_sitenote_category":0},"product_brand":[],"product_cat":[12274,12284],"product_tag":[],"class_list":{"0":"post-784646","1":"product","2":"type-product","3":"status-publish","5":"product_cat-cocuk-ve-genclik-kitaplari","6":"product_cat-hikayeler","7":"pa_cilt-ciltsiz","8":"pa_tur-kitap","9":"pa_yayinevi-dokuz-yayinlari","10":"pa_yazar-guy-bass","12":"first","13":"instock","14":"sale","15":"shipping-taxable","16":"purchasable","17":"product-type-simple"},"_links":{"self":[{"href":"https:\/\/roveyayinevi.com.tr\/index.php\/wp-json\/wp\/v2\/product\/784646","targetHints":{"allow":["GET"]}}],"collection":[{"href":"https:\/\/roveyayinevi.com.tr\/index.php\/wp-json\/wp\/v2\/product"}],"about":[{"href":"https:\/\/roveyayinevi.com.tr\/index.php\/wp-json\/wp\/v2\/types\/product"}],"wp:attachment":[{"href":"https:\/\/roveyayinevi.com.tr\/index.php\/wp-json\/wp\/v2\/media?parent=784646"}],"wp:term":[{"taxonomy":"product_brand","embeddable":true,"href":"https:\/\/roveyayinevi.com.tr\/index.php\/wp-json\/wp\/v2\/product_brand?post=784646"},{"taxonomy":"product_cat","embeddable":true,"href":"https:\/\/roveyayinevi.com.tr\/index.php\/wp-json\/wp\/v2\/product_cat?post=784646"},{"taxonomy":"product_tag","embeddable":true,"href":"https:\/\/roveyayinevi.com.tr\/index.php\/wp-json\/wp\/v2\/product_tag?post=784646"}],"curies":[{"name":"wp","href":"https:\/\/api.w.org\/{rel}","templated":true}]}}