{"id":784639,"date":"2026-03-12T03:13:09","date_gmt":"2026-03-12T00:13:09","guid":{"rendered":"https:\/\/roveyayinevi.com.tr\/index.php\/urun\/semboller-nasil-okunur\/"},"modified":"2026-04-16T03:04:50","modified_gmt":"2026-04-16T00:04:50","slug":"semboller-nasil-okunur","status":"publish","type":"product","link":"https:\/\/roveyayinevi.com.tr\/index.php\/urun\/semboller-nasil-okunur\/","title":{"rendered":"Semboller Nas\u0131l Okunur?"},"content":{"rendered":"<p>Elinizdeki bu kitap, eski \u00e7a\u011flardan g\u00fcn\u00fcm\u00fcze sanatta kullan\u0131lan sembollerin zengin kavram d\u00fcnyas\u0131n\u0131 ay\u0131rt edip anlamay\u0131 ama\u00e7layan pratik bir giri\u015f kitab\u0131d\u0131r. Farkl\u0131 k\u00fclt\u00fcrlerin belli ba\u015fl\u0131 sembollerinin anlamlar\u0131n\u0131, k\u00f6kenlerini, anlat\u0131m ve tasar\u0131m bi\u00e7imlerini yarat\u0131ld\u0131klar\u0131 co\u011frafyalara g\u00f6re grupland\u0131rarak belirli temalar \u00e7er\u00e7evesinde inceliyor. Bu k\u00fc\u00e7\u00fck ve sevimli cep kitab\u0131 konuyla ilgili akla gelebilecek her t\u00fcrl\u00fc soruya g\u00f6rseller e\u015fli\u011finde k\u0131sa ve \u00f6z cevaplar veren olduk\u00e7a kapsaml\u0131 bir rehberdir. \u25a0             Sembollerin dilinden anlamay\u0131 ve sanat eserlerinde kar\u015f\u0131la\u015f\u0131lan \u015fifrelerle ipu\u00e7lar\u0131n\u0131 belirleyebilmeyi olanakl\u0131 k\u0131lar. \u25a0             Kutsal imgeler, kimli\u011fe dair i\u015faretler ve sembolik sistemleri inceleyerek k\u00fclt\u00fcrleraras\u0131 benzerlik ve farkl\u0131l\u0131klar\u0131 a\u00e7\u0131\u011fa \u00e7\u0131kar\u0131r.\u25a0             Yoruma dayal\u0131 bir metni 500\u2019den fazla g\u00f6rselle bir araya getirir.<\/p>\n","protected":false},"excerpt":{"rendered":"<p>Elinizdeki bu kitap, eski \u00e7a\u011flardan g\u00fcn\u00fcm\u00fcze sanatta kullan\u0131lan sembollerin zengin kavram d\u00fcnyas\u0131n\u0131 ay\u0131rt edip anlamay\u0131 ama\u00e7layan pratik bir giri\u015f kitab\u0131d\u0131r. Farkl\u0131 k\u00fclt\u00fcrlerin belli ba\u015fl\u0131 sembollerinin anlamlar\u0131n\u0131,<span class=\"excerpt-hellip\"> [\u2026]<\/span><\/p>\n","protected":false},"featured_media":0,"template":"","meta":{"_monsterinsights_skip_tracking":false,"_monsterinsights_sitenote_active":false,"_monsterinsights_sitenote_note":"","_monsterinsights_sitenote_category":0},"product_brand":[],"product_cat":[13772,12364],"product_tag":[],"class_list":{"0":"post-784639","1":"product","2":"type-product","3":"status-publish","5":"product_cat-basvuru-kitaplari","6":"product_cat-genel-konular","7":"pa_cilt-ciltsiz","8":"pa_tur-kitap","9":"pa_yayinevi-alfa-yayinlari","10":"pa_yazar-clare-gibson","12":"first","13":"instock","14":"sale","15":"shipping-taxable","16":"purchasable","17":"product-type-simple"},"_links":{"self":[{"href":"https:\/\/roveyayinevi.com.tr\/index.php\/wp-json\/wp\/v2\/product\/784639","targetHints":{"allow":["GET"]}}],"collection":[{"href":"https:\/\/roveyayinevi.com.tr\/index.php\/wp-json\/wp\/v2\/product"}],"about":[{"href":"https:\/\/roveyayinevi.com.tr\/index.php\/wp-json\/wp\/v2\/types\/product"}],"wp:attachment":[{"href":"https:\/\/roveyayinevi.com.tr\/index.php\/wp-json\/wp\/v2\/media?parent=784639"}],"wp:term":[{"taxonomy":"product_brand","embeddable":true,"href":"https:\/\/roveyayinevi.com.tr\/index.php\/wp-json\/wp\/v2\/product_brand?post=784639"},{"taxonomy":"product_cat","embeddable":true,"href":"https:\/\/roveyayinevi.com.tr\/index.php\/wp-json\/wp\/v2\/product_cat?post=784639"},{"taxonomy":"product_tag","embeddable":true,"href":"https:\/\/roveyayinevi.com.tr\/index.php\/wp-json\/wp\/v2\/product_tag?post=784639"}],"curies":[{"name":"wp","href":"https:\/\/api.w.org\/{rel}","templated":true}]}}