{"id":784638,"date":"2026-03-12T03:13:07","date_gmt":"2026-03-12T00:13:07","guid":{"rendered":"https:\/\/roveyayinevi.com.tr\/index.php\/urun\/evler-nasil-okunur\/"},"modified":"2026-04-16T03:04:50","modified_gmt":"2026-04-16T00:04:50","slug":"evler-nasil-okunur","status":"publish","type":"product","link":"https:\/\/roveyayinevi.com.tr\/index.php\/urun\/evler-nasil-okunur\/","title":{"rendered":"Evler Nas\u0131l Okunur?"},"content":{"rendered":"<p>Elinizdeki bu kitap, Tudor ah\u015fap iskeletlerden ger\u00e7ekten al\u0131\u015f\u0131lmad\u0131k olana kadar \u00e7a\u011f\u0131n yerini, modas\u0131n\u0131 ve teknolojik maharetini yans\u0131tan ev mimarisinin \u00e7e\u015fitlili\u011fini tan\u0131ma ve takdir etme konusunda i\u00e7eriden birinin sundu\u011fu rehberdir. Gezilerinizde yan\u0131n\u0131zda ta\u015f\u0131yacak kadar k\u00fc\u00e7\u00fck ama ger\u00e7ek \u00f6rneklerle ger\u00e7ek yan\u0131tlar verecek kadar kapsaml\u0131 bu kullan\u0131\u015fl\u0131 ba\u015fvuru k\u0131lavuzu: \u25a0             Herhangi bir evin stilini ve tarihsel ba\u011flam\u0131n\u0131 tan\u0131mlayan g\u00f6rsel ipu\u00e7lar\u0131yla birlikte mimari s\u00f6z da\u011farc\u0131\u011f\u0131n\u0131n anla\u015f\u0131lmas\u0131n\u0131 sa\u011flar. \u25a0             Kilometre ta\u015f\u0131 niteli\u011finde evlere yap\u0131lan ziyaretlerin de\u011ferini art\u0131r\u0131r ve kendi evinizin ya da b\u00f6lgenizin mimarisini ke\u015ffetmenin temellerini atar. \u25a0             Bir evin ana mimari stillerini, malzemelerini ve bile\u015fenlerini, klasik \u00f6rneklerin foto\u011fraflar\u0131yla, g\u00fczel \u00e7izimleriyle ve i\u00e7ten bir uzman\u0131n s\u00f6zleriyle ara\u015ft\u0131r\u0131r.<\/p>\n","protected":false},"excerpt":{"rendered":"<p>Elinizdeki bu kitap, Tudor ah\u015fap iskeletlerden ger\u00e7ekten al\u0131\u015f\u0131lmad\u0131k olana kadar \u00e7a\u011f\u0131n yerini, modas\u0131n\u0131 ve teknolojik maharetini yans\u0131tan ev mimarisinin \u00e7e\u015fitlili\u011fini tan\u0131ma ve takdir etme konusunda i\u00e7eriden<span class=\"excerpt-hellip\"> [\u2026]<\/span><\/p>\n","protected":false},"featured_media":0,"template":"","meta":{"_monsterinsights_skip_tracking":false,"_monsterinsights_sitenote_active":false,"_monsterinsights_sitenote_note":"","_monsterinsights_sitenote_category":0},"product_brand":[],"product_cat":[13772,12364],"product_tag":[],"class_list":{"0":"post-784638","1":"product","2":"type-product","3":"status-publish","5":"product_cat-basvuru-kitaplari","6":"product_cat-genel-konular","7":"pa_cilt-ciltsiz","8":"pa_tur-kitap","9":"pa_yayinevi-alfa-yayinlari","10":"pa_yazar-will-jones","12":"first","13":"instock","14":"sale","15":"shipping-taxable","16":"purchasable","17":"product-type-simple"},"_links":{"self":[{"href":"https:\/\/roveyayinevi.com.tr\/index.php\/wp-json\/wp\/v2\/product\/784638","targetHints":{"allow":["GET"]}}],"collection":[{"href":"https:\/\/roveyayinevi.com.tr\/index.php\/wp-json\/wp\/v2\/product"}],"about":[{"href":"https:\/\/roveyayinevi.com.tr\/index.php\/wp-json\/wp\/v2\/types\/product"}],"wp:attachment":[{"href":"https:\/\/roveyayinevi.com.tr\/index.php\/wp-json\/wp\/v2\/media?parent=784638"}],"wp:term":[{"taxonomy":"product_brand","embeddable":true,"href":"https:\/\/roveyayinevi.com.tr\/index.php\/wp-json\/wp\/v2\/product_brand?post=784638"},{"taxonomy":"product_cat","embeddable":true,"href":"https:\/\/roveyayinevi.com.tr\/index.php\/wp-json\/wp\/v2\/product_cat?post=784638"},{"taxonomy":"product_tag","embeddable":true,"href":"https:\/\/roveyayinevi.com.tr\/index.php\/wp-json\/wp\/v2\/product_tag?post=784638"}],"curies":[{"name":"wp","href":"https:\/\/api.w.org\/{rel}","templated":true}]}}