{"id":784637,"date":"2026-03-12T03:13:06","date_gmt":"2026-03-12T00:13:06","guid":{"rendered":"https:\/\/roveyayinevi.com.tr\/index.php\/urun\/modern-binalar-nasil-okunur\/"},"modified":"2026-04-16T03:04:50","modified_gmt":"2026-04-16T00:04:50","slug":"modern-binalar-nasil-okunur","status":"publish","type":"product","link":"https:\/\/roveyayinevi.com.tr\/index.php\/urun\/modern-binalar-nasil-okunur\/","title":{"rendered":"Modern Binalar Nas\u0131l Okunur?"},"content":{"rendered":"<p>Elinizdeki bu kitap, modern \u00e7a\u011f\u0131n mimarisini anlamak ve takdir etmek i\u00e7in ba\u015fvurabilece\u011finiz pratik bir rehberdir. Ayr\u0131nt\u0131l\u0131 \u00e7izimler, planlar ve foto\u011fraflarla dolu olan bu kitap hem b\u00fcy\u00fcleyici bir mimarl\u0131k tarihi hem de etkili bir g\u00f6rsel rehberdir. Modern tasar\u0131m ve mimariye ilgi duyan herkesin mutlaka okumas\u0131 gereken bir kitapt\u0131r. Cebinizde ta\u015f\u0131yabilece\u011finiz kadar kompakt, ancak derinlikli bir anlay\u0131\u015f kazand\u0131racak kadar ciddi olan kullan\u0131\u015fl\u0131 bir kaynakt\u0131r: \u25a0             Modern mimarinin t\u00fcm ak\u0131mlar\u0131 i\u00e7in temel bir g\u00f6rsel da\u011farc\u0131k sa\u011flar. \u25a0             Farkl\u0131 modern binalar\u0131n neden bu \u015fekilde g\u00f6r\u00fcnd\u00fcklerinin stilistik ve teknolojik nedenlerini kolay anla\u015f\u0131l\u0131r terimlerle a\u00e7\u0131klar. \u25a0             Modern mimari \u00e7evreye ilgi duyan herkes i\u00e7in g\u00f6rsel bir kaynak olu\u015fturacak ill\u00fcstrasyonlar i\u00e7erir. <\/p>\n","protected":false},"excerpt":{"rendered":"<p>Elinizdeki bu kitap, modern \u00e7a\u011f\u0131n mimarisini anlamak ve takdir etmek i\u00e7in ba\u015fvurabilece\u011finiz pratik bir rehberdir. Ayr\u0131nt\u0131l\u0131 \u00e7izimler, planlar ve foto\u011fraflarla dolu olan bu kitap hem b\u00fcy\u00fcleyici<span class=\"excerpt-hellip\"> [\u2026]<\/span><\/p>\n","protected":false},"featured_media":0,"template":"","meta":{"_monsterinsights_skip_tracking":false,"_monsterinsights_sitenote_active":false,"_monsterinsights_sitenote_note":"","_monsterinsights_sitenote_category":0},"product_brand":[],"product_cat":[13772,12364],"product_tag":[],"class_list":{"0":"post-784637","1":"product","2":"type-product","3":"status-publish","5":"product_cat-basvuru-kitaplari","6":"product_cat-genel-konular","7":"pa_cilt-ciltsiz","8":"pa_tur-kitap","9":"pa_yayinevi-alfa-yayinlari","10":"pa_yazar-will-jones","12":"first","13":"instock","14":"sale","15":"shipping-taxable","16":"purchasable","17":"product-type-simple"},"_links":{"self":[{"href":"https:\/\/roveyayinevi.com.tr\/index.php\/wp-json\/wp\/v2\/product\/784637","targetHints":{"allow":["GET"]}}],"collection":[{"href":"https:\/\/roveyayinevi.com.tr\/index.php\/wp-json\/wp\/v2\/product"}],"about":[{"href":"https:\/\/roveyayinevi.com.tr\/index.php\/wp-json\/wp\/v2\/types\/product"}],"wp:attachment":[{"href":"https:\/\/roveyayinevi.com.tr\/index.php\/wp-json\/wp\/v2\/media?parent=784637"}],"wp:term":[{"taxonomy":"product_brand","embeddable":true,"href":"https:\/\/roveyayinevi.com.tr\/index.php\/wp-json\/wp\/v2\/product_brand?post=784637"},{"taxonomy":"product_cat","embeddable":true,"href":"https:\/\/roveyayinevi.com.tr\/index.php\/wp-json\/wp\/v2\/product_cat?post=784637"},{"taxonomy":"product_tag","embeddable":true,"href":"https:\/\/roveyayinevi.com.tr\/index.php\/wp-json\/wp\/v2\/product_tag?post=784637"}],"curies":[{"name":"wp","href":"https:\/\/api.w.org\/{rel}","templated":true}]}}