{"id":784635,"date":"2026-03-12T02:53:54","date_gmt":"2026-03-11T23:53:54","guid":{"rendered":"https:\/\/roveyayinevi.com.tr\/index.php\/urun\/hayat-hanim\/"},"modified":"2026-03-12T02:53:54","modified_gmt":"2026-03-11T23:53:54","slug":"hayat-hanim","status":"publish","type":"product","link":"https:\/\/roveyayinevi.com.tr\/index.php\/urun\/hayat-hanim\/","title":{"rendered":"Hayat Han\u0131m"},"content":{"rendered":"<p>\u201c\u0130stedi\u011fi her \u015feyi b\u00fcy\u00fck bir tutkuyla istiyordu: Bir lambay\u0131, oynak bir \u015fark\u0131yla dans etmeyi, beni, bir \u015feftaliyi, sevi\u015fmeyi, lezzetli bir yeme\u011fi&#8230; Ama tutkuyla istedi\u011fi her \u015feyden o tutku kadar g\u00fc\u00e7l\u00fc bir ald\u0131rmazl\u0131kla vazge\u00e7ebilece\u011fini de hissediyordum. Her \u015feyi isteme hakk\u0131na, her \u015feyden vazge\u00e7me g\u00fcc\u00fcne sahipmi\u015f gibi davran\u0131yordu. San\u0131r\u0131m isteklerindeki do\u011fal s\u0131n\u0131rs\u0131zl\u0131k, vazge\u00e7ebilece\u011fine olan b\u00fcy\u00fck inanc\u0131ndan kaynaklan\u0131yordu. Vazge\u00e7ebilece\u011fine olan inanc\u0131n\u0131 kaybetti\u011finde istemekten de vazge\u00e7ecekti.\u201d   Ahmet Altan\u2019\u0131n \u201cO benim sevdi\u011fim kad\u0131n\u201d dedi\u011fi Hayat Han\u0131m hapishanede do\u011fdu ve \u015fimdiden edebiyat tarihinin unutulmaz karakterleri aras\u0131na girmeye aday.   Avrupal\u0131 ele\u015ftirmenlerin b\u00fcy\u00fck \u00f6vg\u00fcs\u00fcn\u00fc toplayan, 2021 Femina Yabanc\u0131 Roman \u00d6d\u00fcl\u00fc ile 2021 Transfuge En \u0130yi Avrupa Roman\u0131 \u00d6d\u00fcl\u00fc\u2019n\u00fc kazanan Hayat Han\u0131m, sizi bu ola\u011fan\u00fcst\u00fc kad\u0131nla tan\u0131\u015ft\u0131rmakla kalmayacak, her \u015feyin \u00e7\u00fcr\u00fcd\u00fc\u011f\u00fc bir toplumda hayata tutunmaya \u00e7al\u0131\u015fan insanlar\u0131n m\u00fccadelesine de ortak edecek.   Herkesin lunaparklardaki at\u0131\u015f poligonlar\u0131nda duran kukla hedefler gibi bir vuru\u015fla devrilip kaybolma ihtimaliyle ya\u015fad\u0131\u011f\u0131 g\u00fcnlerde, a\u015fk\u0131n d\u00f6n\u00fc\u015ft\u00fcr\u00fcc\u00fc g\u00fcc\u00fcne yeniden inanacaks\u0131n\u0131z. <\/p>\n","protected":false},"excerpt":{"rendered":"<p>\u201c\u0130stedi\u011fi her \u015feyi b\u00fcy\u00fck bir tutkuyla istiyordu: Bir lambay\u0131, oynak bir \u015fark\u0131yla dans etmeyi, beni, bir \u015feftaliyi, sevi\u015fmeyi, lezzetli bir yeme\u011fi&#8230; Ama tutkuyla istedi\u011fi her \u015feyden<span class=\"excerpt-hellip\"> [\u2026]<\/span><\/p>\n","protected":false},"featured_media":0,"template":"","meta":{"_monsterinsights_skip_tracking":false,"_monsterinsights_sitenote_active":false,"_monsterinsights_sitenote_note":"","_monsterinsights_sitenote_category":0},"product_brand":[],"product_cat":[12291,12711],"product_tag":[],"class_list":{"0":"post-784635","1":"product","2":"type-product","3":"status-publish","5":"product_cat-edebiyat","6":"product_cat-roman-oyku","7":"pa_cilt-ciltsiz","8":"pa_tur-kitap","9":"pa_yayinevi-everest-yayinlari","10":"pa_yazar-ahmet-altan","12":"first","13":"instock","14":"sale","15":"shipping-taxable","16":"purchasable","17":"product-type-simple"},"_links":{"self":[{"href":"https:\/\/roveyayinevi.com.tr\/index.php\/wp-json\/wp\/v2\/product\/784635","targetHints":{"allow":["GET"]}}],"collection":[{"href":"https:\/\/roveyayinevi.com.tr\/index.php\/wp-json\/wp\/v2\/product"}],"about":[{"href":"https:\/\/roveyayinevi.com.tr\/index.php\/wp-json\/wp\/v2\/types\/product"}],"wp:attachment":[{"href":"https:\/\/roveyayinevi.com.tr\/index.php\/wp-json\/wp\/v2\/media?parent=784635"}],"wp:term":[{"taxonomy":"product_brand","embeddable":true,"href":"https:\/\/roveyayinevi.com.tr\/index.php\/wp-json\/wp\/v2\/product_brand?post=784635"},{"taxonomy":"product_cat","embeddable":true,"href":"https:\/\/roveyayinevi.com.tr\/index.php\/wp-json\/wp\/v2\/product_cat?post=784635"},{"taxonomy":"product_tag","embeddable":true,"href":"https:\/\/roveyayinevi.com.tr\/index.php\/wp-json\/wp\/v2\/product_tag?post=784635"}],"curies":[{"name":"wp","href":"https:\/\/api.w.org\/{rel}","templated":true}]}}