{"id":784633,"date":"2026-03-12T02:47:53","date_gmt":"2026-03-11T23:47:53","guid":{"rendered":"https:\/\/roveyayinevi.com.tr\/index.php\/urun\/siyaset-bilimi-10\/"},"modified":"2026-04-16T02:37:15","modified_gmt":"2026-04-15T23:37:15","slug":"siyaset-bilimi-10","status":"publish","type":"product","link":"https:\/\/roveyayinevi.com.tr\/index.php\/urun\/siyaset-bilimi-10\/","title":{"rendered":"Siyaset Bilimi"},"content":{"rendered":"<p>Bu \u00e7al\u0131\u015fmada siyasetin temel konular\u0131n\u0131, kurumlar\u0131n\u0131, sorunlar\u0131n\u0131 ve ideolojilerini, kaynaklara istinaden, inceleme ve ara\u015ft\u0131rmalar ba\u011flam\u0131nda analiz etmektedir. \u00c7al\u0131\u015fman\u0131n birinci b\u00f6l\u00fcm\u00fcnde siyasetin temel konular\u0131 be\u015f ba\u015fl\u0131kta incelenmi\u015ftir: Siyasetin tan\u0131m\u0131 ve \u00f6zellikleri, yasama ve y\u00fcr\u00fctme, devlet ve ekonomi, siyasal de\u011fi\u015fim ve \u015fiddet. Bu son ba\u015fl\u0131kta \u00f6zellikle devrimin ve darbelerin ele\u015ftirisi \u00fczerinde durulmu\u015ftur. \u0130kinci b\u00f6l\u00fcmde, \u00e7a\u011f\u0131m\u0131z\u0131n evrensel bir de\u011feri olan demokrasi konusu \u00fczerine ayr\u0131nt\u0131l\u0131 bir \u015fekilde durulmu\u015ftur. \u00dc\u00e7\u00fcnc\u00fc b\u00f6l\u00fcmde hukuk ve hukuk sistemleri, anayasa ve insan haklar\u0131, yarg\u0131 ve yarg\u0131 sistemleri ele al\u0131nm\u0131\u015ft\u0131r. Yarg\u0131 ve siyaset ile \u00f6zg\u00fcrl\u00fck ve hukuk, bu b\u00f6l\u00fcm\u00fcn \u00f6zg\u00fcn konular\u0131ndand\u0131r. D\u00f6rd\u00fcnc\u00fc b\u00f6l\u00fcm \u00e7al\u0131\u015fman\u0131n hacim a\u00e7\u0131s\u0131ndan ikinci en geni\u015f b\u00f6l\u00fcm\u00fcd\u00fcr. Bu b\u00f6l\u00fcmde \u00f6ncelikle \u00fc\u00e7 temel ideoloji \u00fczerinde durulmu\u015ftur: Liberalizm, sosyalizm ve muhafazak\u00e2rl\u0131k. Bu \u00fc\u00e7 ideoloji didaktik bir ba\u011flamda anlat\u0131ld\u0131ktan sonra, \u00f6nemine binaen, klasik liberalizm ve klasik muhafazak\u00e2rl\u0131\u011f\u0131n temel ilkeleri analiz edilmi\u015ftir. Son b\u00f6l\u00fcmde siyasal sistemlerde g\u00f6r\u00fclen iki temel soruna dikkat \u00e7ekilmektedir. \u0130lki siyasal sistem ve kamu \u00f6rg\u00fctleri aras\u0131ndaki ili\u015fkiler ba\u011flam\u0131nda ortaya \u00e7\u0131kan sorunlar, ikinci ise siyasal yozla\u015fma ve yolsuzluk sorunudur. Ayr\u0131ca kitapta bu sorunlar hakk\u0131nda \u00e7\u00f6z\u00fcm \u00f6nerileri de sunulmu\u015ftur\u2026 <\/p>\n","protected":false},"excerpt":{"rendered":"<p>Bu \u00e7al\u0131\u015fmada siyasetin temel konular\u0131n\u0131, kurumlar\u0131n\u0131, sorunlar\u0131n\u0131 ve ideolojilerini, kaynaklara istinaden, inceleme ve ara\u015ft\u0131rmalar ba\u011flam\u0131nda analiz etmektedir. \u00c7al\u0131\u015fman\u0131n birinci b\u00f6l\u00fcm\u00fcnde siyasetin temel konular\u0131 be\u015f ba\u015fl\u0131kta incelenmi\u015ftir:<span class=\"excerpt-hellip\"> [\u2026]<\/span><\/p>\n","protected":false},"featured_media":0,"template":"","meta":{"_monsterinsights_skip_tracking":false,"_monsterinsights_sitenote_active":false,"_monsterinsights_sitenote_note":"","_monsterinsights_sitenote_category":0},"product_brand":[],"product_cat":[12337,14706],"product_tag":[],"class_list":{"0":"post-784633","1":"product","2":"type-product","3":"status-publish","5":"product_cat-politika-siyaset","6":"product_cat-siyaset-bilimi","7":"pa_cilt-ciltsiz","8":"pa_tur-kitap","9":"pa_yayinevi-kadim-yayinlari-ders-kitaplari","10":"pa_yazar-cemal-fedayi","12":"first","13":"instock","14":"sale","15":"shipping-taxable","16":"purchasable","17":"product-type-simple"},"_links":{"self":[{"href":"https:\/\/roveyayinevi.com.tr\/index.php\/wp-json\/wp\/v2\/product\/784633","targetHints":{"allow":["GET"]}}],"collection":[{"href":"https:\/\/roveyayinevi.com.tr\/index.php\/wp-json\/wp\/v2\/product"}],"about":[{"href":"https:\/\/roveyayinevi.com.tr\/index.php\/wp-json\/wp\/v2\/types\/product"}],"wp:attachment":[{"href":"https:\/\/roveyayinevi.com.tr\/index.php\/wp-json\/wp\/v2\/media?parent=784633"}],"wp:term":[{"taxonomy":"product_brand","embeddable":true,"href":"https:\/\/roveyayinevi.com.tr\/index.php\/wp-json\/wp\/v2\/product_brand?post=784633"},{"taxonomy":"product_cat","embeddable":true,"href":"https:\/\/roveyayinevi.com.tr\/index.php\/wp-json\/wp\/v2\/product_cat?post=784633"},{"taxonomy":"product_tag","embeddable":true,"href":"https:\/\/roveyayinevi.com.tr\/index.php\/wp-json\/wp\/v2\/product_tag?post=784633"}],"curies":[{"name":"wp","href":"https:\/\/api.w.org\/{rel}","templated":true}]}}