{"id":784632,"date":"2026-03-12T02:47:44","date_gmt":"2026-03-11T23:47:44","guid":{"rendered":"https:\/\/roveyayinevi.com.tr\/index.php\/urun\/kraliyet-suikastcisi-farseer-uclemesi-2-ciltli\/"},"modified":"2026-04-16T02:37:09","modified_gmt":"2026-04-15T23:37:09","slug":"kraliyet-suikastcisi-farseer-uclemesi-2-ciltli","status":"publish","type":"product","link":"https:\/\/roveyayinevi.com.tr\/index.php\/urun\/kraliyet-suikastcisi-farseer-uclemesi-2-ciltli\/","title":{"rendered":"Kraliyet  Suikast\u00e7isi &#8211; Farseer \u00dc\u00e7lemesi 2 (Ciltli)"},"content":{"rendered":"<p>Robin Hobb fantezi t\u00fcr\u00fcn\u00fc zekice ve \u015fa\u015f\u0131rt\u0131c\u0131 y\u00f6ntemlerle yeniden canland\u0131rmaya devam ediyor.\u201d  \u2014Locus \u201cFarseer efsanesi \u00e7ok b\u00fcy\u00fck bir eser, epik fantezi t\u00fcr\u00fcn\u00fc sevenler mutlaka okumal\u0131.\u201d \u2014Sense of Wonder Robin Hobb bilimkurgu ve fantastik kurgu tarz\u0131nda yazd\u0131\u011f\u0131 kitaplarla fantastik edebiyat\u0131n en pop\u00fcler isimlerinden biri haline geldi. Kitaplar\u0131 t\u00fcm d\u00fcnyada milyonlarca satt\u0131. Assassin\u2019s Fate adl\u0131 kitab\u0131 2018\u2019de en iyi fantezi roman dal\u0131nda Legend \u00d6d\u00fcl\u00fcn\u00fc kazand\u0131. 2016\u2019da Fool&#8217;s Assassin ve 2018\u2019de Fool&#8217;s Quest en iyi fantezi kitab\u0131 dal\u0131nda Geffen \u00d6d\u00fcl\u00fcne lay\u0131k g\u00f6r\u00fcld\u00fc. Farseer \u00dc\u00e7lemesi, Alt\u0131 D\u00fckal\u0131kta iyi e\u011fitimli bir suikast\u00e7\u0131 olan Fitz Chivalry Farseer\u2019\u0131n hayat\u0131n\u0131 anlat\u0131r. Amcas\u0131 Prens Verity, krall\u0131\u011f\u0131n k\u0131y\u0131lar\u0131na sald\u0131ran ve Alt\u0131 D\u00fckal\u0131k halk\u0131n\u0131 zombilere d\u00f6n\u00fc\u015ft\u00fcren Outlslands\u2019daki K\u0131z\u0131l Gemi Ak\u0131nc\u0131lar\u0131na kar\u015f\u0131 sava\u015f a\u00e7maya haz\u0131rlan\u0131r. Bu s\u0131rada Prens Regal\u2019\u0131n k\u0131skan\u00e7l\u0131\u011f\u0131 ve bencil istekleri Alt\u0131 D\u00fckal\u0131\u011f\u0131 tehlikeye atar. Suikast\u00e7\u0131n\u0131n \u00c7\u0131ra\u011f\u0131, Kraliyet Suikast\u00e7\u0131s\u0131 ve Suikast\u00e7\u0131n\u0131n Aray\u0131\u015f\u0131 b\u00fcy\u00fc, entrika ve macera dolu bir \u00fc\u00e7leme. <\/p>\n","protected":false},"excerpt":{"rendered":"<p>Robin Hobb fantezi t\u00fcr\u00fcn\u00fc zekice ve \u015fa\u015f\u0131rt\u0131c\u0131 y\u00f6ntemlerle yeniden canland\u0131rmaya devam ediyor.\u201d \u2014Locus \u201cFarseer efsanesi \u00e7ok b\u00fcy\u00fck bir eser, epik fantezi t\u00fcr\u00fcn\u00fc sevenler mutlaka okumal\u0131.\u201d \u2014Sense<span class=\"excerpt-hellip\"> [\u2026]<\/span><\/p>\n","protected":false},"featured_media":0,"template":"","meta":{"_monsterinsights_skip_tracking":false,"_monsterinsights_sitenote_active":false,"_monsterinsights_sitenote_note":"","_monsterinsights_sitenote_category":0},"product_brand":[],"product_cat":[12291,12711],"product_tag":[],"class_list":{"0":"post-784632","1":"product","2":"type-product","3":"status-publish","5":"product_cat-edebiyat","6":"product_cat-roman-oyku","7":"pa_cilt-ciltli","8":"pa_tur-kitap","9":"pa_yayinevi-alfa-yayinlari","10":"pa_yazar-robin-hobb","12":"first","13":"instock","14":"sale","15":"shipping-taxable","16":"purchasable","17":"product-type-simple"},"_links":{"self":[{"href":"https:\/\/roveyayinevi.com.tr\/index.php\/wp-json\/wp\/v2\/product\/784632","targetHints":{"allow":["GET"]}}],"collection":[{"href":"https:\/\/roveyayinevi.com.tr\/index.php\/wp-json\/wp\/v2\/product"}],"about":[{"href":"https:\/\/roveyayinevi.com.tr\/index.php\/wp-json\/wp\/v2\/types\/product"}],"wp:attachment":[{"href":"https:\/\/roveyayinevi.com.tr\/index.php\/wp-json\/wp\/v2\/media?parent=784632"}],"wp:term":[{"taxonomy":"product_brand","embeddable":true,"href":"https:\/\/roveyayinevi.com.tr\/index.php\/wp-json\/wp\/v2\/product_brand?post=784632"},{"taxonomy":"product_cat","embeddable":true,"href":"https:\/\/roveyayinevi.com.tr\/index.php\/wp-json\/wp\/v2\/product_cat?post=784632"},{"taxonomy":"product_tag","embeddable":true,"href":"https:\/\/roveyayinevi.com.tr\/index.php\/wp-json\/wp\/v2\/product_tag?post=784632"}],"curies":[{"name":"wp","href":"https:\/\/api.w.org\/{rel}","templated":true}]}}