{"id":784630,"date":"2026-03-12T02:37:31","date_gmt":"2026-03-11T23:37:31","guid":{"rendered":"https:\/\/roveyayinevi.com.tr\/index.php\/urun\/tesadufi-buluslar\/"},"modified":"2026-04-16T02:28:37","modified_gmt":"2026-04-15T23:28:37","slug":"tesadufi-buluslar","status":"publish","type":"product","link":"https:\/\/roveyayinevi.com.tr\/index.php\/urun\/tesadufi-buluslar\/","title":{"rendered":"Tesad\u00fcfi Bulu\u015flar"},"content":{"rendered":"<p>\u201cKimi zaman beni alaya alarak \u015f\u00f6yle derler: Sevin\u00e7, \u0131st\u0131rap, \u00f6fke, nefret hayk\u0131r\u0131\u015flar\u0131 olmayan bir d\u00fcnya m\u0131 istiyorsun? Evet, tam olarak iste\u011fim budur, diye yan\u0131tl\u0131yorum. Art\u0131k t\u00fcm gezegende, ba\u011f\u0131rmak, \u00f6zellikle de ac\u0131 hayk\u0131r\u0131\u015flar i\u00e7in bir neden olmas\u0131n istiyorum. Al\u00e7ak sesleri, ince heyecanlar\u0131, zarif serzeni\u015fleri seviyorum.\u201dTesad\u00fcfi Bulu\u015flar, aralar\u0131nda t\u00fcm d\u00fcnyada \u00e7ok okunan Benim Ola\u011fan\u00fcst\u00fc Ak\u0131ll\u0131 Arkada\u015f\u0131m\u2019\u0131n da bulundu\u011fu bir\u00e7ok roman\u0131n yazar\u0131 Elena Ferrante\u2019nin bir y\u0131l boyunca The Guardian i\u00e7in kaleme ald\u0131\u011f\u0131 yaz\u0131lardan olu\u015fuyor. Uzun bir sohbeti and\u0131ran bu yaz\u0131lar ilk a\u015fktan iklim krizine, kad\u0131nlar aras\u0131ndaki d\u00fc\u015fmanl\u0131ktan romanlar\u0131n filme uyarlanmas\u0131na kadar geni\u015f bir \u00e7er\u00e7eveye sahip. \u201cRoman yazar\u0131 rol\u00fcm\u00fcn i\u00e7inde kalarak yazd\u0131m ve ger\u00e7ekten y\u00fcre\u011fimde \u00f6nemli yeri olan sorunlarla y\u00fczle\u015ftim, e\u011fer arzum ve zaman\u0131m olursa bu konular\u0131 roman bi\u00e7iminde geli\u015ftirmek isterim,\u201d diye son veriyor Ferrante bu farkl\u0131 yazarl\u0131k ser\u00fcvenine. Yani bu metinlerde t\u00fcm d\u00fcnyada \u00e7ok sevilen ve New York Times\u2019\u0131n \u201cg\u00fcn\u00fcm\u00fcz\u00fcn en b\u00fcy\u00fck yazarlar\u0131ndan\u201d diye niteledi\u011fi bir yazar\u0131n d\u00fc\u015f\u00fcncelerini, zihnini en fazla me\u015fgul eden konular\u0131 ve olas\u0131 romanlar\u0131n\u0131n tohumlar\u0131n\u0131 buluyoruz. Ferrante okurlar\u0131n\u0131n ve deneme severlerin \u00e7ok keyif alacaklar\u0131 bu yaz\u0131lar\u0131 Andrea Ucini\u2019nin zek\u00e2 dolu, esprili ill\u00fcstrasyonlar\u0131n\u0131n ve Ferrante\u2019nin \u00f6ns\u00f6z\u00fcn\u00fcn yer ald\u0131\u011f\u0131 \u00f6zel bir bask\u0131yla sunuyoruz. <\/p>\n","protected":false},"excerpt":{"rendered":"<p>\u201cKimi zaman beni alaya alarak \u015f\u00f6yle derler: Sevin\u00e7, \u0131st\u0131rap, \u00f6fke, nefret hayk\u0131r\u0131\u015flar\u0131 olmayan bir d\u00fcnya m\u0131 istiyorsun? Evet, tam olarak iste\u011fim budur, diye yan\u0131tl\u0131yorum. Art\u0131k t\u00fcm<span class=\"excerpt-hellip\"> [\u2026]<\/span><\/p>\n","protected":false},"featured_media":0,"template":"","meta":{"_monsterinsights_skip_tracking":false,"_monsterinsights_sitenote_active":false,"_monsterinsights_sitenote_note":"","_monsterinsights_sitenote_category":0},"product_brand":[],"product_cat":[12777,12291],"product_tag":[],"class_list":{"0":"post-784630","1":"product","2":"type-product","3":"status-publish","5":"product_cat-deneme","6":"product_cat-edebiyat","7":"pa_cilt-ciltsiz","8":"pa_tur-kitap","9":"pa_yayinevi-everest-yayinlari","10":"pa_yazar-elena-ferrante","12":"first","13":"instock","14":"sale","15":"shipping-taxable","16":"purchasable","17":"product-type-simple"},"_links":{"self":[{"href":"https:\/\/roveyayinevi.com.tr\/index.php\/wp-json\/wp\/v2\/product\/784630","targetHints":{"allow":["GET"]}}],"collection":[{"href":"https:\/\/roveyayinevi.com.tr\/index.php\/wp-json\/wp\/v2\/product"}],"about":[{"href":"https:\/\/roveyayinevi.com.tr\/index.php\/wp-json\/wp\/v2\/types\/product"}],"wp:attachment":[{"href":"https:\/\/roveyayinevi.com.tr\/index.php\/wp-json\/wp\/v2\/media?parent=784630"}],"wp:term":[{"taxonomy":"product_brand","embeddable":true,"href":"https:\/\/roveyayinevi.com.tr\/index.php\/wp-json\/wp\/v2\/product_brand?post=784630"},{"taxonomy":"product_cat","embeddable":true,"href":"https:\/\/roveyayinevi.com.tr\/index.php\/wp-json\/wp\/v2\/product_cat?post=784630"},{"taxonomy":"product_tag","embeddable":true,"href":"https:\/\/roveyayinevi.com.tr\/index.php\/wp-json\/wp\/v2\/product_tag?post=784630"}],"curies":[{"name":"wp","href":"https:\/\/api.w.org\/{rel}","templated":true}]}}