{"id":784629,"date":"2026-03-12T02:27:48","date_gmt":"2026-03-11T23:27:48","guid":{"rendered":"https:\/\/roveyayinevi.com.tr\/index.php\/urun\/felaketzedeler-evi\/"},"modified":"2026-04-16T02:19:57","modified_gmt":"2026-04-15T23:19:57","slug":"felaketzedeler-evi","status":"publish","type":"product","link":"https:\/\/roveyayinevi.com.tr\/index.php\/urun\/felaketzedeler-evi\/","title":{"rendered":"Felaketzedeler Evi"},"content":{"rendered":"<p>K\u00fcba\u2019n\u0131n 47 ya\u015f\u0131nda intihar eden d\u00e2hi yazar\u0131 Guillermo Rosales\u2019in, a\u011f\u0131r bir \u015fizofreniden muzdarip oldu\u011fu g\u00fcnlerde kald\u0131\u011f\u0131 zamanlardakine benzeyen bir bak\u0131mevini anlatt\u0131\u011f\u0131 Felaketzedeler Evi\u2019nin ba\u015f karakteri William Figuares, \u2013yine tam da yazar gibi\u2013 K\u00fcba\u2019dan Miami\u2019ye gelmi\u015f s\u00fcrg\u00fcn bir yazard\u0131r. Ama halas\u0131, onu g\u00f6\u00e7menlerin \u00e7o\u011funlukta oldu\u011fu \u201cbak\u0131mevi\u201dne yerle\u015ftirince burada bamba\u015fka bir d\u00fcnya bulur: Tersine i\u015fleyen bir Amerikan r\u00fcyas\u0131. \u201cD\u0131\u015far\u0131da bak\u0131mevi diyorlard\u0131 oraya, ama mezar\u0131m olaca\u011f\u0131n\u0131 biliyordum ben,\u201d der William buras\u0131 i\u00e7in. \u201cHayattan umudunu kesmi\u015f insanlar\u0131n s\u0131\u011f\u0131nd\u0131\u011f\u0131, k\u0131y\u0131da k\u00f6\u015fede kalm\u0131\u015f bar\u0131naklardan biriydi. Ka\u00e7\u0131klar \u00e7o\u011funluktayd\u0131. Yapayaln\u0131z \u00f6ls\u00fcnler, kazananlar\u0131n ba\u015f\u0131na bela olmas\u0131nlar diye aileleri taraf\u0131ndan b\u0131rak\u0131lan ya\u015fl\u0131lar da vard\u0131.\u201dFelaketzedeler Evi\u2019nin sakinleri, yery\u00fcz\u00fcndeki ki\u015fisel felaketlerin cisimle\u015fmi\u015f \u00f6zetini sunarlar \u00e2deta. Fakat bir s\u00fcre sonra William, kendisi gibi bir felaketzede olan Francis\u2019le tan\u0131\u015f\u0131r. O g\u00fcne dek i\u00e7inde bir bo\u015fluk duygusu ve elinde \u0130ngiliz \u015fairlerin kitab\u0131yla ya\u015fay\u0131p giderken ruhunda bir umut filizlenir: Yeniden hayal kurup planlar yapmaya ve Beatles \u015fark\u0131lar\u0131 m\u0131r\u0131ldanmaya ba\u015flar.1987\u2019de Octavio Paz\u2019\u0131n oyuyla Letras de Oro Roman \u00d6d\u00fcl\u00fc\u2019n\u00fc kazanan ve bug\u00fcn K\u00fcba edebiyat\u0131n\u0131n k\u00fclt kitaplar\u0131ndan biri olarak kabul edilen Felaketzedeler Evi\u2019ni G\u00f6khan Aksay \u0130spanyolca asl\u0131ndan \u00e7evirdi.\u201cMuhtemelen bug\u00fcne kadar okudu\u011fum en kederli roman.\u201d \u2013Thomas McGonigle\u201cFelaketzedeler Evi, k\u0131rk y\u0131ll\u0131k K\u00fcba s\u00fcrg\u00fcn edebiyat\u0131n\u0131n e\u015fsiz bir \u00f6rne\u011fidir.\u201d\u2013Ivette Leyva Mart\u00ednez <\/p>\n","protected":false},"excerpt":{"rendered":"<p>K\u00fcba\u2019n\u0131n 47 ya\u015f\u0131nda intihar eden d\u00e2hi yazar\u0131 Guillermo Rosales\u2019in, a\u011f\u0131r bir \u015fizofreniden muzdarip oldu\u011fu g\u00fcnlerde kald\u0131\u011f\u0131 zamanlardakine benzeyen bir bak\u0131mevini anlatt\u0131\u011f\u0131 Felaketzedeler Evi\u2019nin ba\u015f karakteri William<span class=\"excerpt-hellip\"> [\u2026]<\/span><\/p>\n","protected":false},"featured_media":0,"template":"","meta":{"_monsterinsights_skip_tracking":false,"_monsterinsights_sitenote_active":false,"_monsterinsights_sitenote_note":"","_monsterinsights_sitenote_category":0},"product_brand":[],"product_cat":[12291,12711],"product_tag":[],"class_list":{"0":"post-784629","1":"product","2":"type-product","3":"status-publish","5":"product_cat-edebiyat","6":"product_cat-roman-oyku","7":"pa_cilt-ciltsiz","8":"pa_tur-kitap","9":"pa_yayinevi-jaguar-kitap","10":"pa_yazar-guillermo-rosales","12":"first","13":"instock","14":"sale","15":"shipping-taxable","16":"purchasable","17":"product-type-simple"},"_links":{"self":[{"href":"https:\/\/roveyayinevi.com.tr\/index.php\/wp-json\/wp\/v2\/product\/784629","targetHints":{"allow":["GET"]}}],"collection":[{"href":"https:\/\/roveyayinevi.com.tr\/index.php\/wp-json\/wp\/v2\/product"}],"about":[{"href":"https:\/\/roveyayinevi.com.tr\/index.php\/wp-json\/wp\/v2\/types\/product"}],"wp:attachment":[{"href":"https:\/\/roveyayinevi.com.tr\/index.php\/wp-json\/wp\/v2\/media?parent=784629"}],"wp:term":[{"taxonomy":"product_brand","embeddable":true,"href":"https:\/\/roveyayinevi.com.tr\/index.php\/wp-json\/wp\/v2\/product_brand?post=784629"},{"taxonomy":"product_cat","embeddable":true,"href":"https:\/\/roveyayinevi.com.tr\/index.php\/wp-json\/wp\/v2\/product_cat?post=784629"},{"taxonomy":"product_tag","embeddable":true,"href":"https:\/\/roveyayinevi.com.tr\/index.php\/wp-json\/wp\/v2\/product_tag?post=784629"}],"curies":[{"name":"wp","href":"https:\/\/api.w.org\/{rel}","templated":true}]}}