{"id":784628,"date":"2026-03-12T02:26:47","date_gmt":"2026-03-11T23:26:47","guid":{"rendered":"https:\/\/roveyayinevi.com.tr\/index.php\/urun\/fen-liseleri-icin-matematik-1-kumeler-kurami-1\/"},"modified":"2026-04-16T02:19:20","modified_gmt":"2026-04-15T23:19:20","slug":"fen-liseleri-icin-matematik-1-kumeler-kurami-1","status":"publish","type":"product","link":"https:\/\/roveyayinevi.com.tr\/index.php\/urun\/fen-liseleri-icin-matematik-1-kumeler-kurami-1\/","title":{"rendered":"Fen Liseleri i\u00e7in Matematik 1 (K\u00fcmeler Kuram\u0131 1)"},"content":{"rendered":"<p>Ali Nesin\u2019in heyecanla beklenen liselere y\u00f6nelik matematik ders kitab\u0131 bir dizinin ilk kitab\u0131 olarak art\u0131k elinizde. Ali Nesin bu diziyi temel bilimlerde ilerlemek isteyen merakl\u0131 fen lisesi \u00f6\u011frencileri i\u00e7in yazd\u0131\u011f\u0131n\u0131 belirtiyor. Elinizdeki kitapta modern matemati\u011fin temel dire\u011fi olan k\u00fcmelerle tan\u0131\u015facak, Ali Nesin\u2019in y\u0131llara yay\u0131lan bilgi birikimi ve e\u011fitmenlik deneyiminden s\u00fcz\u00fclen anlat\u0131m\u0131yla matemati\u011fe yepyeni bir ad\u0131m atacaks\u0131n\u0131z. Bu kitaplar yaln\u0131z merakl\u0131 fen liselilerinin de\u011fil, matemati\u011fi ger\u00e7ekten anlamak isteyen herkesin ba\u015fucu kitab\u0131 olacak. Okuyun, g\u00f6receksiniz. \ufffcTan\u0131t\u0131m Metni<\/p>\n","protected":false},"excerpt":{"rendered":"<p>Ali Nesin\u2019in heyecanla beklenen liselere y\u00f6nelik matematik ders kitab\u0131 bir dizinin ilk kitab\u0131 olarak art\u0131k elinizde. Ali Nesin bu diziyi temel bilimlerde ilerlemek isteyen merakl\u0131 fen<span class=\"excerpt-hellip\"> [\u2026]<\/span><\/p>\n","protected":false},"featured_media":0,"template":"","meta":{"_monsterinsights_skip_tracking":false,"_monsterinsights_sitenote_active":false,"_monsterinsights_sitenote_note":"","_monsterinsights_sitenote_category":0},"product_brand":[],"product_cat":[13005,16724],"product_tag":[],"class_list":{"0":"post-784628","1":"product","2":"type-product","3":"status-publish","5":"product_cat-bilim-muhendislik","6":"product_cat-matematik","7":"pa_cilt-ciltsiz","8":"pa_tur-kitap","9":"pa_yayinevi-nesin-matematik-koyu","10":"pa_yazar-ali-nesin","12":"first","13":"instock","14":"sale","15":"shipping-taxable","16":"purchasable","17":"product-type-simple"},"_links":{"self":[{"href":"https:\/\/roveyayinevi.com.tr\/index.php\/wp-json\/wp\/v2\/product\/784628","targetHints":{"allow":["GET"]}}],"collection":[{"href":"https:\/\/roveyayinevi.com.tr\/index.php\/wp-json\/wp\/v2\/product"}],"about":[{"href":"https:\/\/roveyayinevi.com.tr\/index.php\/wp-json\/wp\/v2\/types\/product"}],"wp:attachment":[{"href":"https:\/\/roveyayinevi.com.tr\/index.php\/wp-json\/wp\/v2\/media?parent=784628"}],"wp:term":[{"taxonomy":"product_brand","embeddable":true,"href":"https:\/\/roveyayinevi.com.tr\/index.php\/wp-json\/wp\/v2\/product_brand?post=784628"},{"taxonomy":"product_cat","embeddable":true,"href":"https:\/\/roveyayinevi.com.tr\/index.php\/wp-json\/wp\/v2\/product_cat?post=784628"},{"taxonomy":"product_tag","embeddable":true,"href":"https:\/\/roveyayinevi.com.tr\/index.php\/wp-json\/wp\/v2\/product_tag?post=784628"}],"curies":[{"name":"wp","href":"https:\/\/api.w.org\/{rel}","templated":true}]}}