{"id":784626,"date":"2026-03-12T02:18:57","date_gmt":"2026-03-11T23:18:57","guid":{"rendered":"https:\/\/roveyayinevi.com.tr\/index.php\/urun\/bir-hayat-bir-hayata-deger\/"},"modified":"2026-04-01T02:19:20","modified_gmt":"2026-03-31T23:19:20","slug":"bir-hayat-bir-hayata-deger","status":"publish","type":"product","link":"https:\/\/roveyayinevi.com.tr\/index.php\/urun\/bir-hayat-bir-hayata-deger\/","title":{"rendered":"Bir Hayat Bir Hayata De\u011fer"},"content":{"rendered":"<p>B\u00fcy\u00fck eserler yaratm\u0131\u015f olanlar\u0131n ve uzaktan k\u00fc\u00e7\u00fcc\u00fck g\u00f6z\u00fcken d\u00fcnyalar\u0131nda derin sars\u0131nt\u0131lar ya\u015fayan s\u0131radan kad\u0131nlar\u0131n a\u015fklar\u0131 ve ac\u0131lar\u0131 var bu kitapta. Bu kitab\u0131 okudu\u011funuzda sadece sanat ve bilim d\u00fcnyas\u0131n\u0131n g\u00f6r\u00fcnmeyen y\u00fcz\u00fcn\u00fc de\u011fil, kendinizden bile saklad\u0131\u011f\u0131n\u0131z duygular\u0131 bulacaks\u0131n\u0131z. Beethoven tek bir kad\u0131n\u0131 \u00e7ok sevdi hayat\u0131nda. Ona mektuplar yazd\u0131, onun i\u00e7in besteler yapt\u0131. Ad\u0131n\u0131 hi\u00e7 kimseye s\u00f6ylemedi. Kimse bilmedi onun sevdi\u011fi kad\u0131n\u0131n ad\u0131n\u0131. Juan Ramon Jimenez, kar\u0131s\u0131 Zenobia&#8217;ya \u00e2\u015f\u0131kt\u0131. Kar\u0131s\u0131 hastaland\u0131, \u00f6l\u00fcm d\u00f6\u015fe\u011fine d\u00fc\u015ft\u00fc. Nobel Edebiyat \u00d6d\u00fcl\u00fc&#8217;n\u00fc ald\u0131\u011f\u0131n\u0131, s\u0131rf Zenobia \u00f6lmeden \u00f6\u011frenebilsin diye Nobel Komitesi zaman\u0131ndan \u00f6nce a\u00e7\u0131klad\u0131. Zenobia \u00f6ld\u00fc sonra. Jimenez bir daha tek sat\u0131r yazmad\u0131.O\u011ful Alexander Dumas, pahal\u0131 bir fahi\u015feye \u00e2\u015f\u0131k olmu\u015ftu. Asl\u0131nda b\u00fct\u00fcn Paris bu veremli gen\u00e7 kad\u0131n\u0131n pe\u015findeydi. O kad\u0131n ise sadece Lizst&#8217;i sevdi. Onu terk eden tek erkek de Lizst oldu. O\u011ful Dumas, sevdi\u011fi kad\u0131n \u00f6l\u00fcnce Kamelyal\u0131 Kad\u0131n&#8217;\u0131 yazd\u0131. Verebilece\u011fi en b\u00fcy\u00fck arma\u011fan\u0131 verdi ona. D\u00fcnyan\u0131n en \u00fcnl\u00fc mimarlar\u0131ndan Louis Kahn, bencil ve \u00e7irkin bir erkekti. Bir tren istasyonunun tuvaletinde 74 ya\u015f\u0131nda \u00f6l\u00fc bulundu\u011funda, arkas\u0131nda kendisine \u00e2\u015f\u0131k \u00fc\u00e7 kad\u0131n b\u0131rakt\u0131. O\u011flu, babas\u0131 gibi birisini onlar\u0131n neden sevdiklerini merak edip o kad\u0131nlar\u0131 tek tek dola\u015ft\u0131. <\/p>\n","protected":false},"excerpt":{"rendered":"<p>B\u00fcy\u00fck eserler yaratm\u0131\u015f olanlar\u0131n ve uzaktan k\u00fc\u00e7\u00fcc\u00fck g\u00f6z\u00fcken d\u00fcnyalar\u0131nda derin sars\u0131nt\u0131lar ya\u015fayan s\u0131radan kad\u0131nlar\u0131n a\u015fklar\u0131 ve ac\u0131lar\u0131 var bu kitapta. Bu kitab\u0131 okudu\u011funuzda sadece sanat ve<span class=\"excerpt-hellip\"> [\u2026]<\/span><\/p>\n","protected":false},"featured_media":0,"template":"","meta":{"_monsterinsights_skip_tracking":false,"_monsterinsights_sitenote_active":false,"_monsterinsights_sitenote_note":"","_monsterinsights_sitenote_category":0},"product_brand":[],"product_cat":[12777,12291],"product_tag":[],"class_list":{"0":"post-784626","1":"product","2":"type-product","3":"status-publish","5":"product_cat-deneme","6":"product_cat-edebiyat","7":"pa_cilt-ciltsiz","8":"pa_tur-kitap","9":"pa_yayinevi-everest-yayinlari","10":"pa_yazar-ahmet-altan","12":"first","13":"instock","14":"sale","15":"shipping-taxable","16":"purchasable","17":"product-type-simple"},"_links":{"self":[{"href":"https:\/\/roveyayinevi.com.tr\/index.php\/wp-json\/wp\/v2\/product\/784626","targetHints":{"allow":["GET"]}}],"collection":[{"href":"https:\/\/roveyayinevi.com.tr\/index.php\/wp-json\/wp\/v2\/product"}],"about":[{"href":"https:\/\/roveyayinevi.com.tr\/index.php\/wp-json\/wp\/v2\/types\/product"}],"wp:attachment":[{"href":"https:\/\/roveyayinevi.com.tr\/index.php\/wp-json\/wp\/v2\/media?parent=784626"}],"wp:term":[{"taxonomy":"product_brand","embeddable":true,"href":"https:\/\/roveyayinevi.com.tr\/index.php\/wp-json\/wp\/v2\/product_brand?post=784626"},{"taxonomy":"product_cat","embeddable":true,"href":"https:\/\/roveyayinevi.com.tr\/index.php\/wp-json\/wp\/v2\/product_cat?post=784626"},{"taxonomy":"product_tag","embeddable":true,"href":"https:\/\/roveyayinevi.com.tr\/index.php\/wp-json\/wp\/v2\/product_tag?post=784626"}],"curies":[{"name":"wp","href":"https:\/\/api.w.org\/{rel}","templated":true}]}}