{"id":784624,"date":"2026-03-12T02:13:48","date_gmt":"2026-03-11T23:13:48","guid":{"rendered":"https:\/\/roveyayinevi.com.tr\/index.php\/urun\/zengin-cocuk-akilli-cocuk\/"},"modified":"2026-04-16T02:09:37","modified_gmt":"2026-04-15T23:09:37","slug":"zengin-cocuk-akilli-cocuk","status":"publish","type":"product","link":"https:\/\/roveyayinevi.com.tr\/index.php\/urun\/zengin-cocuk-akilli-cocuk\/","title":{"rendered":"Zengin \u00c7ocuk Ak\u0131ll\u0131 \u00c7ocuk"},"content":{"rendered":"<p>Sizler D\u00fcnyan\u0131n en \u00f6nemli g\u00f6revini \u00fcstlenmi\u015f bulunuyorsunuz, \u00e7\u00fcnk\u00fc \u00e7ocuklar\u0131m\u0131z gelece\u011fimizdir! ZENG\u0130N \u00c7OCUK AKILLI \u00c7OCUK kitab\u0131 e\u011fitime \u00f6nem veren, \u00e7ocuklar\u0131n\u0131n hayat\u0131na finansal ve akademik temelller atmak isteyen ve bunun ger\u00e7ekle\u015fmesinde aktif rol almaya istekli anne babalar i\u00e7in yaz\u0131lm\u0131\u015ft\u0131r. Bilgi \u00e7a\u011f\u0131nda iyi bir e\u011fitimin \u00f6nemi her zamankinden daha fazla. Ne var ki y\u00fcr\u00fcrl\u00fckteki \u00f6\u011fretim sistemi \u00e7ocuklar\u0131n\u0131za gerekli olabilecek her bilgiyi sa\u011flamaktan uzak. Bu kitap eksik kalan yerleri doldurmak \u00fczere tasarlanm\u0131\u015ft\u0131r. Zengin babas\u0131n\u0131n Robert Kiyosaki\u2019ye sundu\u011fu esin kayna\u011f\u0131 ve kullan\u0131\u015fl\u0131 finans bilgilerini \u00e7ocuklar\u0131n\u0131za \u00f6\u011fretmenize yard\u0131mc\u0131 olmay\u0131 ama\u00e7lamaktad\u0131r. ZENG\u0130N \u00c7OCUK AKILLI \u00c7OCUK ayn\u0131 zamanda varl\u0131\u011f\u0131ndan haberinizin bile olmad\u0131\u011f\u0131 kap\u0131lar\u0131 size a\u00e7acak, \u00e7ocuklar\u0131n\u0131z\u0131n \u00f6m\u00fcr boyu yararlanacaklar\u0131 deneyimlerinizi ve anlay\u0131\u015f\u0131 onlara aktarman\u0131z\u0131 sa\u011flayacakt\u0131r   Anne baba olarak \u015funlar\u0131 hi\u00e7 merak ettiniz mi?  Okul, \u00e7ocu\u011fuma bug\u00fcn\u00fcn-ve-gelece\u011fin-d\u00fcnyas\u0131nda nas\u0131l ayakta kal\u0131p doru\u011fa \u00e7\u0131kaca\u011f\u0131n\u0131 \u00f6\u011fretiyor mu?   \u00c7ocu\u011fum okulu sevmezse, k\u00f6t\u00fc notlar al\u0131rsa, \u00f6\u011frenme bozuklu\u011fu var diye damga yerse, okuldan ayr\u0131lmak isterse ne yapabilirim? \u00c7ocu\u011fumun kendine gerekli ger\u00e7ek d\u00fcnya k\u0131lavuzunu bulmas\u0131n\u0131 nas\u0131l sa\u011flar\u0131m? \u201c\u00c7ocuklar\u0131n\u0131za hayat verir, onlar\u0131 besler ve seversiniz. Peki ama onlar\u0131 ger\u00e7ekten anl\u0131yor musunuz? ZENG\u0130N \u00c7OCUK AKILLI \u00c7OCUK \u00e7ocuklar\u0131n\u0131z\u0131n en iyi nas\u0131l d\u00fc\u015f\u00fcn\u00fcp nas\u0131l \u00f6\u011frendiklerini g\u00f6rmenizi sa\u011flayacak. Bu bilgi donan\u0131m\u0131 \u00e7ocuklar\u0131n\u0131z\u0131n hayatta ba\u015far\u0131l\u0131 olmalar\u0131n\u0131 sa\u011flaman\u0131z\u0131n yollar\u0131n\u0131 g\u00f6sterecek.\u201d &#8211; Sharon L. Lechter<\/p>\n","protected":false},"excerpt":{"rendered":"<p>Sizler D\u00fcnyan\u0131n en \u00f6nemli g\u00f6revini \u00fcstlenmi\u015f bulunuyorsunuz, \u00e7\u00fcnk\u00fc \u00e7ocuklar\u0131m\u0131z gelece\u011fimizdir! ZENG\u0130N \u00c7OCUK AKILLI \u00c7OCUK kitab\u0131 e\u011fitime \u00f6nem veren, \u00e7ocuklar\u0131n\u0131n hayat\u0131na finansal ve akademik temelller atmak isteyen<span class=\"excerpt-hellip\"> [\u2026]<\/span><\/p>\n","protected":false},"featured_media":0,"template":"","meta":{"_monsterinsights_skip_tracking":false,"_monsterinsights_sitenote_active":false,"_monsterinsights_sitenote_note":"","_monsterinsights_sitenote_category":0},"product_brand":[],"product_cat":[12679,12357],"product_tag":[],"class_list":{"0":"post-784624","1":"product","2":"type-product","3":"status-publish","5":"product_cat-cocuk-psikolojisi","6":"product_cat-psikoloji","7":"pa_cilt-ciltsiz","8":"pa_tur-kitap","9":"pa_yayinevi-alfa-yayinlari","10":"pa_yazar-robert-t-kiyosaki","12":"first","13":"instock","14":"sale","15":"shipping-taxable","16":"purchasable","17":"product-type-simple"},"_links":{"self":[{"href":"https:\/\/roveyayinevi.com.tr\/index.php\/wp-json\/wp\/v2\/product\/784624","targetHints":{"allow":["GET"]}}],"collection":[{"href":"https:\/\/roveyayinevi.com.tr\/index.php\/wp-json\/wp\/v2\/product"}],"about":[{"href":"https:\/\/roveyayinevi.com.tr\/index.php\/wp-json\/wp\/v2\/types\/product"}],"wp:attachment":[{"href":"https:\/\/roveyayinevi.com.tr\/index.php\/wp-json\/wp\/v2\/media?parent=784624"}],"wp:term":[{"taxonomy":"product_brand","embeddable":true,"href":"https:\/\/roveyayinevi.com.tr\/index.php\/wp-json\/wp\/v2\/product_brand?post=784624"},{"taxonomy":"product_cat","embeddable":true,"href":"https:\/\/roveyayinevi.com.tr\/index.php\/wp-json\/wp\/v2\/product_cat?post=784624"},{"taxonomy":"product_tag","embeddable":true,"href":"https:\/\/roveyayinevi.com.tr\/index.php\/wp-json\/wp\/v2\/product_tag?post=784624"}],"curies":[{"name":"wp","href":"https:\/\/api.w.org\/{rel}","templated":true}]}}