{"id":784623,"date":"2026-03-12T02:12:12","date_gmt":"2026-03-11T23:12:12","guid":{"rendered":"https:\/\/roveyayinevi.com.tr\/index.php\/urun\/osmanlidan-gunumuze-turkiye-de-sol-siyaset\/"},"modified":"2026-04-16T02:08:22","modified_gmt":"2026-04-15T23:08:22","slug":"osmanlidan-gunumuze-turkiye-de-sol-siyaset","status":"publish","type":"product","link":"https:\/\/roveyayinevi.com.tr\/index.php\/urun\/osmanlidan-gunumuze-turkiye-de-sol-siyaset\/","title":{"rendered":"Osmanl\u0131\u2019dan G\u00fcn\u00fcm\u00fcze T\u00fcrkiye&#8217; de Sol Siyaset"},"content":{"rendered":"<p>Sol siyaseti, Osmanl\u0131\u2019dan g\u00fcn\u00fcm\u00fcze kadar anlatan tek eser.Ana ak\u0131mlar\u0131 ve akt\u00f6rleri anlatan derli toplu tek eser.Sol siyasete dair temel sorulara, anla\u015f\u0131l\u0131r cevaplar:Osmanl\u0131\u2019da sol siyaset nas\u0131ld\u0131; sosyalist parti var m\u0131yd\u0131?TKP\u2019nin kurucusu Mustafa Suphi\u2019yi kim \u00f6ld\u00fcrtt\u00fc? <\/p>\n","protected":false},"excerpt":{"rendered":"<p>Sol siyaseti, Osmanl\u0131\u2019dan g\u00fcn\u00fcm\u00fcze kadar anlatan tek eser.Ana ak\u0131mlar\u0131 ve akt\u00f6rleri anlatan derli toplu tek eser.Sol siyasete dair temel sorulara, anla\u015f\u0131l\u0131r cevaplar:Osmanl\u0131\u2019da sol siyaset nas\u0131ld\u0131; sosyalist<span class=\"excerpt-hellip\"> [\u2026]<\/span><\/p>\n","protected":false},"featured_media":0,"template":"","meta":{"_monsterinsights_skip_tracking":false,"_monsterinsights_sitenote_active":false,"_monsterinsights_sitenote_note":"","_monsterinsights_sitenote_category":0},"product_brand":[],"product_cat":[13517,12304],"product_tag":[],"class_list":{"0":"post-784623","1":"product","2":"type-product","3":"status-publish","5":"product_cat-osmanli-tarihi","6":"product_cat-tarih","7":"pa_cilt-ciltsiz","8":"pa_tur-kitap","9":"pa_yayinevi-kadim-yayinlari","10":"pa_yazar-cemal-fedayi","12":"first","13":"instock","14":"sale","15":"shipping-taxable","16":"purchasable","17":"product-type-simple"},"_links":{"self":[{"href":"https:\/\/roveyayinevi.com.tr\/index.php\/wp-json\/wp\/v2\/product\/784623","targetHints":{"allow":["GET"]}}],"collection":[{"href":"https:\/\/roveyayinevi.com.tr\/index.php\/wp-json\/wp\/v2\/product"}],"about":[{"href":"https:\/\/roveyayinevi.com.tr\/index.php\/wp-json\/wp\/v2\/types\/product"}],"wp:attachment":[{"href":"https:\/\/roveyayinevi.com.tr\/index.php\/wp-json\/wp\/v2\/media?parent=784623"}],"wp:term":[{"taxonomy":"product_brand","embeddable":true,"href":"https:\/\/roveyayinevi.com.tr\/index.php\/wp-json\/wp\/v2\/product_brand?post=784623"},{"taxonomy":"product_cat","embeddable":true,"href":"https:\/\/roveyayinevi.com.tr\/index.php\/wp-json\/wp\/v2\/product_cat?post=784623"},{"taxonomy":"product_tag","embeddable":true,"href":"https:\/\/roveyayinevi.com.tr\/index.php\/wp-json\/wp\/v2\/product_tag?post=784623"}],"curies":[{"name":"wp","href":"https:\/\/api.w.org\/{rel}","templated":true}]}}