{"id":784622,"date":"2026-03-12T02:08:35","date_gmt":"2026-03-11T23:08:35","guid":{"rendered":"https:\/\/roveyayinevi.com.tr\/index.php\/urun\/gunese-don-yuzunu\/"},"modified":"2026-04-08T02:08:01","modified_gmt":"2026-04-07T23:08:01","slug":"gunese-don-yuzunu","status":"publish","type":"product","link":"https:\/\/roveyayinevi.com.tr\/index.php\/urun\/gunese-don-yuzunu\/","title":{"rendered":"G\u00fcne\u015fe D\u00f6n Y\u00fcz\u00fcn\u00fc"},"content":{"rendered":"<p>Sami Bey\u2019in ruhu bana m\u0131s\u0131n demiyordu ipil ipil ya\u011fan ya\u011fmura. Bir Fatih\u2019e iniyor, bir gen\u00e7li\u011fine gidip Kumkap\u0131 sahillerinden karpuz kabuklar\u0131n\u0131n y\u00fczd\u00fc\u011f\u00fc kristal denize at\u0131yordu kendini, bir Per\u015fembe Pazar\u0131\u2019ndaki hurdac\u0131 d\u00fckk\u00e2n\u0131na, yeni yeni para kazanmaya ba\u015flad\u0131\u011f\u0131 g\u00fcnlere d\u00f6n\u00fcyordu. Ama en b\u00fcy\u00fck huzuru ilk kar\u0131s\u0131n\u0131n yan\u0131na vard\u0131\u011f\u0131nda duyuyordu. \u00d6n\u00fcnde dilimlenmi\u015f domatesi, kavunu, beyaz peyniri, kar\u015f\u0131s\u0131nda yoklu\u011funa al\u0131\u015famad\u0131\u011f\u0131 ilk a\u015fk\u0131, kar\u0131s\u0131, bu\u011fulu \u0131l\u0131k sesiyle \u2018koklasam sa\u00e7lar\u0131n\u0131 bu gece taa fecre kadar\u2019\u0131 okuyordu&#8230; \u00c7ocuklar\u0131n\u0131n do\u011fumu&#8230; Onlar\u0131 Florya\u2019ya denize sokmaya g\u00f6t\u00fcrd\u00fckleri g\u00fcnler&#8230; Okula ba\u015flay\u0131\u015flar\u0131&#8230; Sonra bir han\u00e7er saplan\u0131yordu g\u00f6\u011fs\u00fcne, kar\u0131s\u0131n\u0131n tabutunun arkas\u0131ndan y\u00fcr\u00fcyordu a\u011f\u0131r a\u011f\u0131r. Tan\u0131t\u0131m Metni<\/p>\n","protected":false},"excerpt":{"rendered":"<p>Sami Bey\u2019in ruhu bana m\u0131s\u0131n demiyordu ipil ipil ya\u011fan ya\u011fmura. Bir Fatih\u2019e iniyor, bir gen\u00e7li\u011fine gidip Kumkap\u0131 sahillerinden karpuz kabuklar\u0131n\u0131n y\u00fczd\u00fc\u011f\u00fc kristal denize at\u0131yordu kendini, bir<span class=\"excerpt-hellip\"> [\u2026]<\/span><\/p>\n","protected":false},"featured_media":0,"template":"","meta":{"_monsterinsights_skip_tracking":false,"_monsterinsights_sitenote_active":false,"_monsterinsights_sitenote_note":"","_monsterinsights_sitenote_category":0},"product_brand":[],"product_cat":[12291,12711],"product_tag":[],"class_list":{"0":"post-784622","1":"product","2":"type-product","3":"status-publish","5":"product_cat-edebiyat","6":"product_cat-roman-oyku","7":"pa_cilt-ciltsiz","8":"pa_tur-kitap","9":"pa_yayinevi-everest-yayinlari","10":"pa_yazar-ayse-kulin","12":"first","13":"instock","14":"sale","15":"shipping-taxable","16":"purchasable","17":"product-type-simple"},"_links":{"self":[{"href":"https:\/\/roveyayinevi.com.tr\/index.php\/wp-json\/wp\/v2\/product\/784622","targetHints":{"allow":["GET"]}}],"collection":[{"href":"https:\/\/roveyayinevi.com.tr\/index.php\/wp-json\/wp\/v2\/product"}],"about":[{"href":"https:\/\/roveyayinevi.com.tr\/index.php\/wp-json\/wp\/v2\/types\/product"}],"wp:attachment":[{"href":"https:\/\/roveyayinevi.com.tr\/index.php\/wp-json\/wp\/v2\/media?parent=784622"}],"wp:term":[{"taxonomy":"product_brand","embeddable":true,"href":"https:\/\/roveyayinevi.com.tr\/index.php\/wp-json\/wp\/v2\/product_brand?post=784622"},{"taxonomy":"product_cat","embeddable":true,"href":"https:\/\/roveyayinevi.com.tr\/index.php\/wp-json\/wp\/v2\/product_cat?post=784622"},{"taxonomy":"product_tag","embeddable":true,"href":"https:\/\/roveyayinevi.com.tr\/index.php\/wp-json\/wp\/v2\/product_tag?post=784622"}],"curies":[{"name":"wp","href":"https:\/\/api.w.org\/{rel}","templated":true}]}}