{"id":784602,"date":"2026-03-11T04:08:58","date_gmt":"2026-03-11T01:08:58","guid":{"rendered":"https:\/\/roveyayinevi.com.tr\/index.php\/urun\/her-sey-kule-dondugunde\/"},"modified":"2026-04-15T03:47:42","modified_gmt":"2026-04-15T00:47:42","slug":"her-sey-kule-dondugunde","status":"publish","type":"product","link":"https:\/\/roveyayinevi.com.tr\/index.php\/urun\/her-sey-kule-dondugunde\/","title":{"rendered":"Her \u015eey K\u00fcle D\u00f6nd\u00fc\u011f\u00fcnde"},"content":{"rendered":"<p>Ger\u00e7e\u011fi aramak riskli, yok saymaksa \u00f6l\u00fcmc\u00fcl! Afrika\u2019da b\u00fcy\u00fck \u00e7evresel y\u0131k\u0131m\u0131n ard\u0131ndan, tamamen \u00f6lm\u00fc\u015f zehirli topraklarda in\u015fa edilmi\u015f Be\u015finci Cennet\u2019te Adina, su\u00e7luluk, nefret ve hayatta kalma \u00fc\u00e7geninde, sevdiklerini kurtarmak i\u00e7in amans\u0131z bir m\u00fccadeleye giri\u015fir&#8230; \u0130sko\u00e7 yazar Victoria Williamson, bu ilk distopyas\u0131nda iklim krizinin g\u00f6lgesindeki karanl\u0131k bir gelece\u011fi modelliyor. G\u00f6z\u00fc d\u00f6nm\u00fc\u015f teknoloji \u015firketlerinin gezegenimizi nas\u0131l \u015fekillendirece\u011finin, hayatlar\u0131m\u0131z\u0131n nas\u0131l de\u011fi\u015febilece\u011finin ihtimallerini d\u00fc\u015f\u00fcnd\u00fcr\u00fcyor. D\u0131\u015far\u0131da bir yerlerde, uyuyan tozlar\u0131n aras\u0131nda, k\u0131m\u0131l k\u0131m\u0131l tuhaf g\u00f6zler ay \u0131\u015f\u0131\u011f\u0131nda k\u0131rp\u0131\u015f\u0131p duruyordu. \u00dcrperdim. Her taraftan izleniyordum. Er ya da ge\u00e7 s\u0131rr\u0131m ortaya \u00e7\u0131kacak ve herkes ne yapt\u0131\u011f\u0131m\u0131 \u00f6\u011frenecekti. R\u00fczg\u00e2r \u00e7at\u0131daki \u00e7atlaklardan \u0131sl\u0131k \u00e7alarak tohum bankas\u0131n\u0131n i\u00e7inde bo\u011fuk, su\u00e7lay\u0131c\u0131 bir iniltiyle esiyordu. Sen bir katilsin, diyordu sanki. Ya\u015famay\u0131 hak etmiyorsun. Duvarlardaki solmu\u015f duyurulara, tohum da\u011f\u0131t\u0131m y\u00f6netmelik ve \u015fartlar\u0131na bakt\u0131m. Amonston \u015eirketi hepimizi hayatta tutmak i\u00e7in \u00e7ok u\u011fra\u015fm\u0131\u015ft\u0131; ben de gidip Cennet Bah\u00e7esi\u2019ni toptan yok etmi\u015ftim. R\u00fczg\u00e2r hakl\u0131yd\u0131. Ya\u015famay\u0131 hak etmiyordum.<\/p>\n","protected":false},"excerpt":{"rendered":"<p>Ger\u00e7e\u011fi aramak riskli, yok saymaksa \u00f6l\u00fcmc\u00fcl! Afrika\u2019da b\u00fcy\u00fck \u00e7evresel y\u0131k\u0131m\u0131n ard\u0131ndan, tamamen \u00f6lm\u00fc\u015f zehirli topraklarda in\u015fa edilmi\u015f Be\u015finci Cennet\u2019te Adina, su\u00e7luluk, nefret ve hayatta kalma \u00fc\u00e7geninde,<span class=\"excerpt-hellip\"> [\u2026]<\/span><\/p>\n","protected":false},"featured_media":0,"template":"","meta":{"_monsterinsights_skip_tracking":false,"_monsterinsights_sitenote_active":false,"_monsterinsights_sitenote_note":"","_monsterinsights_sitenote_category":0},"product_brand":[],"product_cat":[12291,12711],"product_tag":[],"class_list":{"0":"post-784602","1":"product","2":"type-product","3":"status-publish","5":"product_cat-edebiyat","6":"product_cat-roman-oyku","7":"pa_cilt-ciltsiz","8":"pa_tur-kitap","9":"pa_yayinevi-on8-kitap","10":"pa_yazar-victoria-williamson","12":"first","13":"instock","14":"sale","15":"shipping-taxable","16":"purchasable","17":"product-type-simple"},"_links":{"self":[{"href":"https:\/\/roveyayinevi.com.tr\/index.php\/wp-json\/wp\/v2\/product\/784602","targetHints":{"allow":["GET"]}}],"collection":[{"href":"https:\/\/roveyayinevi.com.tr\/index.php\/wp-json\/wp\/v2\/product"}],"about":[{"href":"https:\/\/roveyayinevi.com.tr\/index.php\/wp-json\/wp\/v2\/types\/product"}],"wp:attachment":[{"href":"https:\/\/roveyayinevi.com.tr\/index.php\/wp-json\/wp\/v2\/media?parent=784602"}],"wp:term":[{"taxonomy":"product_brand","embeddable":true,"href":"https:\/\/roveyayinevi.com.tr\/index.php\/wp-json\/wp\/v2\/product_brand?post=784602"},{"taxonomy":"product_cat","embeddable":true,"href":"https:\/\/roveyayinevi.com.tr\/index.php\/wp-json\/wp\/v2\/product_cat?post=784602"},{"taxonomy":"product_tag","embeddable":true,"href":"https:\/\/roveyayinevi.com.tr\/index.php\/wp-json\/wp\/v2\/product_tag?post=784602"}],"curies":[{"name":"wp","href":"https:\/\/api.w.org\/{rel}","templated":true}]}}