{"id":784599,"date":"2026-03-11T04:08:49","date_gmt":"2026-03-11T01:08:49","guid":{"rendered":"https:\/\/roveyayinevi.com.tr\/index.php\/urun\/gezgin-prensesgulbeden-begumun-macera-dolu-yasami\/"},"modified":"2026-04-15T03:47:39","modified_gmt":"2026-04-15T00:47:39","slug":"gezgin-prensesgulbeden-begumun-macera-dolu-yasami","status":"publish","type":"product","link":"https:\/\/roveyayinevi.com.tr\/index.php\/urun\/gezgin-prensesgulbeden-begumun-macera-dolu-yasami\/","title":{"rendered":"Gezgin Prenses;G\u00fclbeden Beg\u00fcm\u2019\u00fcn Macera Dolu Ya\u015fam\u0131"},"content":{"rendered":"<p>Bab\u00fcr \u0130mparatorlu\u011fu\u2019nun parlak ilk y\u0131llar\u0131nda ge\u00e7en bu biyografi, Prenses G\u00fclbeden\u2019in benzersiz ya\u015fam\u0131n\u0131 g\u00f6zler \u00f6n\u00fcne seriyor. K\u00e2bil\u2019den Kuzey Hindistan\u2019a uzanan g\u00f6\u00e7ebe bir \u00e7ocuklu\u011fun ard\u0131ndan, ye\u011feni Ekber\u2019in in\u015fa ettirdi\u011fi y\u00fcksek duvarlarla \u00e7evrili saraya haremine yerle\u015fir. Ne var ki \u00f6zg\u00fcrce dola\u015ft\u0131\u011f\u0131 gen\u00e7lik g\u00fcnlerinin \u00f6zlemi onu hi\u00e7 terk etmez.Ekber\u2019in izniyle, di\u011fer harem kad\u0131nlar\u0131yla birlikte d\u00f6neminin \u00e7ok \u00f6tesinde bir hac yolculu\u011funa \u00e7\u0131kar: \u00f6nce denizleri a\u015far, sonra \u00e7\u00f6lleri\u2026 Ancak siyasi gerilimlerin t\u0131rmanmas\u0131 ve kad\u0131nlar\u0131n \u201cn\u00e2-me\u015fru\u201d davran\u0131\u015flar sergiledi\u011fine dair ele\u015ftiriler \u00fczerine yolculuk yar\u0131da kesilir. D\u00f6n\u00fc\u015fte K\u0131z\u0131ldeniz\u2019de beklenmedik bir gemi kazas\u0131 ya\u015fan\u0131r; bu kazayla birlikte, yolculu\u011fun en dramatik g\u00fcnleri ba\u015flar\u2026\u00dclkesine d\u00f6nen G\u00fclbeden, o \u00e7a\u011fda bir kad\u0131n taraf\u0131ndan yaz\u0131lm\u0131\u015f ve g\u00fcn\u00fcm\u00fcze ula\u015fan tek d\u00fczyaz\u0131 eseri kaleme al\u0131r. Ne var ki eserinin bir b\u00f6l\u00fcm\u00fc kay\u0131pt\u0131r; zaman i\u00e7inde yok olmu\u015f ya da prensesin sesini bast\u0131rmak isteyenler taraf\u0131ndan bilin\u00e7li olarak gizlenmi\u015ftir. Gezgin Prenses, bu kay\u0131p sayfalar\u0131n izini s\u00fcrerken cesur, merakl\u0131 ve \u00f6zg\u00fcr ruhlu bir kad\u0131n\u0131 yeniden g\u00f6r\u00fcn\u00fcr k\u0131lar, okuru, kad\u0131nlar\u0131n ne\u015fesinin, hareketlili\u011finin ve ba\u015f\u0131na buyruklu\u011funun merkezde oldu\u011fu \u00e7ok k\u00fclt\u00fcrl\u00fc bir d\u00fcnyaya davet eder.<\/p>\n","protected":false},"excerpt":{"rendered":"<p>Bab\u00fcr \u0130mparatorlu\u011fu\u2019nun parlak ilk y\u0131llar\u0131nda ge\u00e7en bu biyografi, Prenses G\u00fclbeden\u2019in benzersiz ya\u015fam\u0131n\u0131 g\u00f6zler \u00f6n\u00fcne seriyor. K\u00e2bil\u2019den Kuzey Hindistan\u2019a uzanan g\u00f6\u00e7ebe bir \u00e7ocuklu\u011fun ard\u0131ndan, ye\u011feni Ekber\u2019in in\u015fa<span class=\"excerpt-hellip\"> [\u2026]<\/span><\/p>\n","protected":false},"featured_media":0,"template":"","meta":{"_monsterinsights_skip_tracking":false,"_monsterinsights_sitenote_active":false,"_monsterinsights_sitenote_note":"","_monsterinsights_sitenote_category":0},"product_brand":[],"product_cat":[12370,12304],"product_tag":[],"class_list":{"0":"post-784599","1":"product","2":"type-product","3":"status-publish","5":"product_cat-arastirma-inceleme","6":"product_cat-tarih","7":"pa_cilt-ciltsiz","8":"pa_tur-kitap","9":"pa_yayinevi-yeditepe-yayinevi","10":"pa_yazar-ruby-lal","12":"first","13":"instock","14":"sale","15":"shipping-taxable","16":"purchasable","17":"product-type-simple"},"_links":{"self":[{"href":"https:\/\/roveyayinevi.com.tr\/index.php\/wp-json\/wp\/v2\/product\/784599","targetHints":{"allow":["GET"]}}],"collection":[{"href":"https:\/\/roveyayinevi.com.tr\/index.php\/wp-json\/wp\/v2\/product"}],"about":[{"href":"https:\/\/roveyayinevi.com.tr\/index.php\/wp-json\/wp\/v2\/types\/product"}],"wp:attachment":[{"href":"https:\/\/roveyayinevi.com.tr\/index.php\/wp-json\/wp\/v2\/media?parent=784599"}],"wp:term":[{"taxonomy":"product_brand","embeddable":true,"href":"https:\/\/roveyayinevi.com.tr\/index.php\/wp-json\/wp\/v2\/product_brand?post=784599"},{"taxonomy":"product_cat","embeddable":true,"href":"https:\/\/roveyayinevi.com.tr\/index.php\/wp-json\/wp\/v2\/product_cat?post=784599"},{"taxonomy":"product_tag","embeddable":true,"href":"https:\/\/roveyayinevi.com.tr\/index.php\/wp-json\/wp\/v2\/product_tag?post=784599"}],"curies":[{"name":"wp","href":"https:\/\/api.w.org\/{rel}","templated":true}]}}