{"id":784598,"date":"2026-03-11T04:08:47","date_gmt":"2026-03-11T01:08:47","guid":{"rendered":"https:\/\/roveyayinevi.com.tr\/index.php\/urun\/kitap-canavari-yetistirme-rehberi\/"},"modified":"2026-04-12T03:37:41","modified_gmt":"2026-04-12T00:37:41","slug":"kitap-canavari-yetistirme-rehberi","status":"publish","type":"product","link":"https:\/\/roveyayinevi.com.tr\/index.php\/urun\/kitap-canavari-yetistirme-rehberi\/","title":{"rendered":"Kitap Canavar\u0131 Yeti\u015ftirme Rehberi"},"content":{"rendered":"<p>Okumay\u0131 seven \u00e7ocuklar yeti\u015ftirmenin stressiz ve son derece e\u011flenceli bir yolu; \u00fcstelik okuma \u00f6nerileri ve ilham verici etkinliklerle dolu!\u00c7ocu\u011funuza okumay\u0131 \u00f6\u011fretmek son derece \u00f6nemlidir ve bunun en kolay yolu da g\u00fcn i\u00e7inde kahkaha ve oyun dolu anlar\u0131 f\u0131rsata \u00e7evirmektir. Kitap Canavar\u0131 Yeti\u015ftirme Rehberi, evde okuryazarl\u0131\u011f\u0131 geli\u015ftirmek i\u00e7in birbirinden e\u011flenceli y\u00f6ntemlerle dolu; \u00fcstelik ne kelime kartlar\u0131na ne de s\u00fcre tutmaya ihtiyac\u0131n\u0131z var! Minik kitap canavar\u0131n\u0131z\u0131n beynini beslemek asl\u0131nda \u00e7ok kolay. Nas\u0131l m\u0131?-Hik\u00e2ye zaman\u0131n\u0131 oyun zaman\u0131na d\u00f6n\u00fc\u015ft\u00fcrerek anlama becerisini geli\u015ftirebilir,- Oyun ve \u015fakalar yoluyla keyifli anlar yaratarak heceleme becerisini peki\u015ftirebilir,- Aile yemeklerini zengin kelime da\u011farc\u0131\u011f\u0131yla sohbet edebilece\u011finiz f\u0131rsatlara d\u00f6n\u00fc\u015ft\u00fcrebilir,- Kitap canavar\u0131n\u0131z\u0131n a\u00e7l\u0131\u011f\u0131n\u0131 yalay\u0131p yutacaklar\u0131 kitaplarla doyurabilirsiniz!-Bu taktikler ve \u00e7ok daha fazlas\u0131 hem \u00e7ocu\u011funuzun okumaya kar\u015f\u0131 doymak bilmez bir i\u015ftah geli\u015ftirmesine yard\u0131mc\u0131 olacak hem de birlikte harika vakit ge\u00e7irmenizi sa\u011flayacak!<\/p>\n","protected":false},"excerpt":{"rendered":"<p>Okumay\u0131 seven \u00e7ocuklar yeti\u015ftirmenin stressiz ve son derece e\u011flenceli bir yolu; \u00fcstelik okuma \u00f6nerileri ve ilham verici etkinliklerle dolu!\u00c7ocu\u011funuza okumay\u0131 \u00f6\u011fretmek son derece \u00f6nemlidir ve bunun<span class=\"excerpt-hellip\"> [\u2026]<\/span><\/p>\n","protected":false},"featured_media":0,"template":"","meta":{"_monsterinsights_skip_tracking":false,"_monsterinsights_sitenote_active":false,"_monsterinsights_sitenote_note":"","_monsterinsights_sitenote_category":0},"product_brand":[],"product_cat":[12364,12376],"product_tag":[],"class_list":{"0":"post-784598","1":"product","2":"type-product","3":"status-publish","5":"product_cat-genel-konular","6":"product_cat-kisisel-gelisim","7":"pa_cilt-ciltsiz","8":"pa_tur-kitap","9":"pa_yayinevi-orenda","10":"pa_yazar-amber-ankowski","12":"first","13":"instock","14":"sale","15":"shipping-taxable","16":"purchasable","17":"product-type-simple"},"_links":{"self":[{"href":"https:\/\/roveyayinevi.com.tr\/index.php\/wp-json\/wp\/v2\/product\/784598","targetHints":{"allow":["GET"]}}],"collection":[{"href":"https:\/\/roveyayinevi.com.tr\/index.php\/wp-json\/wp\/v2\/product"}],"about":[{"href":"https:\/\/roveyayinevi.com.tr\/index.php\/wp-json\/wp\/v2\/types\/product"}],"wp:attachment":[{"href":"https:\/\/roveyayinevi.com.tr\/index.php\/wp-json\/wp\/v2\/media?parent=784598"}],"wp:term":[{"taxonomy":"product_brand","embeddable":true,"href":"https:\/\/roveyayinevi.com.tr\/index.php\/wp-json\/wp\/v2\/product_brand?post=784598"},{"taxonomy":"product_cat","embeddable":true,"href":"https:\/\/roveyayinevi.com.tr\/index.php\/wp-json\/wp\/v2\/product_cat?post=784598"},{"taxonomy":"product_tag","embeddable":true,"href":"https:\/\/roveyayinevi.com.tr\/index.php\/wp-json\/wp\/v2\/product_tag?post=784598"}],"curies":[{"name":"wp","href":"https:\/\/api.w.org\/{rel}","templated":true}]}}