{"id":784597,"date":"2026-03-11T04:08:41","date_gmt":"2026-03-11T01:08:41","guid":{"rendered":"https:\/\/roveyayinevi.com.tr\/index.php\/urun\/istanbul-seyahatnamesi-2\/"},"modified":"2026-04-15T03:47:34","modified_gmt":"2026-04-15T00:47:34","slug":"istanbul-seyahatnamesi-2","status":"publish","type":"product","link":"https:\/\/roveyayinevi.com.tr\/index.php\/urun\/istanbul-seyahatnamesi-2\/","title":{"rendered":"\u0130stanbul Seyahatn\u00e2mesi"},"content":{"rendered":"<p>Osmanl\u0131 \u0130mparatorlu\u011fu ile Rus \u0130mparatorlu\u011fu aras\u0131nda do\u011fal bir s\u0131n\u0131r olu\u015fturan Karadeniz\u2019in k\u0131y\u0131s\u0131ndaki liman kenti Odessa\u2019dan kalkan bir yolcu gemisi, uzun ve yorucu bir deniz yolculu\u011funun ard\u0131ndan Bo\u011faz\u2019\u0131n sular\u0131na girer. Gemide, Rus toplumunun varl\u0131kl\u0131 s\u0131n\u0131f\u0131na mensup yolcular vard\u0131r. Onlardan biri, \u0130stanbul\u2019a dair g\u00f6zlem ve izlenimlerini kaleme alarak bu kadim \u015fehir hakk\u0131nda literat\u00fcre yeni bir seyahatn\u00e2me kazand\u0131racak olan gazeteci-yazar Sergey Nikiti\u00e7 Filippov\u2019dur.Filippov\u2019un Konstantinopolis\u2019i, Do\u011fu\u2019nun b\u00fcy\u00fcleyici ve \u015fa\u015f\u0131rt\u0131c\u0131 d\u00fcnyas\u0131na dair sanatsal bir anlat\u0131d\u0131r. Yazarla birlikte Tarih\u00ee Yar\u0131mada\u2019y\u0131, Galata\u2019y\u0131, Pera\u2019y\u0131 ve Prens Adalar\u0131\u2019n\u0131 gezecek; Bo\u011faz\u2019da g\u00f6rkemli bir yolculu\u011fa \u00e7\u0131kacak, \u00dcsk\u00fcdar ve Ayastefanos\u2019un sokaklar\u0131nda dola\u015facaks\u0131n\u0131z. Konstantinopolis\u2019in tarih\u00ee merkezinde ad\u0131m ad\u0131m ilerlerken kentin ge\u00e7mi\u015fine dair pek \u00e7ok ayr\u0131nt\u0131y\u0131 ke\u015ffedecek, 1890\u2019lar\u0131n \u0130stanbul\u2019unu t\u00fcm ihti\u015fam\u0131yla g\u00f6zlerinizin \u00f6n\u00fcnde canland\u0131racaks\u0131n\u0131z.Filippov i\u00e7in \u0130stanbul, \u015eark\u2019\u0131n t\u00fcm ihti\u015fam\u0131n\u0131 ve esrar\u0131n\u0131 yans\u0131tan b\u00fcy\u00fck bir tablo, ba\u015f d\u00f6nd\u00fcr\u00fcc\u00fc bir renk c\u00fcmb\u00fc\u015f\u00fcd\u00fcr. Burada, yazar\u0131n hayalindeki panoraman\u0131n i\u00e7ine girecek; kimi zaman beklentilerle ger\u00e7eklik aras\u0131ndaki tezatla y\u00fczle\u015fecek, kimi zaman \u015fa\u015fk\u0131nl\u0131k ve \u00fcrperti hissedecek, kimi zaman da g\u00f6rd\u00fc\u011f\u00fc g\u00fczellikler kar\u015f\u0131s\u0131nda derin bir hayranl\u0131\u011fa kap\u0131lacaks\u0131n\u0131z. Bizans\u2019\u0131n izlerini s\u00fcren Filippov, &#8211; kendine \u00f6zg\u00fc \u015fiirsel ve metaforik diliyle- \u0130stanbul\u2019un mabedlerini, saraylar\u0131n\u0131, sur ve kalelerini anlat\u0131rken; g\u00fcndelik ya\u015fam\u0131 da t\u00fcm ilgi \u00e7ekici hatta yer yer tuhaf y\u00f6nleriyle g\u00f6zler \u00f6n\u00fcne seriyor.<\/p>\n","protected":false},"excerpt":{"rendered":"<p>Osmanl\u0131 \u0130mparatorlu\u011fu ile Rus \u0130mparatorlu\u011fu aras\u0131nda do\u011fal bir s\u0131n\u0131r olu\u015fturan Karadeniz\u2019in k\u0131y\u0131s\u0131ndaki liman kenti Odessa\u2019dan kalkan bir yolcu gemisi, uzun ve yorucu bir deniz yolculu\u011funun ard\u0131ndan<span class=\"excerpt-hellip\"> [\u2026]<\/span><\/p>\n","protected":false},"featured_media":0,"template":"","meta":{"_monsterinsights_skip_tracking":false,"_monsterinsights_sitenote_active":false,"_monsterinsights_sitenote_note":"","_monsterinsights_sitenote_category":0},"product_brand":[],"product_cat":[12312,12304],"product_tag":[],"class_list":{"0":"post-784597","1":"product","2":"type-product","3":"status-publish","5":"product_cat-diger","6":"product_cat-tarih","7":"pa_cilt-ciltsiz","8":"pa_tur-kitap","9":"pa_yayinevi-yeditepe-yayinevi","10":"pa_yazar-sergey-nikitic-flilppov","12":"first","13":"instock","14":"sale","15":"shipping-taxable","16":"purchasable","17":"product-type-simple"},"_links":{"self":[{"href":"https:\/\/roveyayinevi.com.tr\/index.php\/wp-json\/wp\/v2\/product\/784597","targetHints":{"allow":["GET"]}}],"collection":[{"href":"https:\/\/roveyayinevi.com.tr\/index.php\/wp-json\/wp\/v2\/product"}],"about":[{"href":"https:\/\/roveyayinevi.com.tr\/index.php\/wp-json\/wp\/v2\/types\/product"}],"wp:attachment":[{"href":"https:\/\/roveyayinevi.com.tr\/index.php\/wp-json\/wp\/v2\/media?parent=784597"}],"wp:term":[{"taxonomy":"product_brand","embeddable":true,"href":"https:\/\/roveyayinevi.com.tr\/index.php\/wp-json\/wp\/v2\/product_brand?post=784597"},{"taxonomy":"product_cat","embeddable":true,"href":"https:\/\/roveyayinevi.com.tr\/index.php\/wp-json\/wp\/v2\/product_cat?post=784597"},{"taxonomy":"product_tag","embeddable":true,"href":"https:\/\/roveyayinevi.com.tr\/index.php\/wp-json\/wp\/v2\/product_tag?post=784597"}],"curies":[{"name":"wp","href":"https:\/\/api.w.org\/{rel}","templated":true}]}}