{"id":784596,"date":"2026-03-11T04:07:59","date_gmt":"2026-03-11T01:07:59","guid":{"rendered":"https:\/\/roveyayinevi.com.tr\/index.php\/urun\/arkeolojinin-izindesekiz-olaganustu-kesifle-arkeolojinin-oykusu\/"},"modified":"2026-04-15T03:47:33","modified_gmt":"2026-04-15T00:47:33","slug":"arkeolojinin-izindesekiz-olaganustu-kesifle-arkeolojinin-oykusu","status":"publish","type":"product","link":"https:\/\/roveyayinevi.com.tr\/index.php\/urun\/arkeolojinin-izindesekiz-olaganustu-kesifle-arkeolojinin-oykusu\/","title":{"rendered":"Arkeolojinin \u0130zinde;Sekiz Ola\u011fan\u00fcst\u00fc Ke\u015fifle Arkeolojinin \u00d6yk\u00fcs\u00fc"},"content":{"rendered":"<p>Profes\u00f6r Michael Scott, sekiz \u00e7arp\u0131c\u0131 ke\u015fif \u00f6yk\u00fcs\u00fc e\u015fli\u011finde modern arkeolojinin s\u00f6m\u00fcrge d\u00f6nemiseferlerinden g\u00fcn\u00fcm\u00fcz\u00fcn ileri teknolojiyle y\u00fcr\u00fct\u00fclen kaz\u0131lar\u0131na uzanan ser\u00fcvenini izliyor, bu yolculuktatuzaklara, lanetlere ve y\u00fczy\u0131llard\u0131r topra\u011f\u0131n alt\u0131nda sakl\u0131 kalm\u0131\u015f hazinelere \u0131\u015f\u0131k tutuyor.Bu kitap, farkl\u0131 \u00e7a\u011flar\u0131n ve co\u011frafyalar\u0131n neden belirli anlarda hayal g\u00fcc\u00fcm\u00fcz\u00fc ele ge\u00e7irdi\u011fini, merak\u0131m\u0131z\u0131nas\u0131l y\u00f6nlendirdi\u011fini ara\u015ft\u0131r\u0131yor. Rosetta Ta\u015f\u0131, Terracotta Askerleri ve Machu Picchu gibi d\u00fcnya \u00e7ap\u0131nda \u00fcnkazanm\u0131\u015f ke\u015fiflerin ard\u0131ndaki, kimi tan\u0131nm\u0131\u015f kimi zamanla unutulmu\u015f isimlerle tan\u0131\u015f\u0131yoruz. Antik insanayak izlerinden g\u00f6rkemli bat\u0131klara, efsanevi prenseslerden \u015fa\u015f\u0131rt\u0131c\u0131 rit\u00fcellere uzanan izler, ge\u00e7mi\u015fuygarl\u0131klar\u0131n d\u00fcnyas\u0131na a\u00e7\u0131lan k\u00fc\u00e7\u00fck ama anlaml\u0131 kap\u0131lar h\u00e2line geliyor. Ayn\u0131 zamanda arkeolojikbuluntular\u0131n, modern \u00e7a\u011f\u0131n tutkular\u0131n\u0131 ve ikilemlerini yans\u0131tan simgelere nas\u0131l d\u00f6n\u00fc\u015ft\u00fc\u011f\u00fcn\u00fc de g\u00f6zler\u00f6n\u00fcne seriyor.Milyonlarca y\u0131l\u0131 kat eden, G\u00fcney Amerika&#8217;n\u0131n s\u0131k ormanlar\u0131ndan Orta Asya&#8217;n\u0131n buzla kapl\u0131yaylalar\u0131na uzanan Arkeolojinin \u0130zinde, ge\u00e7mi\u015fi ke\u015ffetme arzumuzun bug\u00fcn\u00fcn kayg\u0131lar\u0131yla ne kadar i\u00e7 i\u00e7eoldu\u011funu ve neden X&#8217;le i\u015faretli yerlerin asla ama asla hazineyi g\u00f6stermedi\u011fini anlat\u0131yor.<\/p>\n","protected":false},"excerpt":{"rendered":"<p>Profes\u00f6r Michael Scott, sekiz \u00e7arp\u0131c\u0131 ke\u015fif \u00f6yk\u00fcs\u00fc e\u015fli\u011finde modern arkeolojinin s\u00f6m\u00fcrge d\u00f6nemiseferlerinden g\u00fcn\u00fcm\u00fcz\u00fcn ileri teknolojiyle y\u00fcr\u00fct\u00fclen kaz\u0131lar\u0131na uzanan ser\u00fcvenini izliyor, bu yolculuktatuzaklara, lanetlere ve y\u00fczy\u0131llard\u0131r topra\u011f\u0131n<span class=\"excerpt-hellip\"> [\u2026]<\/span><\/p>\n","protected":false},"featured_media":0,"template":"","meta":{"_monsterinsights_skip_tracking":false,"_monsterinsights_sitenote_active":false,"_monsterinsights_sitenote_note":"","_monsterinsights_sitenote_category":0},"product_brand":[],"product_cat":[52477,52478],"product_tag":[],"class_list":{"0":"post-784596","1":"product","2":"type-product","3":"status-publish","5":"product_cat-arastirma","6":"product_cat-arkeoloji","7":"pa_cilt-ciltsiz","8":"pa_tur-kitap","9":"pa_yayinevi-yeditepe-yayinevi","10":"pa_yazar-michael-scott","12":"first","13":"instock","14":"sale","15":"shipping-taxable","16":"purchasable","17":"product-type-simple"},"_links":{"self":[{"href":"https:\/\/roveyayinevi.com.tr\/index.php\/wp-json\/wp\/v2\/product\/784596","targetHints":{"allow":["GET"]}}],"collection":[{"href":"https:\/\/roveyayinevi.com.tr\/index.php\/wp-json\/wp\/v2\/product"}],"about":[{"href":"https:\/\/roveyayinevi.com.tr\/index.php\/wp-json\/wp\/v2\/types\/product"}],"wp:attachment":[{"href":"https:\/\/roveyayinevi.com.tr\/index.php\/wp-json\/wp\/v2\/media?parent=784596"}],"wp:term":[{"taxonomy":"product_brand","embeddable":true,"href":"https:\/\/roveyayinevi.com.tr\/index.php\/wp-json\/wp\/v2\/product_brand?post=784596"},{"taxonomy":"product_cat","embeddable":true,"href":"https:\/\/roveyayinevi.com.tr\/index.php\/wp-json\/wp\/v2\/product_cat?post=784596"},{"taxonomy":"product_tag","embeddable":true,"href":"https:\/\/roveyayinevi.com.tr\/index.php\/wp-json\/wp\/v2\/product_tag?post=784596"}],"curies":[{"name":"wp","href":"https:\/\/api.w.org\/{rel}","templated":true}]}}