{"id":784595,"date":"2026-03-11T04:07:57","date_gmt":"2026-03-11T01:07:57","guid":{"rendered":"https:\/\/roveyayinevi.com.tr\/index.php\/urun\/gunumuz-turkcesiyle-kocibey-risaleleri\/"},"modified":"2026-04-15T03:47:33","modified_gmt":"2026-04-15T00:47:33","slug":"gunumuz-turkcesiyle-kocibey-risaleleri","status":"publish","type":"product","link":"https:\/\/roveyayinevi.com.tr\/index.php\/urun\/gunumuz-turkcesiyle-kocibey-risaleleri\/","title":{"rendered":"G\u00fcn\u00fcm\u00fcz T\u00fcrk\u00e7esiyle Ko\u00e7ibey Risaleleri"},"content":{"rendered":"<p>Ko\u00e7i Bey Risaleleri, Osmanl\u0131 Devleti&#8217;nin 17. y\u00fczy\u0131lda i\u00e7ine d\u00fc\u015ft\u00fc\u011f\u00fc siyasi, askeri ve idari bozulmalar\u0131do\u011frudan ele alan en \u00f6nemli nasihatn\u00e2me metinlerinden biridir. Ko\u00e7i Bey, biri Sultan IV. Murad&#8217;a, di\u011feriSultan Ibrahim&#8217;e sunulan iki ayr\u0131 layihas\u0131nda, devlet d\u00fczeninde meydana gelen aksakl\u0131klar\u0131 yak\u0131ndang\u00f6zlemlemi\u015f; bunlar\u0131n sebeplerini ve \u00e7\u00f6z\u00fcm yollar\u0131n\u0131 a\u00e7\u0131k bir dille ortaya koymu\u015ftur.G\u00fcn\u00fcm\u00fcz T\u00fcrk\u00e7esiyle Ko\u00e7i Bey Risaleleri&#8217;nde her iki risale de yazma n\u00fcshalar esas al\u0131narak Seyit AliKahraman taraf\u0131ndan g\u00fcn\u00fcm\u00fcz T\u00fcrk\u00e7esine aktar\u0131lm\u0131\u015ft\u0131r. Metinlerde yazar\u0131n hitap ve anlat\u0131m \u00fcslubutitizlikle korunmu\u015f; Sultan IV. Murad ve Sultan \u0130brahim&#8217;e sunulan risaleler aras\u0131ndaki \u00fcslup fark\u0131 \u00f6zellikleg\u00f6zetilmi\u015ftir. S\u00f6zl\u00fck ve dizinle desteklenen eser, Osmanl\u0131 d\u00fc\u015f\u00fcnce tarihinde devletin \u00e7\u00f6z\u00fcl\u00fc\u015f\u00fcne i\u00e7eridentutulan bir ayna niteli\u011findedir.<\/p>\n","protected":false},"excerpt":{"rendered":"<p>Ko\u00e7i Bey Risaleleri, Osmanl\u0131 Devleti&#8217;nin 17. y\u00fczy\u0131lda i\u00e7ine d\u00fc\u015ft\u00fc\u011f\u00fc siyasi, askeri ve idari bozulmalar\u0131do\u011frudan ele alan en \u00f6nemli nasihatn\u00e2me metinlerinden biridir. Ko\u00e7i Bey, biri Sultan IV.<span class=\"excerpt-hellip\"> [\u2026]<\/span><\/p>\n","protected":false},"featured_media":0,"template":"","meta":{"_monsterinsights_skip_tracking":false,"_monsterinsights_sitenote_active":false,"_monsterinsights_sitenote_note":"","_monsterinsights_sitenote_category":0},"product_brand":[],"product_cat":[12370,12304],"product_tag":[],"class_list":{"0":"post-784595","1":"product","2":"type-product","3":"status-publish","5":"product_cat-arastirma-inceleme","6":"product_cat-tarih","7":"pa_cilt-ciltsiz","8":"pa_tur-kitap","9":"pa_yayinevi-yeditepe-yayinevi","10":"pa_yazar-kolektif","12":"first","13":"instock","14":"sale","15":"shipping-taxable","16":"purchasable","17":"product-type-simple"},"_links":{"self":[{"href":"https:\/\/roveyayinevi.com.tr\/index.php\/wp-json\/wp\/v2\/product\/784595","targetHints":{"allow":["GET"]}}],"collection":[{"href":"https:\/\/roveyayinevi.com.tr\/index.php\/wp-json\/wp\/v2\/product"}],"about":[{"href":"https:\/\/roveyayinevi.com.tr\/index.php\/wp-json\/wp\/v2\/types\/product"}],"wp:attachment":[{"href":"https:\/\/roveyayinevi.com.tr\/index.php\/wp-json\/wp\/v2\/media?parent=784595"}],"wp:term":[{"taxonomy":"product_brand","embeddable":true,"href":"https:\/\/roveyayinevi.com.tr\/index.php\/wp-json\/wp\/v2\/product_brand?post=784595"},{"taxonomy":"product_cat","embeddable":true,"href":"https:\/\/roveyayinevi.com.tr\/index.php\/wp-json\/wp\/v2\/product_cat?post=784595"},{"taxonomy":"product_tag","embeddable":true,"href":"https:\/\/roveyayinevi.com.tr\/index.php\/wp-json\/wp\/v2\/product_tag?post=784595"}],"curies":[{"name":"wp","href":"https:\/\/api.w.org\/{rel}","templated":true}]}}