{"id":784594,"date":"2026-03-11T04:07:54","date_gmt":"2026-03-11T01:07:54","guid":{"rendered":"https:\/\/roveyayinevi.com.tr\/index.php\/urun\/nicin-tarihbir-tarih\/"},"modified":"2026-04-15T03:47:32","modified_gmt":"2026-04-15T00:47:32","slug":"nicin-tarihbir-tarih","status":"publish","type":"product","link":"https:\/\/roveyayinevi.com.tr\/index.php\/urun\/nicin-tarihbir-tarih\/","title":{"rendered":"Ni\u00e7in Tarih?;Bir Tarih"},"content":{"rendered":"<p>Ge\u00e7mi\u015fi bilmek bize ne kazand\u0131r\u0131r? Tarih yaln\u0131zca olaylar\u0131n s\u0131ralanmas\u0131 m\u0131d\u0131r, yoksa bug\u00fcn\u00fc anlamam\u0131zave gelece\u011fi kurmam\u0131za yard\u0131mc\u0131 olan bir yol g\u00f6sterici midir?Ni\u00e7in Tarih?, 2500 y\u0131ll\u0131k tarih\u00e7ilik deneyimini \u00f6z\u00fcmseyerek, farkl\u0131 ba\u011flamlardaki birbirinden \u00e7ok farkl\u0131d\u00fc\u015f\u00fcn\u00fcrlerin ara\u015ft\u0131rmalar\u0131n\u0131 nas\u0131l anlamland\u0131rd\u0131klar\u0131 ve tarihsel ara\u015ft\u0131rmalar\u0131n\u0131n ne ama\u00e7lara hizmet etti\u011fi sorular\u0131n\u0131ele al\u0131r. Herodotos\u2019tan Orta \u00c7a\u011f dinsel tefsirlerine ve 20 y\u00fczy\u0131l k\u00fclt\u00fcr tarihine uzanan bu eserin merkezinde,g\u00fcn\u00fcm\u00fcz ile ge\u00e7mi\u015f aras\u0131nda var oldu\u011fu d\u00fc\u015f\u00fcn\u00fclen ili\u015fki yatar. Y\u00f6ntem ve felsefede ya\u015fanan \u00e7ok say\u0131da de\u011fi\u015fikli\u011finyan\u0131 s\u0131ra Donald Bloxham\u2019\u0131n kitab\u0131, disiplinin gerek\u00e7elendirilmesinde \u00e7arp\u0131c\u0131 uzun vadeli s\u00fcreklilikler de ortaya koyar.\u201cTarih ni\u00e7in gereklidir?\u201d sorusuna verilen bu samimi ve d\u00fc\u015f\u00fcnd\u00fcr\u00fcc\u00fc yan\u0131tlar, hem akademi d\u00fcnyas\u0131nahem detarihle ilgilenen her okura sesleniyor.<\/p>\n","protected":false},"excerpt":{"rendered":"<p>Ge\u00e7mi\u015fi bilmek bize ne kazand\u0131r\u0131r? Tarih yaln\u0131zca olaylar\u0131n s\u0131ralanmas\u0131 m\u0131d\u0131r, yoksa bug\u00fcn\u00fc anlamam\u0131zave gelece\u011fi kurmam\u0131za yard\u0131mc\u0131 olan bir yol g\u00f6sterici midir?Ni\u00e7in Tarih?, 2500 y\u0131ll\u0131k tarih\u00e7ilik deneyimini<span class=\"excerpt-hellip\"> [\u2026]<\/span><\/p>\n","protected":false},"featured_media":0,"template":"","meta":{"_monsterinsights_skip_tracking":false,"_monsterinsights_sitenote_active":false,"_monsterinsights_sitenote_note":"","_monsterinsights_sitenote_category":0},"product_brand":[],"product_cat":[12304],"product_tag":[],"class_list":{"0":"post-784594","1":"product","2":"type-product","3":"status-publish","5":"product_cat-tarih","6":"pa_cilt-ciltsiz","7":"pa_tur-kitap","8":"pa_yayinevi-yeditepe-yayinevi","9":"pa_yazar-donald-bloxham","11":"first","12":"instock","13":"sale","14":"shipping-taxable","15":"purchasable","16":"product-type-simple"},"_links":{"self":[{"href":"https:\/\/roveyayinevi.com.tr\/index.php\/wp-json\/wp\/v2\/product\/784594","targetHints":{"allow":["GET"]}}],"collection":[{"href":"https:\/\/roveyayinevi.com.tr\/index.php\/wp-json\/wp\/v2\/product"}],"about":[{"href":"https:\/\/roveyayinevi.com.tr\/index.php\/wp-json\/wp\/v2\/types\/product"}],"wp:attachment":[{"href":"https:\/\/roveyayinevi.com.tr\/index.php\/wp-json\/wp\/v2\/media?parent=784594"}],"wp:term":[{"taxonomy":"product_brand","embeddable":true,"href":"https:\/\/roveyayinevi.com.tr\/index.php\/wp-json\/wp\/v2\/product_brand?post=784594"},{"taxonomy":"product_cat","embeddable":true,"href":"https:\/\/roveyayinevi.com.tr\/index.php\/wp-json\/wp\/v2\/product_cat?post=784594"},{"taxonomy":"product_tag","embeddable":true,"href":"https:\/\/roveyayinevi.com.tr\/index.php\/wp-json\/wp\/v2\/product_tag?post=784594"}],"curies":[{"name":"wp","href":"https:\/\/api.w.org\/{rel}","templated":true}]}}