{"id":784593,"date":"2026-03-11T04:07:52","date_gmt":"2026-03-11T01:07:52","guid":{"rendered":"https:\/\/roveyayinevi.com.tr\/index.php\/urun\/lily-ve-mangonun-sasirtici-yagmur-ormanlari-rehberi\/"},"modified":"2026-04-15T03:47:32","modified_gmt":"2026-04-15T00:47:32","slug":"lily-ve-mangonun-sasirtici-yagmur-ormanlari-rehberi","status":"publish","type":"product","link":"https:\/\/roveyayinevi.com.tr\/index.php\/urun\/lily-ve-mangonun-sasirtici-yagmur-ormanlari-rehberi\/","title":{"rendered":"Lily ve Mango\u2019nun \u015ea\u015f\u0131rt\u0131c\u0131 Ya\u011fmur Ormanlar\u0131 Rehberi"},"content":{"rendered":"<p>Yan\u0131na y\u00fcr\u00fcy\u00fc\u015f botlar\u0131n\u0131 ald\u0131ysan e\u011fer ya\u011fmur ormanlar\u0131 uzman\u0131 Lily ve Mango ile d\u00fcnyaturuna \u00e7\u0131kmaya haz\u0131r m\u0131s\u0131n?D\u00fcnyan\u0131n en k\u00f6t\u00fc kokan \u00e7i\u00e7e\u011fi neden bu kadar k\u00f6t\u00fc kokar?Cennet Ku\u015flar\u0131 nerede ya\u015far?A\u011fa\u00e7lar kendi kendilerine nas\u0131l sular?Mango\u2019nun gagas\u0131 neden bu kadar b\u00fcy\u00fck?Bu \u015eA\u015eIRTICI K\u0130TAP, ya\u011fmur ormanlar\u0131na dair benzersiz bir rehber.<\/p>\n","protected":false},"excerpt":{"rendered":"<p>Yan\u0131na y\u00fcr\u00fcy\u00fc\u015f botlar\u0131n\u0131 ald\u0131ysan e\u011fer ya\u011fmur ormanlar\u0131 uzman\u0131 Lily ve Mango ile d\u00fcnyaturuna \u00e7\u0131kmaya haz\u0131r m\u0131s\u0131n?D\u00fcnyan\u0131n en k\u00f6t\u00fc kokan \u00e7i\u00e7e\u011fi neden bu kadar k\u00f6t\u00fc kokar?Cennet Ku\u015flar\u0131<span class=\"excerpt-hellip\"> [\u2026]<\/span><\/p>\n","protected":false},"featured_media":0,"template":"","meta":{"_monsterinsights_skip_tracking":false,"_monsterinsights_sitenote_active":false,"_monsterinsights_sitenote_note":"","_monsterinsights_sitenote_category":0},"product_brand":[],"product_cat":[13829,12274],"product_tag":[],"class_list":{"0":"post-784593","1":"product","2":"type-product","3":"status-publish","5":"product_cat-bilimsel-kitaplar","6":"product_cat-cocuk-ve-genclik-kitaplari","7":"pa_cilt-ciltsiz","8":"pa_tur-kitap","9":"pa_yayinevi-orenda","10":"pa_yazar-tracey-turner","12":"first","13":"instock","14":"sale","15":"shipping-taxable","16":"purchasable","17":"product-type-simple"},"_links":{"self":[{"href":"https:\/\/roveyayinevi.com.tr\/index.php\/wp-json\/wp\/v2\/product\/784593","targetHints":{"allow":["GET"]}}],"collection":[{"href":"https:\/\/roveyayinevi.com.tr\/index.php\/wp-json\/wp\/v2\/product"}],"about":[{"href":"https:\/\/roveyayinevi.com.tr\/index.php\/wp-json\/wp\/v2\/types\/product"}],"wp:attachment":[{"href":"https:\/\/roveyayinevi.com.tr\/index.php\/wp-json\/wp\/v2\/media?parent=784593"}],"wp:term":[{"taxonomy":"product_brand","embeddable":true,"href":"https:\/\/roveyayinevi.com.tr\/index.php\/wp-json\/wp\/v2\/product_brand?post=784593"},{"taxonomy":"product_cat","embeddable":true,"href":"https:\/\/roveyayinevi.com.tr\/index.php\/wp-json\/wp\/v2\/product_cat?post=784593"},{"taxonomy":"product_tag","embeddable":true,"href":"https:\/\/roveyayinevi.com.tr\/index.php\/wp-json\/wp\/v2\/product_tag?post=784593"}],"curies":[{"name":"wp","href":"https:\/\/api.w.org\/{rel}","templated":true}]}}