{"id":784592,"date":"2026-03-11T04:07:50","date_gmt":"2026-03-11T01:07:50","guid":{"rendered":"https:\/\/roveyayinevi.com.tr\/index.php\/urun\/jasper-and-rockynin-sasirtici-yeryuzu-rehberi\/"},"modified":"2026-04-15T03:47:32","modified_gmt":"2026-04-15T00:47:32","slug":"jasper-and-rockynin-sasirtici-yeryuzu-rehberi","status":"publish","type":"product","link":"https:\/\/roveyayinevi.com.tr\/index.php\/urun\/jasper-and-rockynin-sasirtici-yeryuzu-rehberi\/","title":{"rendered":"Jasper and Rocky\u2019nin \u015ea\u015f\u0131rt\u0131c\u0131 Yery\u00fcz\u00fc Rehberi"},"content":{"rendered":"<p>D\u00fcnya turuna \u00e7\u0131kmaya haz\u0131rsan, yery\u00fcz\u00fc uzmanlar\u0131 Jasper ve Rocky ile birliktegezegenimizin en kurak \u00e7\u00f6llerinden buz gibi so\u011fuk kutuplara do\u011fru yola \u00e7\u0131k\u0131yoruz&#8230;Milyonlarca y\u0131l \u00f6ncesinden hi\u00e7 tan\u0131mad\u0131\u011f\u0131m\u0131z akrabalar\u0131m\u0131z kimlerdir?S\u00fcper k\u0131talar ve tektonik plakalar nerededir?Yaz mevsimini ortadan kald\u0131ran volkan patlamas\u0131 ne zaman ya\u015fand\u0131?Yer alt\u0131ndaki patlam\u0131\u015f m\u0131s\u0131rlar\u0131 nerede bulabilirsiniz?Bu \u015eA\u015eIRTICI kitap, yery\u00fcz\u00fcne dair benzersiz bir rehber.<\/p>\n","protected":false},"excerpt":{"rendered":"<p>D\u00fcnya turuna \u00e7\u0131kmaya haz\u0131rsan, yery\u00fcz\u00fc uzmanlar\u0131 Jasper ve Rocky ile birliktegezegenimizin en kurak \u00e7\u00f6llerinden buz gibi so\u011fuk kutuplara do\u011fru yola \u00e7\u0131k\u0131yoruz&#8230;Milyonlarca y\u0131l \u00f6ncesinden hi\u00e7 tan\u0131mad\u0131\u011f\u0131m\u0131z akrabalar\u0131m\u0131z<span class=\"excerpt-hellip\"> [\u2026]<\/span><\/p>\n","protected":false},"featured_media":0,"template":"","meta":{"_monsterinsights_skip_tracking":false,"_monsterinsights_sitenote_active":false,"_monsterinsights_sitenote_note":"","_monsterinsights_sitenote_category":0},"product_brand":[],"product_cat":[13829,12274],"product_tag":[],"class_list":{"0":"post-784592","1":"product","2":"type-product","3":"status-publish","5":"product_cat-bilimsel-kitaplar","6":"product_cat-cocuk-ve-genclik-kitaplari","7":"pa_cilt-ciltsiz","8":"pa_tur-kitap","9":"pa_yayinevi-orenda","10":"pa_yazar-tracey-turner","12":"first","13":"instock","14":"sale","15":"shipping-taxable","16":"purchasable","17":"product-type-simple"},"_links":{"self":[{"href":"https:\/\/roveyayinevi.com.tr\/index.php\/wp-json\/wp\/v2\/product\/784592","targetHints":{"allow":["GET"]}}],"collection":[{"href":"https:\/\/roveyayinevi.com.tr\/index.php\/wp-json\/wp\/v2\/product"}],"about":[{"href":"https:\/\/roveyayinevi.com.tr\/index.php\/wp-json\/wp\/v2\/types\/product"}],"wp:attachment":[{"href":"https:\/\/roveyayinevi.com.tr\/index.php\/wp-json\/wp\/v2\/media?parent=784592"}],"wp:term":[{"taxonomy":"product_brand","embeddable":true,"href":"https:\/\/roveyayinevi.com.tr\/index.php\/wp-json\/wp\/v2\/product_brand?post=784592"},{"taxonomy":"product_cat","embeddable":true,"href":"https:\/\/roveyayinevi.com.tr\/index.php\/wp-json\/wp\/v2\/product_cat?post=784592"},{"taxonomy":"product_tag","embeddable":true,"href":"https:\/\/roveyayinevi.com.tr\/index.php\/wp-json\/wp\/v2\/product_tag?post=784592"}],"curies":[{"name":"wp","href":"https:\/\/api.w.org\/{rel}","templated":true}]}}