{"id":784591,"date":"2026-03-11T04:07:48","date_gmt":"2026-03-11T01:07:48","guid":{"rendered":"https:\/\/roveyayinevi.com.tr\/index.php\/urun\/ben-kurt\/"},"modified":"2026-04-15T03:47:32","modified_gmt":"2026-04-15T00:47:32","slug":"ben-kurt","status":"publish","type":"product","link":"https:\/\/roveyayinevi.com.tr\/index.php\/urun\/ben-kurt\/","title":{"rendered":"Ben, Kurt"},"content":{"rendered":"<p>Coll, m\u00fcrettebat\u0131yla beraber Yap\u0131 ad\u0131n\u0131 verdikleri ve herkesin ortak iradesiyle hareketeden devasa, teknolojik bir yarat\u0131\u011f\u0131n i\u00e7inde ya\u015far. Diyar diyar dola\u015farak ba\u015fka Yap\u0131larlasava\u015f\u0131r ve yenik d\u00fc\u015fenleri kendi yap\u0131lar\u0131na katarlar.Fakat yeni ve son derece tehlikeli bir Yap\u0131 onlara sald\u0131rd\u0131\u011f\u0131n Coll, Kurt\u2019tan ayr\u0131 d\u00fc\u015fer vegeride kal\u0131r. Art\u0131k hayatta kalmak, yery\u00fcz\u00fcndeki ya\u015fama uyum sa\u011flamak vem\u00fcrettebat\u0131na yeti\u015fmek zorundad\u0131r. Bu macerada ona, Yap\u0131lar\u0131n \u00e7al\u0131\u015fmas\u0131n\u0131 sa\u011flayan bir&#8221;Tock olan Rieka yard\u0131m eder. Rieka, Colla geri d\u00f6nmenin bir yolunu vaat eder. PekiRieka ger\u00e7ekten g\u00fcvenilebilir miydi? As\u0131l amac\u0131 neydi?Coll ger\u00e7e\u011fi \u00f6\u011frendi\u011finde, Kurt\u2019a, ya\u015fad\u0131klar\u0131 d\u00fcnyaya ve hatta kendisine dair bildi\u011finisand\u0131\u011f\u0131 her \u015fey yerle bir olur. Tehlikelerle dolu ve bir anda anlam\u0131n\u0131 yitirmi\u015f bu d\u00fcnyada,Coll bir \u00e7\u0131k\u0131\u015f yolu bulabilecek midir?Son derece \u00f6zg\u00fcn, d\u00fc\u015f\u00fcnd\u00fcr\u00fcc\u00fc ve elinden b\u0131rakamayaca\u011f\u0131n bir macera.<\/p>\n","protected":false},"excerpt":{"rendered":"<p>Coll, m\u00fcrettebat\u0131yla beraber Yap\u0131 ad\u0131n\u0131 verdikleri ve herkesin ortak iradesiyle hareketeden devasa, teknolojik bir yarat\u0131\u011f\u0131n i\u00e7inde ya\u015far. Diyar diyar dola\u015farak ba\u015fka Yap\u0131larlasava\u015f\u0131r ve yenik d\u00fc\u015fenleri kendi<span class=\"excerpt-hellip\"> [\u2026]<\/span><\/p>\n","protected":false},"featured_media":0,"template":"","meta":{"_monsterinsights_skip_tracking":false,"_monsterinsights_sitenote_active":false,"_monsterinsights_sitenote_note":"","_monsterinsights_sitenote_category":0},"product_brand":[],"product_cat":[12274,12631],"product_tag":[],"class_list":{"0":"post-784591","1":"product","2":"type-product","3":"status-publish","5":"product_cat-cocuk-ve-genclik-kitaplari","6":"product_cat-diger-cocuk-ve-genclik-kitaplari","7":"pa_cilt-ciltsiz","8":"pa_tur-kitap","9":"pa_yayinevi-orenda","10":"pa_yazar-alastair-chisholm","12":"first","13":"instock","14":"sale","15":"shipping-taxable","16":"purchasable","17":"product-type-simple"},"_links":{"self":[{"href":"https:\/\/roveyayinevi.com.tr\/index.php\/wp-json\/wp\/v2\/product\/784591","targetHints":{"allow":["GET"]}}],"collection":[{"href":"https:\/\/roveyayinevi.com.tr\/index.php\/wp-json\/wp\/v2\/product"}],"about":[{"href":"https:\/\/roveyayinevi.com.tr\/index.php\/wp-json\/wp\/v2\/types\/product"}],"wp:attachment":[{"href":"https:\/\/roveyayinevi.com.tr\/index.php\/wp-json\/wp\/v2\/media?parent=784591"}],"wp:term":[{"taxonomy":"product_brand","embeddable":true,"href":"https:\/\/roveyayinevi.com.tr\/index.php\/wp-json\/wp\/v2\/product_brand?post=784591"},{"taxonomy":"product_cat","embeddable":true,"href":"https:\/\/roveyayinevi.com.tr\/index.php\/wp-json\/wp\/v2\/product_cat?post=784591"},{"taxonomy":"product_tag","embeddable":true,"href":"https:\/\/roveyayinevi.com.tr\/index.php\/wp-json\/wp\/v2\/product_tag?post=784591"}],"curies":[{"name":"wp","href":"https:\/\/api.w.org\/{rel}","templated":true}]}}