{"id":784587,"date":"2026-03-11T04:00:43","date_gmt":"2026-03-11T01:00:43","guid":{"rendered":"https:\/\/roveyayinevi.com.tr\/index.php\/urun\/kirmizi-kan-ve-mavi-kanin-savasi\/"},"modified":"2026-04-12T03:32:40","modified_gmt":"2026-04-12T00:32:40","slug":"kirmizi-kan-ve-mavi-kanin-savasi","status":"publish","type":"product","link":"https:\/\/roveyayinevi.com.tr\/index.php\/urun\/kirmizi-kan-ve-mavi-kanin-savasi\/","title":{"rendered":"K\u0131rm\u0131z\u0131 Kan ve Mavi Kan\u2019\u0131n Sava\u015f\u0131"},"content":{"rendered":"<p>K\u0131rm\u0131z\u0131 ve Mavi Kan\u2019\u0131n sava\u015f\u0131, k\u00fcresel g\u00fc\u00e7lerin sadece D\u00fcnya\u2019y\u0131 ele ge\u00e7irme isteklerinden ibaret de\u011fil, ele ge\u00e7irmek istedikleri, k\u00f6lele\u015fmi\u015f insanlar ve kendi dayatt\u0131klar\u0131 ya\u015fam sistemi&#8230;   \u0130nsan denilen y\u00fcce varl\u0131\u011fa olan kin, bug\u00fcn ya\u015fanan ve yar\u0131n ya\u015fanacak olanlar\u0131n tek sebebi! Bu asl\u0131nda bir din sava\u015f\u0131d\u0131r. Tek D\u00fcnya devletine giden yolda olmazsa olmaz en \u00f6nemli \u015fey t\u00fcm inan\u00e7 sistemlerinin i\u00e7ini bo\u015faltmak ve t\u00fcm ger\u00e7ekli\u011fi ve \u0131\u015f\u0131\u011f\u0131 ile dimdik ayakta duran \u0130slam anlay\u0131\u015f\u0131n\u0131n tamamen yok edilmesidir. \u00c7\u00fcnk\u00fc lain \u015feytan o sonsuz nurun ayd\u0131nlatamayaca\u011f\u0131 hi\u00e7bir \u015fey olmad\u0131\u011f\u0131n\u0131 bizden \u00e7ok daha iyi biliyor. Ne gariptir ki, sonunu bile bile azg\u0131nl\u0131\u011f\u0131 daha da art\u0131r\u0131yor. \u0130nsan\u0131n eline bile almaktan korktu\u011fu Kur\u2019an-\u0131 Kerim, de\u011fi\u015fmeden halen ke\u015ffedilmeyi bekliyor.<\/p>\n","protected":false},"excerpt":{"rendered":"<p>K\u0131rm\u0131z\u0131 ve Mavi Kan\u2019\u0131n sava\u015f\u0131, k\u00fcresel g\u00fc\u00e7lerin sadece D\u00fcnya\u2019y\u0131 ele ge\u00e7irme isteklerinden ibaret de\u011fil, ele ge\u00e7irmek istedikleri, k\u00f6lele\u015fmi\u015f insanlar ve kendi dayatt\u0131klar\u0131 ya\u015fam sistemi&#8230; \u0130nsan denilen<span class=\"excerpt-hellip\"> [\u2026]<\/span><\/p>\n","protected":false},"featured_media":0,"template":"","meta":{"_monsterinsights_skip_tracking":false,"_monsterinsights_sitenote_active":false,"_monsterinsights_sitenote_note":"","_monsterinsights_sitenote_category":0},"product_brand":[],"product_cat":[12364,12376],"product_tag":[],"class_list":{"0":"post-784587","1":"product","2":"type-product","3":"status-publish","5":"product_cat-genel-konular","6":"product_cat-kisisel-gelisim","7":"pa_cilt-ciltsiz","8":"pa_tur-kitap","9":"pa_yayinevi-feniks-yayinlari","10":"pa_yazar-yeliz-sevikturk-altinoz","12":"first","13":"instock","14":"sale","15":"shipping-taxable","16":"purchasable","17":"product-type-simple"},"_links":{"self":[{"href":"https:\/\/roveyayinevi.com.tr\/index.php\/wp-json\/wp\/v2\/product\/784587","targetHints":{"allow":["GET"]}}],"collection":[{"href":"https:\/\/roveyayinevi.com.tr\/index.php\/wp-json\/wp\/v2\/product"}],"about":[{"href":"https:\/\/roveyayinevi.com.tr\/index.php\/wp-json\/wp\/v2\/types\/product"}],"wp:attachment":[{"href":"https:\/\/roveyayinevi.com.tr\/index.php\/wp-json\/wp\/v2\/media?parent=784587"}],"wp:term":[{"taxonomy":"product_brand","embeddable":true,"href":"https:\/\/roveyayinevi.com.tr\/index.php\/wp-json\/wp\/v2\/product_brand?post=784587"},{"taxonomy":"product_cat","embeddable":true,"href":"https:\/\/roveyayinevi.com.tr\/index.php\/wp-json\/wp\/v2\/product_cat?post=784587"},{"taxonomy":"product_tag","embeddable":true,"href":"https:\/\/roveyayinevi.com.tr\/index.php\/wp-json\/wp\/v2\/product_tag?post=784587"}],"curies":[{"name":"wp","href":"https:\/\/api.w.org\/{rel}","templated":true}]}}