{"id":784585,"date":"2026-03-11T02:44:43","date_gmt":"2026-03-10T23:44:43","guid":{"rendered":"https:\/\/roveyayinevi.com.tr\/index.php\/urun\/yabanci-9\/"},"modified":"2026-04-16T02:26:22","modified_gmt":"2026-04-15T23:26:22","slug":"yabanci-9","status":"publish","type":"product","link":"https:\/\/roveyayinevi.com.tr\/index.php\/urun\/yabanci-9\/","title":{"rendered":"Yabanc\u0131"},"content":{"rendered":"<p>\u015eehir park\u0131nda, vah\u015fice katledilen on bir ya\u015f\u0131ndaki bir erkek \u00e7ocu\u011funun cesedi bulunur. G\u00f6rg\u00fc tan\u0131klar\u0131n\u0131n ifadelerine g\u00f6re katil, \u0130ngilizce \u00f6\u011fretmeni, \u015fehrin K\u00fc\u00e7\u00fckler Beyzbol Ligi\u2019nin ko\u00e7u ve herkesin \u00e7ok sevdi\u011fi Terry Maitland\u2019d\u0131r. Parmak izi ve DNA sonu\u00e7lar\u0131yla desteklenen di\u011fer kan\u0131tlar da tart\u0131\u015f\u0131lmaz bi\u00e7imde onu i\u015faret etmektedir.Bu korkun\u00e7 cinayetin deh\u015fete d\u00fc\u015f\u00fcrd\u00fc\u011f\u00fc Dedektif Ralph Anderson, eskiden kendi o\u011flunun da ko\u00e7lu\u011funu yapm\u0131\u015f olan zanl\u0131n\u0131n, bir beyzbol ma\u00e7\u0131n\u0131n ortas\u0131nda, herkesin g\u00f6z\u00fc \u00f6n\u00fcnde tutuklanmas\u0131 emrini verir. Ne var ki, Maitland cinayetin i\u015flendi\u011fi g\u00fcn ba\u015fka bir kentte bir konferansta oldu\u011funu iddia eder ve bu, ilerleyen g\u00fcnlerde tan\u0131klarla, kamera g\u00f6r\u00fcnt\u00fcleriyle do\u011frulan\u0131r.Ralph Anderson ve B\u00f6lge Savc\u0131s\u0131 Bill Samuels bu \u015fa\u015f\u0131rt\u0131c\u0131 geli\u015fmenin yaratt\u0131\u011f\u0131 \u00e7eli\u015fkiyi \u00e7\u00f6zmek i\u00e7in delillerin izini s\u00fcrmeye devam ederken, cinayeti ayd\u0131nlatmaya \u00e7al\u0131\u015fan herkes bilinmezliklerle ve tehlikelerle dolu bir anafora do\u011fru s\u00fcr\u00fcklenmektedir.Stephen King yine hayal g\u00fcc\u00fcn\u00fcn s\u0131n\u0131rlar\u0131n\u0131 zorluyor, yine usta bir hik\u00e2ye anlat\u0131c\u0131s\u0131 oldu\u011funu kan\u0131tl\u0131yor\u2026<\/p>\n","protected":false},"excerpt":{"rendered":"<p>\u015eehir park\u0131nda, vah\u015fice katledilen on bir ya\u015f\u0131ndaki bir erkek \u00e7ocu\u011funun cesedi bulunur. G\u00f6rg\u00fc tan\u0131klar\u0131n\u0131n ifadelerine g\u00f6re katil, \u0130ngilizce \u00f6\u011fretmeni, \u015fehrin K\u00fc\u00e7\u00fckler Beyzbol Ligi\u2019nin ko\u00e7u ve herkesin<span class=\"excerpt-hellip\"> [\u2026]<\/span><\/p>\n","protected":false},"featured_media":0,"template":"","meta":{"_monsterinsights_skip_tracking":false,"_monsterinsights_sitenote_active":false,"_monsterinsights_sitenote_note":"","_monsterinsights_sitenote_category":0},"product_brand":[],"product_cat":[12291,17033],"product_tag":[],"class_list":{"0":"post-784585","1":"product","2":"type-product","3":"status-publish","5":"product_cat-edebiyat","6":"product_cat-korku-gerilim","7":"pa_cilt-ciltsiz","8":"pa_tur-kitap","9":"pa_yayinevi-altin-kitaplar","10":"pa_yazar-stephen-king","12":"first","13":"instock","14":"sale","15":"shipping-taxable","16":"purchasable","17":"product-type-simple"},"_links":{"self":[{"href":"https:\/\/roveyayinevi.com.tr\/index.php\/wp-json\/wp\/v2\/product\/784585","targetHints":{"allow":["GET"]}}],"collection":[{"href":"https:\/\/roveyayinevi.com.tr\/index.php\/wp-json\/wp\/v2\/product"}],"about":[{"href":"https:\/\/roveyayinevi.com.tr\/index.php\/wp-json\/wp\/v2\/types\/product"}],"wp:attachment":[{"href":"https:\/\/roveyayinevi.com.tr\/index.php\/wp-json\/wp\/v2\/media?parent=784585"}],"wp:term":[{"taxonomy":"product_brand","embeddable":true,"href":"https:\/\/roveyayinevi.com.tr\/index.php\/wp-json\/wp\/v2\/product_brand?post=784585"},{"taxonomy":"product_cat","embeddable":true,"href":"https:\/\/roveyayinevi.com.tr\/index.php\/wp-json\/wp\/v2\/product_cat?post=784585"},{"taxonomy":"product_tag","embeddable":true,"href":"https:\/\/roveyayinevi.com.tr\/index.php\/wp-json\/wp\/v2\/product_tag?post=784585"}],"curies":[{"name":"wp","href":"https:\/\/api.w.org\/{rel}","templated":true}]}}