{"id":784584,"date":"2026-03-11T02:36:29","date_gmt":"2026-03-10T23:36:29","guid":{"rendered":"https:\/\/roveyayinevi.com.tr\/index.php\/urun\/gilgamis-4\/"},"modified":"2026-04-16T02:21:07","modified_gmt":"2026-04-15T23:21:07","slug":"gilgamis-4","status":"publish","type":"product","link":"https:\/\/roveyayinevi.com.tr\/index.php\/urun\/gilgamis-4\/","title":{"rendered":"G\u0131lgam\u0131\u015f"},"content":{"rendered":"<p>Milattan \u00f6nce 1800\u2019l\u00fc y\u0131llar. Uruk, Mezopotamya\u2019n\u0131n en \u00f6nemli kentlerinden biri.   Halk\u0131 zengin, yap\u0131lar\u0131  g\u00f6rkemli, bir\u00e7ok \u00fclkenin g\u00f6z\u00fc \u00fczerinde olan bir kent. Uruk kentinin kral\u0131 Enmerkar, bir g\u00fcn falc\u0131s\u0131n\u0131 \u00e7a\u011f\u0131rd\u0131:    \u201cEtraf\u0131m\u0131zda bu kadar kem g\u00f6z var. Bak bakal\u0131m fal\u0131na. Bizi bekleyen ne gibi tehlikeler var.\u201d    Falc\u0131 g\u00fcnlerce odas\u0131na \u00e7ekildi. Yedi katl\u0131 Ziggurat\u2019\u0131n \u00fcst kat\u0131nda odas\u0131na \u00e7ekildi. Y\u0131ld\u0131zlar\u0131n hareketlerini g\u00f6zledi. Yedi g\u00fcn sonra Kral Enmerkar\u2019\u0131n kar\u015f\u0131s\u0131na \u00e7\u0131kt\u0131:    \u201cEfendim! \u015eu anda bir tehlike g\u00f6r\u00fcnm\u00fcyor ama&#8230;\u201d    Enmerkar:    \u201cAmas\u0131 ne falc\u0131 \u00e7abuk s\u00f6yle?\u201d    Enmerkar bir s\u00fcre d\u00fc\u015f\u00fcnd\u00fc. Kral \u00f6fkelenince konu\u015fmaya ba\u015flad\u0131:    \u201cEfendim, k\u0131z\u0131n\u0131z\u0131n bir o\u011flu olacak. O o\u011flan b\u00fcy\u00fcyecek. Sonra sizin elinizden krall\u0131k tac\u0131n\u0131 zorla alacak.\u201d <\/p>\n","protected":false},"excerpt":{"rendered":"<p>Milattan \u00f6nce 1800\u2019l\u00fc y\u0131llar. Uruk, Mezopotamya\u2019n\u0131n en \u00f6nemli kentlerinden biri. Halk\u0131 zengin, yap\u0131lar\u0131 g\u00f6rkemli, bir\u00e7ok \u00fclkenin g\u00f6z\u00fc \u00fczerinde olan bir kent. Uruk kentinin kral\u0131 Enmerkar, bir<span class=\"excerpt-hellip\"> [\u2026]<\/span><\/p>\n","protected":false},"featured_media":0,"template":"","meta":{"_monsterinsights_skip_tracking":false,"_monsterinsights_sitenote_active":false,"_monsterinsights_sitenote_note":"","_monsterinsights_sitenote_category":0},"product_brand":[],"product_cat":[12718,12858],"product_tag":[],"class_list":{"0":"post-784584","1":"product","2":"type-product","3":"status-publish","5":"product_cat-din","6":"product_cat-mitolojiler","7":"pa_cilt-ciltsiz","8":"pa_tur-kitap","9":"pa_yayinevi-ozyurek-yayinlari","10":"pa_yazar-cuma-karatas","12":"first","13":"instock","14":"sale","15":"shipping-taxable","16":"purchasable","17":"product-type-simple"},"_links":{"self":[{"href":"https:\/\/roveyayinevi.com.tr\/index.php\/wp-json\/wp\/v2\/product\/784584","targetHints":{"allow":["GET"]}}],"collection":[{"href":"https:\/\/roveyayinevi.com.tr\/index.php\/wp-json\/wp\/v2\/product"}],"about":[{"href":"https:\/\/roveyayinevi.com.tr\/index.php\/wp-json\/wp\/v2\/types\/product"}],"wp:attachment":[{"href":"https:\/\/roveyayinevi.com.tr\/index.php\/wp-json\/wp\/v2\/media?parent=784584"}],"wp:term":[{"taxonomy":"product_brand","embeddable":true,"href":"https:\/\/roveyayinevi.com.tr\/index.php\/wp-json\/wp\/v2\/product_brand?post=784584"},{"taxonomy":"product_cat","embeddable":true,"href":"https:\/\/roveyayinevi.com.tr\/index.php\/wp-json\/wp\/v2\/product_cat?post=784584"},{"taxonomy":"product_tag","embeddable":true,"href":"https:\/\/roveyayinevi.com.tr\/index.php\/wp-json\/wp\/v2\/product_tag?post=784584"}],"curies":[{"name":"wp","href":"https:\/\/api.w.org\/{rel}","templated":true}]}}