{"id":784582,"date":"2026-03-11T02:10:37","date_gmt":"2026-03-10T23:10:37","guid":{"rendered":"https:\/\/roveyayinevi.com.tr\/index.php\/urun\/22-11-63\/"},"modified":"2026-04-16T02:06:19","modified_gmt":"2026-04-15T23:06:19","slug":"22-11-63","status":"publish","type":"product","link":"https:\/\/roveyayinevi.com.tr\/index.php\/urun\/22-11-63\/","title":{"rendered":"22\/11\/63"},"content":{"rendered":"<p>22 Kas\u0131m 1963\u2019te Dallas\u2019ta \u00fc\u00e7 el silah sesi duyuldu, ba\u015fkan Kennedy \u00f6ld\u00fc ve tarih yeniden yaz\u0131ld\u0131.Peki, ya ge\u00e7mi\u015fi de\u011fi\u015ftirme \u015fans\u0131n\u0131z olsayd\u0131?Her \u015fey Maine\u2019deki Lisbon Falls kasabas\u0131nda ya\u015fayan edebiyat \u00f6\u011fretmeni Jake Epping\u2019e lokantac\u0131 dostu Al Templeton\u2019\u0131n verdi\u011fi bir s\u0131rla ba\u015flar. Asl\u0131nda lokantas\u0131n\u0131n kileri ge\u00e7mi\u015fe, 1958\u2019e a\u00e7\u0131lan bir ge\u00e7ittir ve Al, Jake\u2019ten saplant\u0131 haline getirdi\u011fi g\u00f6revi devralmas\u0131n\u0131, Kennedy suikast\u0131n\u0131 engellemesini istemektedir.B\u00f6ylece Jake Epping, George Amberson olarak b\u00fcy\u00fck arabalar\u0131n ve fiyonklu \u00e7oraplar\u0131n d\u00fcnyas\u0131nda, herkesin her yerde sigara i\u00e7ti\u011fi bir Amerika\u2019da yeni bir hayata ba\u015flar. Bo\u011fucu Derry \u015fehrinden, hayat\u0131n\u0131n a\u015fk\u0131yla kar\u015f\u0131la\u015ft\u0131\u011f\u0131 sevgi dolu Jodie kasabas\u0131na, Lee Harvey Oswald\u2019a ve Dallas\u2019a uzanan bu romanda; ge\u00e7mi\u015f, ge\u00e7mi\u015f olmaktan \u00e7\u0131k\u0131p gerilim ve heyecan dozu y\u00fcksek bir maceraya d\u00f6n\u00fc\u015f\u00fcyor.Zamanda yolculuk hi\u00e7 bu kadar inand\u0131r\u0131c\u0131 ve bu kadar \u00fcrk\u00fct\u00fcc\u00fc olmam\u0131\u015ft\u0131!<\/p>\n","protected":false},"excerpt":{"rendered":"<p>22 Kas\u0131m 1963\u2019te Dallas\u2019ta \u00fc\u00e7 el silah sesi duyuldu, ba\u015fkan Kennedy \u00f6ld\u00fc ve tarih yeniden yaz\u0131ld\u0131.Peki, ya ge\u00e7mi\u015fi de\u011fi\u015ftirme \u015fans\u0131n\u0131z olsayd\u0131?Her \u015fey Maine\u2019deki Lisbon Falls kasabas\u0131nda<span class=\"excerpt-hellip\"> [\u2026]<\/span><\/p>\n","protected":false},"featured_media":0,"template":"","meta":{"_monsterinsights_skip_tracking":false,"_monsterinsights_sitenote_active":false,"_monsterinsights_sitenote_note":"","_monsterinsights_sitenote_category":0},"product_brand":[],"product_cat":[12891,12291],"product_tag":[],"class_list":{"0":"post-784582","1":"product","2":"type-product","3":"status-publish","5":"product_cat-amerikan-edebiyati","6":"product_cat-edebiyat","7":"pa_cilt-ciltsiz","8":"pa_tur-kitap","9":"pa_yayinevi-altin-kitaplar","10":"pa_yazar-stephen-king","12":"first","13":"instock","14":"sale","15":"shipping-taxable","16":"purchasable","17":"product-type-simple"},"_links":{"self":[{"href":"https:\/\/roveyayinevi.com.tr\/index.php\/wp-json\/wp\/v2\/product\/784582","targetHints":{"allow":["GET"]}}],"collection":[{"href":"https:\/\/roveyayinevi.com.tr\/index.php\/wp-json\/wp\/v2\/product"}],"about":[{"href":"https:\/\/roveyayinevi.com.tr\/index.php\/wp-json\/wp\/v2\/types\/product"}],"wp:attachment":[{"href":"https:\/\/roveyayinevi.com.tr\/index.php\/wp-json\/wp\/v2\/media?parent=784582"}],"wp:term":[{"taxonomy":"product_brand","embeddable":true,"href":"https:\/\/roveyayinevi.com.tr\/index.php\/wp-json\/wp\/v2\/product_brand?post=784582"},{"taxonomy":"product_cat","embeddable":true,"href":"https:\/\/roveyayinevi.com.tr\/index.php\/wp-json\/wp\/v2\/product_cat?post=784582"},{"taxonomy":"product_tag","embeddable":true,"href":"https:\/\/roveyayinevi.com.tr\/index.php\/wp-json\/wp\/v2\/product_tag?post=784582"}],"curies":[{"name":"wp","href":"https:\/\/api.w.org\/{rel}","templated":true}]}}