{"id":784579,"date":"2026-03-10T04:13:58","date_gmt":"2026-03-10T01:13:58","guid":{"rendered":"https:\/\/roveyayinevi.com.tr\/index.php\/urun\/perisah\/"},"modified":"2026-04-15T03:48:35","modified_gmt":"2026-04-15T00:48:35","slug":"perisah","status":"publish","type":"product","link":"https:\/\/roveyayinevi.com.tr\/index.php\/urun\/perisah\/","title":{"rendered":"Peri\u015fah"},"content":{"rendered":"<p>bitmeyen bir \u015fey kald\u0131 m\u0131 d\u00fc\u015f\u00fcn neden a\u015fk\u0131n yaras\u0131 ve yar\u0131s\u0131 var \u00f6mr\u00fcm\u00fcz\u00fcn   ka\u00e7 kez ku\u015fand\u0131m k\u0131l\u0131c\u0131m\u0131 da\u011flar\u0131 delmekle ba\u015flad\u0131m i\u015fe vars\u0131n biraz daha als\u0131n ah\u0131m\u0131 Leyla!   giydirebilir misin beni soyunmadan kalbimi<\/p>\n","protected":false},"excerpt":{"rendered":"<p>bitmeyen bir \u015fey kald\u0131 m\u0131 d\u00fc\u015f\u00fcn neden a\u015fk\u0131n yaras\u0131 ve yar\u0131s\u0131 var \u00f6mr\u00fcm\u00fcz\u00fcn ka\u00e7 kez ku\u015fand\u0131m k\u0131l\u0131c\u0131m\u0131 da\u011flar\u0131 delmekle ba\u015flad\u0131m i\u015fe vars\u0131n biraz daha als\u0131n ah\u0131m\u0131<span class=\"excerpt-hellip\"> [\u2026]<\/span><\/p>\n","protected":false},"featured_media":0,"template":"","meta":{"_monsterinsights_skip_tracking":false,"_monsterinsights_sitenote_active":false,"_monsterinsights_sitenote_note":"","_monsterinsights_sitenote_category":0},"product_brand":[],"product_cat":[12291,12509],"product_tag":[],"class_list":{"0":"post-784579","1":"product","2":"type-product","3":"status-publish","5":"product_cat-edebiyat","6":"product_cat-siir","7":"pa_cilt-ciltsiz","8":"pa_tur-kitap","9":"pa_yayinevi-medakitap-yayinlari","10":"pa_yazar-ibrahim-tig","12":"first","13":"instock","14":"sale","15":"shipping-taxable","16":"purchasable","17":"product-type-simple"},"_links":{"self":[{"href":"https:\/\/roveyayinevi.com.tr\/index.php\/wp-json\/wp\/v2\/product\/784579","targetHints":{"allow":["GET"]}}],"collection":[{"href":"https:\/\/roveyayinevi.com.tr\/index.php\/wp-json\/wp\/v2\/product"}],"about":[{"href":"https:\/\/roveyayinevi.com.tr\/index.php\/wp-json\/wp\/v2\/types\/product"}],"wp:attachment":[{"href":"https:\/\/roveyayinevi.com.tr\/index.php\/wp-json\/wp\/v2\/media?parent=784579"}],"wp:term":[{"taxonomy":"product_brand","embeddable":true,"href":"https:\/\/roveyayinevi.com.tr\/index.php\/wp-json\/wp\/v2\/product_brand?post=784579"},{"taxonomy":"product_cat","embeddable":true,"href":"https:\/\/roveyayinevi.com.tr\/index.php\/wp-json\/wp\/v2\/product_cat?post=784579"},{"taxonomy":"product_tag","embeddable":true,"href":"https:\/\/roveyayinevi.com.tr\/index.php\/wp-json\/wp\/v2\/product_tag?post=784579"}],"curies":[{"name":"wp","href":"https:\/\/api.w.org\/{rel}","templated":true}]}}