{"id":784566,"date":"2026-03-10T04:13:34","date_gmt":"2026-03-10T01:13:34","guid":{"rendered":"https:\/\/roveyayinevi.com.tr\/index.php\/urun\/gozler-nereye-kayboldu\/"},"modified":"2026-04-15T03:47:50","modified_gmt":"2026-04-15T00:47:50","slug":"gozler-nereye-kayboldu","status":"publish","type":"product","link":"https:\/\/roveyayinevi.com.tr\/index.php\/urun\/gozler-nereye-kayboldu\/","title":{"rendered":"G\u00f6zler Nereye Kayboldu?"},"content":{"rendered":"<p>Aynada kendine bak\u0131nca ka\u00e7 \u00e7ift g\u00f6z g\u00f6r\u00fcyorsun? B\u0130R \u00c7\u0130FT G\u00d6Z OLMASI GEREK, DE\u011e\u0130L M\u0130? Benim i\u00e7in \u00f6yle de\u011fildi i\u015fte. \u00c7\u00fcnk\u00fc aynama s\u0131zm\u0131\u015flard\u0131! Ta ki o tuhaf derse kadar. Yeni ve pat diye donup kalan gizemli bir \u00f6\u011fretmenle\u2026 Kapal\u0131 kap\u0131dan giren kara kediyle\u2026 Bizi g\u00f6zetleyen i\u015fg\u00fczar kargayla&#8230; Aniden ba\u015flayan hortuma ra\u011fmen&#8230; Bunca karga\u015fada ne mi \u00f6\u011frenmeye \u00e7al\u0131\u015f\u0131yoruz? O gereksiz g\u00f6zlerden kurtulmay\u0131 tabii ki. D\u00fc\u015f\u00fcnd\u00fck, sorgulad\u0131k ve \u00e7arp\u0131k g\u00fczellik anlay\u0131\u015f\u0131n\u0131 ala\u015fa\u011f\u0131 etmek i\u00e7in u\u011fra\u015fmaya karar verdik. Ta ki aynada kendimize ait bir \u00e7ift g\u00f6z kalana dek. D\u00fcnyaya sadece kendi kalbimizle bakana dek\u2026 ARAMIZA KATILMAYA HAZIR MISIN?<\/p>\n","protected":false},"excerpt":{"rendered":"<p>Aynada kendine bak\u0131nca ka\u00e7 \u00e7ift g\u00f6z g\u00f6r\u00fcyorsun? B\u0130R \u00c7\u0130FT G\u00d6Z OLMASI GEREK, DE\u011e\u0130L M\u0130? Benim i\u00e7in \u00f6yle de\u011fildi i\u015fte. \u00c7\u00fcnk\u00fc aynama s\u0131zm\u0131\u015flard\u0131! Ta ki o tuhaf<span class=\"excerpt-hellip\"> [\u2026]<\/span><\/p>\n","protected":false},"featured_media":0,"template":"","meta":{"_monsterinsights_skip_tracking":false,"_monsterinsights_sitenote_active":false,"_monsterinsights_sitenote_note":"","_monsterinsights_sitenote_category":0},"product_brand":[],"product_cat":[12274,12631],"product_tag":[],"class_list":{"0":"post-784566","1":"product","2":"type-product","3":"status-publish","5":"product_cat-cocuk-ve-genclik-kitaplari","6":"product_cat-diger-cocuk-ve-genclik-kitaplari","7":"pa_cilt-ciltsiz","8":"pa_tur-kitap","9":"pa_yayinevi-genc-timas","10":"pa_yazar-nilay-sanli","12":"first","13":"instock","14":"sale","15":"shipping-taxable","16":"purchasable","17":"product-type-simple"},"_links":{"self":[{"href":"https:\/\/roveyayinevi.com.tr\/index.php\/wp-json\/wp\/v2\/product\/784566","targetHints":{"allow":["GET"]}}],"collection":[{"href":"https:\/\/roveyayinevi.com.tr\/index.php\/wp-json\/wp\/v2\/product"}],"about":[{"href":"https:\/\/roveyayinevi.com.tr\/index.php\/wp-json\/wp\/v2\/types\/product"}],"wp:attachment":[{"href":"https:\/\/roveyayinevi.com.tr\/index.php\/wp-json\/wp\/v2\/media?parent=784566"}],"wp:term":[{"taxonomy":"product_brand","embeddable":true,"href":"https:\/\/roveyayinevi.com.tr\/index.php\/wp-json\/wp\/v2\/product_brand?post=784566"},{"taxonomy":"product_cat","embeddable":true,"href":"https:\/\/roveyayinevi.com.tr\/index.php\/wp-json\/wp\/v2\/product_cat?post=784566"},{"taxonomy":"product_tag","embeddable":true,"href":"https:\/\/roveyayinevi.com.tr\/index.php\/wp-json\/wp\/v2\/product_tag?post=784566"}],"curies":[{"name":"wp","href":"https:\/\/api.w.org\/{rel}","templated":true}]}}