{"id":784563,"date":"2026-03-10T04:13:30","date_gmt":"2026-03-10T01:13:30","guid":{"rendered":"https:\/\/roveyayinevi.com.tr\/index.php\/urun\/ayasofyanin-kayip-sifresi\/"},"modified":"2026-04-15T03:47:50","modified_gmt":"2026-04-15T00:47:50","slug":"ayasofyanin-kayip-sifresi","status":"publish","type":"product","link":"https:\/\/roveyayinevi.com.tr\/index.php\/urun\/ayasofyanin-kayip-sifresi\/","title":{"rendered":"Ayasofya&#8217;n\u0131n Kay\u0131p \u015eifresi"},"content":{"rendered":"<p>1453 y\u0131l\u0131nda, \u0130stanbul\u2019un kaderinin de\u011fi\u015fti\u011fi o karanl\u0131k gecede Ayasofya\u2019n\u0131n ta\u015flar\u0131 aras\u0131na bir s\u0131r gizlenir. Y\u00fczy\u0131llar boyunca sessiz kalan bu s\u0131r, zaman\u0131n derinliklerinde uyumaya b\u0131rak\u0131l\u0131r. Ta ki g\u00fcn\u00fcm\u00fcz \u0130stanbul\u2019unda, Ayasofya\u2019n\u0131n kalbinde i\u015flenen esrarengiz bir cinayete kadar\u2026 Bu cinayet, sadece bir insan\u0131n de\u011fil, tarihin kendisinin de yeniden konu\u015fmaya ba\u015flad\u0131\u011f\u0131n\u0131n habercisidir.Ayasofya\u2019da bulunan cesedin g\u00f6\u011fs\u00fcne kaz\u0131nm\u0131\u015f gizemli semboller, s\u0131radan bir su\u00e7un \u00e7ok \u00f6tesine i\u015faret eder. \u00d6zel dedektif Milas, kendini \u015fifrelerle, kadim metinlerle ve matematiksel ipu\u00e7lar\u0131yla \u00f6r\u00fcl\u00fc tehlikeli bir bilmecenin i\u00e7inde bulur. Her yeni ipucu, onu \u0130stanbul\u2019un g\u00f6r\u00fcnmeyen y\u00fcz\u00fcne ve ge\u00e7mi\u015fin karanl\u0131k s\u0131rlar\u0131na biraz daha yakla\u015ft\u0131r\u0131r. Ancak \u00e7\u00f6z\u00fclmesi gereken bu gizem, sadece zek\u00e2 de\u011fil, cesaret de gerektirmektedir. Peki Ayasofya\u2019n\u0131n ta\u015flar\u0131 ger\u00e7ekten ne sakl\u0131yor? Bu s\u0131r neden \u015fimdi uyan\u0131yor? Ayasofya\u2019n\u0131n Kay\u0131p \u015eifresi, okuru tarihle i\u00e7 i\u00e7e ge\u00e7en soluksuz bir maceraya davet ediyor.<\/p>\n","protected":false},"excerpt":{"rendered":"<p>1453 y\u0131l\u0131nda, \u0130stanbul\u2019un kaderinin de\u011fi\u015fti\u011fi o karanl\u0131k gecede Ayasofya\u2019n\u0131n ta\u015flar\u0131 aras\u0131na bir s\u0131r gizlenir. Y\u00fczy\u0131llar boyunca sessiz kalan bu s\u0131r, zaman\u0131n derinliklerinde uyumaya b\u0131rak\u0131l\u0131r. Ta ki<span class=\"excerpt-hellip\"> [\u2026]<\/span><\/p>\n","protected":false},"featured_media":0,"template":"","meta":{"_monsterinsights_skip_tracking":false,"_monsterinsights_sitenote_active":false,"_monsterinsights_sitenote_note":"","_monsterinsights_sitenote_category":0},"product_brand":[],"product_cat":[141304],"product_tag":[],"class_list":{"0":"post-784563","1":"product","2":"type-product","3":"status-publish","5":"product_cat-yeni-cikanlar","6":"pa_cilt-ciltsiz","7":"pa_tur-kitap","8":"pa_yayinevi-genc-timas","9":"pa_yazar-kayahan-demir","11":"first","12":"instock","13":"sale","14":"shipping-taxable","15":"purchasable","16":"product-type-simple"},"_links":{"self":[{"href":"https:\/\/roveyayinevi.com.tr\/index.php\/wp-json\/wp\/v2\/product\/784563","targetHints":{"allow":["GET"]}}],"collection":[{"href":"https:\/\/roveyayinevi.com.tr\/index.php\/wp-json\/wp\/v2\/product"}],"about":[{"href":"https:\/\/roveyayinevi.com.tr\/index.php\/wp-json\/wp\/v2\/types\/product"}],"wp:attachment":[{"href":"https:\/\/roveyayinevi.com.tr\/index.php\/wp-json\/wp\/v2\/media?parent=784563"}],"wp:term":[{"taxonomy":"product_brand","embeddable":true,"href":"https:\/\/roveyayinevi.com.tr\/index.php\/wp-json\/wp\/v2\/product_brand?post=784563"},{"taxonomy":"product_cat","embeddable":true,"href":"https:\/\/roveyayinevi.com.tr\/index.php\/wp-json\/wp\/v2\/product_cat?post=784563"},{"taxonomy":"product_tag","embeddable":true,"href":"https:\/\/roveyayinevi.com.tr\/index.php\/wp-json\/wp\/v2\/product_tag?post=784563"}],"curies":[{"name":"wp","href":"https:\/\/api.w.org\/{rel}","templated":true}]}}