{"id":784560,"date":"2026-03-10T04:13:25","date_gmt":"2026-03-10T01:13:25","guid":{"rendered":"https:\/\/roveyayinevi.com.tr\/index.php\/urun\/25-muhtesem-iyilik\/"},"modified":"2026-04-15T03:47:50","modified_gmt":"2026-04-15T00:47:50","slug":"25-muhtesem-iyilik","status":"publish","type":"product","link":"https:\/\/roveyayinevi.com.tr\/index.php\/urun\/25-muhtesem-iyilik\/","title":{"rendered":"25 Muhte\u015fem \u0130yilik"},"content":{"rendered":"<p>25 Muhte\u015fem \u0130yilik, tam anlam\u0131yla \u201ciyilik dedektifi\u201d gibi \u00e7al\u0131\u015f\u0131yor: Sayfalar\u0131 \u00e7evirdik\u00e7e iyilik izleri ortaya \u00e7\u0131k\u0131yor. Bir bak\u0131yorsunuz Marie Curie laboratuvarda d\u00fcnyay\u0131 ayd\u0131nlat\u0131yor, Louise Braille parmak u\u00e7lar\u0131na harfler konduruyor, Florence Nightingale lambas\u0131yla gecenin karanl\u0131\u011f\u0131na \u201cGe\u00e7mi\u015f olsun!\u201d diyor. Doktor Salk mikroplara g\u00f6zda\u011f\u0131 verirken \u00c7evreci Carson do\u011faya \u201cMerak etmeyin, ben buraday\u0131m.\u201d diye f\u0131s\u0131ld\u0131yor. \u00dcstelik iyilik sadece insanlar aras\u0131nda dola\u015fm\u0131yor; medreselerde bilgiye, \u015fifahanelerde \u015fifaya, ku\u015f evlerinde minik kanatlara konuk oluyor. Valide Sultan\u2019\u0131n \u015fefkati, Fatih Sultan Mehmet&#8217;in vizyonu, Kanuni Sultan S\u00fcleyman\u2019\u0131n adaleti sayfalardan el sall\u0131yor.Dikkat! Bu kitap iyilik yapma iste\u011fini art\u0131rabilir, payla\u015fma krizlerine ve aniden d\u00fcnyay\u0131 g\u00fczelle\u015ftirme planlar\u0131na yol a\u00e7abilir.<\/p>\n","protected":false},"excerpt":{"rendered":"<p>25 Muhte\u015fem \u0130yilik, tam anlam\u0131yla \u201ciyilik dedektifi\u201d gibi \u00e7al\u0131\u015f\u0131yor: Sayfalar\u0131 \u00e7evirdik\u00e7e iyilik izleri ortaya \u00e7\u0131k\u0131yor. Bir bak\u0131yorsunuz Marie Curie laboratuvarda d\u00fcnyay\u0131 ayd\u0131nlat\u0131yor, Louise Braille parmak u\u00e7lar\u0131na<span class=\"excerpt-hellip\"> [\u2026]<\/span><\/p>\n","protected":false},"featured_media":0,"template":"","meta":{"_monsterinsights_skip_tracking":false,"_monsterinsights_sitenote_active":false,"_monsterinsights_sitenote_note":"","_monsterinsights_sitenote_category":0},"product_brand":[],"product_cat":[141304],"product_tag":[],"class_list":{"0":"post-784560","1":"product","2":"type-product","3":"status-publish","5":"product_cat-yeni-cikanlar","6":"pa_cilt-ciltsiz","7":"pa_tur-kitap","8":"pa_yayinevi-eglenceli-bilgi-yayinlari","9":"pa_yazar-metin-ozdamarlar","11":"first","12":"instock","13":"sale","14":"shipping-taxable","15":"purchasable","16":"product-type-simple"},"_links":{"self":[{"href":"https:\/\/roveyayinevi.com.tr\/index.php\/wp-json\/wp\/v2\/product\/784560","targetHints":{"allow":["GET"]}}],"collection":[{"href":"https:\/\/roveyayinevi.com.tr\/index.php\/wp-json\/wp\/v2\/product"}],"about":[{"href":"https:\/\/roveyayinevi.com.tr\/index.php\/wp-json\/wp\/v2\/types\/product"}],"wp:attachment":[{"href":"https:\/\/roveyayinevi.com.tr\/index.php\/wp-json\/wp\/v2\/media?parent=784560"}],"wp:term":[{"taxonomy":"product_brand","embeddable":true,"href":"https:\/\/roveyayinevi.com.tr\/index.php\/wp-json\/wp\/v2\/product_brand?post=784560"},{"taxonomy":"product_cat","embeddable":true,"href":"https:\/\/roveyayinevi.com.tr\/index.php\/wp-json\/wp\/v2\/product_cat?post=784560"},{"taxonomy":"product_tag","embeddable":true,"href":"https:\/\/roveyayinevi.com.tr\/index.php\/wp-json\/wp\/v2\/product_tag?post=784560"}],"curies":[{"name":"wp","href":"https:\/\/api.w.org\/{rel}","templated":true}]}}