{"id":784558,"date":"2026-03-10T04:13:22","date_gmt":"2026-03-10T01:13:22","guid":{"rendered":"https:\/\/roveyayinevi.com.tr\/index.php\/urun\/dervislik-ince-muslumanliktir\/"},"modified":"2026-04-15T03:47:49","modified_gmt":"2026-04-15T00:47:49","slug":"dervislik-ince-muslumanliktir","status":"publish","type":"product","link":"https:\/\/roveyayinevi.com.tr\/index.php\/urun\/dervislik-ince-muslumanliktir\/","title":{"rendered":"Dervi\u015flik \u0130nce M\u00fcsl\u00fcmanl\u0131kt\u0131r"},"content":{"rendered":"<p>Tasavvuf ve tarikatlar, dinin do\u011fru anla\u015f\u0131lmas\u0131 ve halk aras\u0131nda hidayetin yay\u0131lmas\u0131nda tarih boyunca hayati bir vazife \u00fcstlenmi\u015ftir; zira ilimler \u00f6nemli olsa da insanlar\u0131 hakiki hidayete erdiren tasavvuftur. \u0130lk d\u00f6nem mutasavv\u0131flar\u0131ndan S\u00fclem\u00ee&#8217;nin &#8220;dinin nazik k\u0131sm\u0131&#8221; olarak tan\u0131mlad\u0131\u011f\u0131 tasavvuf, M\u00fcsl\u00fcmanlara incelik ve zarafeti kazand\u0131ran temel terbiye metodudur.Dervi\u015flik \u0130nce M\u00fcsl\u00fcmanl\u0131kt\u0131r isimli bu eser, merhum \u00d6mer Tu\u011frul \u0130nan\u00e7er&#8217;in muhtelif zaman ve mek\u00e2nlarda ger\u00e7ekle\u015ftirdi\u011fi g\u00f6n\u00fcl sohbetlerinden derlenerek titizlikle yay\u0131na haz\u0131rlanm\u0131\u015ft\u0131r. \u00d6. Tu\u011frul \u0130nan\u00e7er, bu kitab\u0131yla okuru g\u00fcn\u00fcm\u00fcz d\u00fcnyas\u0131n\u0131n i\u00e7ine d\u00fc\u015ft\u00fc\u011f\u00fc kabal\u0131k ve y\u00fczeysellik \u00e7ukurlar\u0131ndan \u00e7\u0131kar\u0131p &#8220;ince insanl\u0131k ve ince M\u00fcsl\u00fcmanl\u0131k&#8221; hakikatine davet etmektedir. \u00d6. Tu\u011frul \u0130nan\u00e7er&#8217;e g\u00f6re dervi\u015flik, her t\u00fcrl\u00fc d\u00fcnyevi ihtirastan s\u0131yr\u0131larak ger\u00e7ek kullu\u011fun safhalar\u0131ndan ge\u00e7mek ve sadece akla de\u011fil, selim bir g\u00f6nle hitap eden bir hayat s\u00fcrmektir; \u00e7\u00fcnk\u00fc bu yolun me\u015fhur ifadesiyle, &#8220;Dervi\u015flik ince M\u00fcsl\u00fcmanl\u0131kt\u0131r.&#8221;Kitapta yer alan sohbetler, tasavvufun bir &#8220;eskiler masal\u0131&#8221; de\u011fil, hayat\u0131n tam i\u00e7inde yer alan ve insan\u0131 \u201cher dem yeniden do\u011furan\u201d bir ir\u015fat ve terbiye metodu oldu\u011funu vurgulamaktad\u0131r.  Eser, \u015feklin ve formun her daim de\u011fi\u015febilece\u011fini ancak hakikatin asla de\u011fi\u015fmeyece\u011fini en m\u00fcnkir kafalar\u0131 bile ikna edercesine ortaya koymaktad\u0131r.Yay\u0131na haz\u0131rlad\u0131\u011f\u0131m\u0131z Dervi\u015flik \u0130nce M\u00fcsl\u00fcmanl\u0131kt\u0131r, \u00d6. Tu\u011frul \u0130nan\u00e7er&#8217;in ilim, irfan ve musikiyle harmanlanm\u0131\u015f birikimini \u00e2lem-i Cem\u00e2l\u2019e intikalinden sonra da bizlerle bulu\u015fturmaya devam etmektedir. &#8220;A\u015fk gelince c\u00fcmle eksikler biter.&#8221; d\u00fcsturuyla kaleme al\u0131nan bu eser, iyi ve g\u00fczele dair neredeyse unutulmaya y\u00fcz tutmu\u015f hasletleri yeniden hayat\u0131m\u0131za ge\u00e7irmemize bir nebze olsun katk\u0131 sunmay\u0131 hedeflemektedir.<\/p>\n","protected":false},"excerpt":{"rendered":"<p>Tasavvuf ve tarikatlar, dinin do\u011fru anla\u015f\u0131lmas\u0131 ve halk aras\u0131nda hidayetin yay\u0131lmas\u0131nda tarih boyunca hayati bir vazife \u00fcstlenmi\u015ftir; zira ilimler \u00f6nemli olsa da insanlar\u0131 hakiki hidayete erdiren<span class=\"excerpt-hellip\"> [\u2026]<\/span><\/p>\n","protected":false},"featured_media":0,"template":"","meta":{"_monsterinsights_skip_tracking":false,"_monsterinsights_sitenote_active":false,"_monsterinsights_sitenote_note":"","_monsterinsights_sitenote_category":0},"product_brand":[],"product_cat":[12718,12719,12720],"product_tag":[],"class_list":{"0":"post-784558","1":"product","2":"type-product","3":"status-publish","5":"product_cat-din","6":"product_cat-islam","7":"product_cat-tasavvuf-mezhepler-tarikatlar","8":"pa_cilt-ciltsiz","9":"pa_tur-kitap","10":"pa_yayinevi-sufi-kitap","11":"pa_yazar-omer-tugrul-inancer","13":"first","14":"instock","15":"sale","16":"shipping-taxable","17":"purchasable","18":"product-type-simple"},"_links":{"self":[{"href":"https:\/\/roveyayinevi.com.tr\/index.php\/wp-json\/wp\/v2\/product\/784558","targetHints":{"allow":["GET"]}}],"collection":[{"href":"https:\/\/roveyayinevi.com.tr\/index.php\/wp-json\/wp\/v2\/product"}],"about":[{"href":"https:\/\/roveyayinevi.com.tr\/index.php\/wp-json\/wp\/v2\/types\/product"}],"wp:attachment":[{"href":"https:\/\/roveyayinevi.com.tr\/index.php\/wp-json\/wp\/v2\/media?parent=784558"}],"wp:term":[{"taxonomy":"product_brand","embeddable":true,"href":"https:\/\/roveyayinevi.com.tr\/index.php\/wp-json\/wp\/v2\/product_brand?post=784558"},{"taxonomy":"product_cat","embeddable":true,"href":"https:\/\/roveyayinevi.com.tr\/index.php\/wp-json\/wp\/v2\/product_cat?post=784558"},{"taxonomy":"product_tag","embeddable":true,"href":"https:\/\/roveyayinevi.com.tr\/index.php\/wp-json\/wp\/v2\/product_tag?post=784558"}],"curies":[{"name":"wp","href":"https:\/\/api.w.org\/{rel}","templated":true}]}}