{"id":784556,"date":"2026-03-10T04:13:19","date_gmt":"2026-03-10T01:13:19","guid":{"rendered":"https:\/\/roveyayinevi.com.tr\/index.php\/urun\/dunyanin-merkezibasra-korfezinin-kuresel-tarihi\/"},"modified":"2026-04-15T03:47:49","modified_gmt":"2026-04-15T00:47:49","slug":"dunyanin-merkezibasra-korfezinin-kuresel-tarihi","status":"publish","type":"product","link":"https:\/\/roveyayinevi.com.tr\/index.php\/urun\/dunyanin-merkezibasra-korfezinin-kuresel-tarihi\/","title":{"rendered":"D\u00fcnyan\u0131n Merkezi;Basra K\u00f6rfezi&#8217;nin K\u00fcresel Tarihi"},"content":{"rendered":"<p>K\u00f6rfez, Hint Okyanusu\u2019na a\u00e7\u0131lan g\u00fcvenilir bir liman ve deniz yoluydu; muson r\u00fczg\u00e2rlar\u0131n\u0131n y\u00f6n de\u011fi\u015ftirmesini bekleyen herkes i\u00e7in bir konaklama yeriydi. Bu r\u00fczg\u00e2rlar, bir yelkenliyi, herhangi bir bedel \u00f6demeksizin Afrika\u2019dan Arabistan\u2019a, oradan Hindistan\u2019a ve \u00f6tesine ta\u015f\u0131yabilirdi. Ancak K\u00f6rfez\u2019e ula\u015fman\u0131n bedeli a\u011f\u0131rd\u0131\u2026***Basra K\u00f6rfezi yaln\u0131zca petrol\u00fcn, krizlerin ve jeopoliti\u011fin sahnesi de\u011fildir. Ayn\u0131 zamanda insanl\u0131k tarihinin en eski ticaret a\u011flar\u0131n\u0131n kuruldu\u011fu, dinlerin, fikirlerin ve k\u00fclt\u00fcrlerin birbirine kar\u0131\u015ft\u0131\u011f\u0131 yerlerden, hatta d\u00fcnyan\u0131n merkezlerinden biridir.Allen James Fromherz, D\u00fcnyan\u0131n Merkezi adl\u0131 bu \u00e7al\u0131\u015fmada, sadece Arap ve Fars d\u00fcnyas\u0131n\u0131n ilgilendiriyor gibi d\u00fc\u015f\u00fcn\u00fclen Basra K\u00f6rfezi\u2019ni \u0130lk \u00c7a\u011flardan g\u00fcn\u00fcm\u00fcze uzanan k\u00fcresel bir tarih sahnesi olarak ele al\u0131yor. Dilmun\u2019dan Basra\u2019ya, Siraf\u2019tan H\u00fcrm\u00fcz\u2019e, Maskat\u2019tan Dubai\u2019ye uzanan bu anlat\u0131; ticaretin do\u011fu\u015funu, imparatorluklar\u0131n s\u0131n\u0131rlar\u0131n\u0131, kozmopolit liman kentlerinin y\u00fckseli\u015f ve \u00e7\u00f6k\u00fc\u015flerini g\u00f6zler \u00f6n\u00fcne seriyor.Kitap, K\u00f6rfez\u2019i Arap\u2013Pers, Do\u011fu\u2013Bat\u0131 ya da S\u00fcnni\u2013\u015eii gibi dar ikiliklere hapsetmeden; Hint d\u00fcnyas\u0131na a\u00e7\u0131lan bir kap\u0131, \u00f6zg\u00fcr ticaretin ve k\u00fclt\u00fcrel etkile\u015fimin tarihsel merkezi olarak yeniden d\u00fc\u015f\u00fcnmeye davet ediyor. Co\u011frafyan\u0131n \u2014\u00e7\u00f6l\u00fcn, da\u011f\u0131n ve batakl\u0131\u011f\u0131n\u2014 siyaseti nas\u0131l \u015fekillendirdi\u011fini, \u00f6nce Pers, sonra Portekiz ve \u0130ngiltere gibi imparatorluklar\u0131n neden burada tam h\u00e2kimiyet kuramad\u0131\u011f\u0131n\u0131 ve K\u00f6rfez toplumlar\u0131n\u0131n bu bo\u015fluklarda nas\u0131l \u00f6zg\u00fcn bir d\u00fcnya kurdu\u011funu berrak bir dille anlat\u0131yor.S\u00fcr\u00fckleyici diliyle D\u00fcnyan\u0131n Merkezi, yaln\u0131zca Orta Do\u011fu tarihine ilgi duyanlar i\u00e7in de\u011fil; k\u00fcresel tarih, ticaret a\u011flar\u0131 ve kozmopolitlik \u00fczerine d\u00fc\u015f\u00fcnen herkes i\u00e7in bir ba\u015fvuru kayna\u011f\u0131. G\u00fcc\u00fcn, ticaretin ve medeniyetin kesi\u015fti\u011fi yerde Bir K\u00f6rfez, Binlerce Y\u0131l\u2026<\/p>\n","protected":false},"excerpt":{"rendered":"<p>K\u00f6rfez, Hint Okyanusu\u2019na a\u00e7\u0131lan g\u00fcvenilir bir liman ve deniz yoluydu; muson r\u00fczg\u00e2rlar\u0131n\u0131n y\u00f6n de\u011fi\u015ftirmesini bekleyen herkes i\u00e7in bir konaklama yeriydi. Bu r\u00fczg\u00e2rlar, bir yelkenliyi, herhangi bir<span class=\"excerpt-hellip\"> [\u2026]<\/span><\/p>\n","protected":false},"featured_media":0,"template":"","meta":{"_monsterinsights_skip_tracking":false,"_monsterinsights_sitenote_active":false,"_monsterinsights_sitenote_note":"","_monsterinsights_sitenote_category":0},"product_brand":[],"product_cat":[12305,12304],"product_tag":[],"class_list":{"0":"post-784556","1":"product","2":"type-product","3":"status-publish","5":"product_cat-dunya-tarihi","6":"product_cat-tarih","7":"pa_cilt-ciltsiz","8":"pa_tur-kitap","9":"pa_yayinevi-timas-yayinlari","10":"pa_yazar-allen-james-fromherz","12":"first","13":"instock","14":"sale","15":"shipping-taxable","16":"purchasable","17":"product-type-simple"},"_links":{"self":[{"href":"https:\/\/roveyayinevi.com.tr\/index.php\/wp-json\/wp\/v2\/product\/784556","targetHints":{"allow":["GET"]}}],"collection":[{"href":"https:\/\/roveyayinevi.com.tr\/index.php\/wp-json\/wp\/v2\/product"}],"about":[{"href":"https:\/\/roveyayinevi.com.tr\/index.php\/wp-json\/wp\/v2\/types\/product"}],"wp:attachment":[{"href":"https:\/\/roveyayinevi.com.tr\/index.php\/wp-json\/wp\/v2\/media?parent=784556"}],"wp:term":[{"taxonomy":"product_brand","embeddable":true,"href":"https:\/\/roveyayinevi.com.tr\/index.php\/wp-json\/wp\/v2\/product_brand?post=784556"},{"taxonomy":"product_cat","embeddable":true,"href":"https:\/\/roveyayinevi.com.tr\/index.php\/wp-json\/wp\/v2\/product_cat?post=784556"},{"taxonomy":"product_tag","embeddable":true,"href":"https:\/\/roveyayinevi.com.tr\/index.php\/wp-json\/wp\/v2\/product_tag?post=784556"}],"curies":[{"name":"wp","href":"https:\/\/api.w.org\/{rel}","templated":true}]}}