{"id":784553,"date":"2026-03-10T04:13:14","date_gmt":"2026-03-10T01:13:14","guid":{"rendered":"https:\/\/roveyayinevi.com.tr\/index.php\/urun\/kelam-hikmet-siirnurullah-gencin-siir-dunyasi\/"},"modified":"2026-04-15T03:47:49","modified_gmt":"2026-04-15T00:47:49","slug":"kelam-hikmet-siirnurullah-gencin-siir-dunyasi","status":"publish","type":"product","link":"https:\/\/roveyayinevi.com.tr\/index.php\/urun\/kelam-hikmet-siirnurullah-gencin-siir-dunyasi\/","title":{"rendered":"Kelam, Hikmet, \u015eiir;Nurullah Gen\u00e7&#8217;in \u015eiir D\u00fcnyas\u0131"},"content":{"rendered":"<p>Kelam, Hikmet, \u015eiir, modern zamanlarda s\u00f6z\u00fc yeniden ciddiye almaya \u00e7a\u011f\u0131ran g\u00fc\u00e7l\u00fc bir d\u00fc\u015f\u00fcnce yolculu\u011fu. Nurullah Gen\u00e7, Nur Haktan\u2019\u0131n sorular\u0131 e\u015fli\u011finde; kelimenin mahiyetinden \u015fiirin varl\u0131k sebebine, hikmet ile estetik aras\u0131ndaki ba\u011fdan dilin insan ruhundaki izlerine kadar uzanan kapsaml\u0131 bir \u00e7er\u00e7eve sunuyor.Bu kitapta \u015fiir; yaln\u0131zca bir edeb\u00ee t\u00fcr de\u011fil, insan\u0131n kendini anlama, d\u00fcnyay\u0131 anlamland\u0131rma ve hakikate yakla\u015fma bi\u00e7imi olarak ele al\u0131n\u0131yor. Kelimenin sorumlulu\u011fu, s\u00f6z\u00fcn ahl\u00e2k\u0131, dilin in\u015fa edici ve y\u0131k\u0131c\u0131 g\u00fcc\u00fc, sanat\u0131n anlamla ili\u015fkisi\u2026 B\u00fct\u00fcn bu ba\u015fl\u0131klar, \u015fiir merkezli bir d\u00fc\u015f\u00fcnce \u00f6rg\u00fcs\u00fc i\u00e7inde berrakla\u015f\u0131yor.Nurullah Gen\u00e7, \u015fiiri hayattan kopuk bir estetik alan olarak de\u011fil; inan\u00e7la, de\u011ferle, vicdanla ve insan olma bilinciyle i\u00e7 i\u00e7e bir tefekk\u00fcr sahas\u0131 olarak konumland\u0131r\u0131yor. Kelam, Hikmet, \u015eiir\u2019de hikmetle yo\u011frulmu\u015f, insan\u0131 hem i\u00e7e hem yukar\u0131ya \u00e7a\u011f\u0131ran bir s\u00f6z bi\u00e7imi olan \u015fiirin, usta \u015fair Nurullah Gen\u00e7 i\u00e7in ne ifade etti\u011fini \u00f6\u011freniyoruz.<\/p>\n","protected":false},"excerpt":{"rendered":"<p>Kelam, Hikmet, \u015eiir, modern zamanlarda s\u00f6z\u00fc yeniden ciddiye almaya \u00e7a\u011f\u0131ran g\u00fc\u00e7l\u00fc bir d\u00fc\u015f\u00fcnce yolculu\u011fu. Nurullah Gen\u00e7, Nur Haktan\u2019\u0131n sorular\u0131 e\u015fli\u011finde; kelimenin mahiyetinden \u015fiirin varl\u0131k sebebine, hikmet<span class=\"excerpt-hellip\"> [\u2026]<\/span><\/p>\n","protected":false},"featured_media":0,"template":"","meta":{"_monsterinsights_skip_tracking":false,"_monsterinsights_sitenote_active":false,"_monsterinsights_sitenote_note":"","_monsterinsights_sitenote_category":0},"product_brand":[],"product_cat":[12291,30969],"product_tag":[],"class_list":{"0":"post-784553","1":"product","2":"type-product","3":"status-publish","5":"product_cat-edebiyat","6":"product_cat-soylesi-edebiyat","7":"pa_cilt-ciltsiz","8":"pa_tur-kitap","9":"pa_yayinevi-timas-yayinlari","10":"pa_yazar-nurullah-genc","12":"first","13":"instock","14":"sale","15":"shipping-taxable","16":"purchasable","17":"product-type-simple"},"_links":{"self":[{"href":"https:\/\/roveyayinevi.com.tr\/index.php\/wp-json\/wp\/v2\/product\/784553","targetHints":{"allow":["GET"]}}],"collection":[{"href":"https:\/\/roveyayinevi.com.tr\/index.php\/wp-json\/wp\/v2\/product"}],"about":[{"href":"https:\/\/roveyayinevi.com.tr\/index.php\/wp-json\/wp\/v2\/types\/product"}],"wp:attachment":[{"href":"https:\/\/roveyayinevi.com.tr\/index.php\/wp-json\/wp\/v2\/media?parent=784553"}],"wp:term":[{"taxonomy":"product_brand","embeddable":true,"href":"https:\/\/roveyayinevi.com.tr\/index.php\/wp-json\/wp\/v2\/product_brand?post=784553"},{"taxonomy":"product_cat","embeddable":true,"href":"https:\/\/roveyayinevi.com.tr\/index.php\/wp-json\/wp\/v2\/product_cat?post=784553"},{"taxonomy":"product_tag","embeddable":true,"href":"https:\/\/roveyayinevi.com.tr\/index.php\/wp-json\/wp\/v2\/product_tag?post=784553"}],"curies":[{"name":"wp","href":"https:\/\/api.w.org\/{rel}","templated":true}]}}