{"id":784545,"date":"2026-03-10T04:12:30","date_gmt":"2026-03-10T01:12:30","guid":{"rendered":"https:\/\/roveyayinevi.com.tr\/index.php\/urun\/benim-eskiye-donesim-var\/"},"modified":"2026-04-15T03:47:39","modified_gmt":"2026-04-15T00:47:39","slug":"benim-eskiye-donesim-var","status":"publish","type":"product","link":"https:\/\/roveyayinevi.com.tr\/index.php\/urun\/benim-eskiye-donesim-var\/","title":{"rendered":"Benim Eskiye D\u00f6nesim Var"},"content":{"rendered":"<p>NEY\u0130M\u0130Z KALDI GE\u00c7M\u0130\u015eTENNeyimiz kald\u0131 ge\u00e7mi\u015ftenUmudumuz yok gelecektenNas\u0131l bir ortamday\u0131z ger\u00e7ektenDengeyi bozduk terazi \u00f6l\u00e7ekten Ge\u00e7mi\u015fte kalm\u0131\u015f g\u00fcven sab\u0131r\u00c7ekilmez olmu\u015f g\u00f6n\u00fclde kah\u0131rUnutulmu\u015f sadaka hay\u0131rG\u00f6zler k\u00f6r kulaklar olmu\u015f sa\u011f\u0131rRabbim k\u00f6t\u00fcl\u00fckten bizi sen ay\u0131r Sudan gelmez oldu boz e\u015f\u015fekYay\u0131k yaymaz oldu tuluk bi\u015f\u015fekYap\u0131lmaz oldu y\u00fcnden d\u00f6\u015f\u015fekLahmacuna d\u00f6n\u00fc\u015f olduD\u00fc\u011f\u00fcnlerde pek pi\u015fmez ke\u015fkek Giyilmez oldu \u00e7ama\u015f\u0131r\u0131n y\u0131rt\u0131\u011f\u0131\u00c7\u00f6pe gidiyor yeme\u011fin art\u0131\u011f\u0131Kaybolmu\u015f sayg\u0131n\u0131n mant\u0131\u011f\u0131K\u0131z evine gelmez oldu \u00e7e\u011fiz sand\u0131\u011f\u0131Alk\u0131\u015f tutuyor namerdin yapt\u0131\u011f\u0131 Kalayl\u0131 bak\u0131r kapta yo\u011furt kalmad\u0131A\u011f\u0131lda meleyen koyun kalmad\u0131Sokaktaki oyun kalmad\u0131Kara tencerede \u00f6\u011f\u00fcn kalmad\u0131\u00c7uvala kestelden d\u00fc\u011f\u00fcm kalmad\u0131 Gelin k\u0131zlar i\u015flemez oldu nak\u0131\u015f\u0131K\u0131nal\u0131 eller vurmaz oldu alk\u0131\u015f\u0131Menfaat oldu herkesin bak\u0131\u015f\u0131Sayg\u0131y\u0131 unuttu zaman\u0131n ak\u0131\u015f\u0131Var m\u0131 yazd\u0131klar\u0131nda \u015fairin yanl\u0131\u015f\u0131<\/p>\n","protected":false},"excerpt":{"rendered":"<p>NEY\u0130M\u0130Z KALDI GE\u00c7M\u0130\u015eTENNeyimiz kald\u0131 ge\u00e7mi\u015ftenUmudumuz yok gelecektenNas\u0131l bir ortamday\u0131z ger\u00e7ektenDengeyi bozduk terazi \u00f6l\u00e7ekten Ge\u00e7mi\u015fte kalm\u0131\u015f g\u00fcven sab\u0131r\u00c7ekilmez olmu\u015f g\u00f6n\u00fclde kah\u0131rUnutulmu\u015f sadaka hay\u0131rG\u00f6zler k\u00f6r kulaklar olmu\u015f sa\u011f\u0131rRabbim<span class=\"excerpt-hellip\"> [\u2026]<\/span><\/p>\n","protected":false},"featured_media":0,"template":"","meta":{"_monsterinsights_skip_tracking":false,"_monsterinsights_sitenote_active":false,"_monsterinsights_sitenote_note":"","_monsterinsights_sitenote_category":0},"product_brand":[],"product_cat":[12291,12509],"product_tag":[],"class_list":{"0":"post-784545","1":"product","2":"type-product","3":"status-publish","5":"product_cat-edebiyat","6":"product_cat-siir","7":"pa_cilt-ciltsiz","8":"pa_tur-kitap","9":"pa_yayinevi-gulnar-yayinlari","10":"pa_yazar-emine-guven","12":"first","13":"instock","14":"sale","15":"shipping-taxable","16":"purchasable","17":"product-type-simple"},"_links":{"self":[{"href":"https:\/\/roveyayinevi.com.tr\/index.php\/wp-json\/wp\/v2\/product\/784545","targetHints":{"allow":["GET"]}}],"collection":[{"href":"https:\/\/roveyayinevi.com.tr\/index.php\/wp-json\/wp\/v2\/product"}],"about":[{"href":"https:\/\/roveyayinevi.com.tr\/index.php\/wp-json\/wp\/v2\/types\/product"}],"wp:attachment":[{"href":"https:\/\/roveyayinevi.com.tr\/index.php\/wp-json\/wp\/v2\/media?parent=784545"}],"wp:term":[{"taxonomy":"product_brand","embeddable":true,"href":"https:\/\/roveyayinevi.com.tr\/index.php\/wp-json\/wp\/v2\/product_brand?post=784545"},{"taxonomy":"product_cat","embeddable":true,"href":"https:\/\/roveyayinevi.com.tr\/index.php\/wp-json\/wp\/v2\/product_cat?post=784545"},{"taxonomy":"product_tag","embeddable":true,"href":"https:\/\/roveyayinevi.com.tr\/index.php\/wp-json\/wp\/v2\/product_tag?post=784545"}],"curies":[{"name":"wp","href":"https:\/\/api.w.org\/{rel}","templated":true}]}}