{"id":784544,"date":"2026-03-10T04:12:27","date_gmt":"2026-03-10T01:12:27","guid":{"rendered":"https:\/\/roveyayinevi.com.tr\/index.php\/urun\/sunum-gunu-dexter\/"},"modified":"2026-04-15T03:47:38","modified_gmt":"2026-04-15T00:47:38","slug":"sunum-gunu-dexter","status":"publish","type":"product","link":"https:\/\/roveyayinevi.com.tr\/index.php\/urun\/sunum-gunu-dexter\/","title":{"rendered":"Sunum G\u00fcn\u00fc Dexter!"},"content":{"rendered":"<p>Merhaba! Bil bakal\u0131m yar\u0131n ne var?Sunum g\u00fcn\u00fc!Haftalard\u0131r buna haz\u0131rlan\u0131yorum. Sabah be\u015fte kalk\u0131yorum. Antrenman yap\u0131yorum.Ama biraz kayg\u0131lanmaya ba\u015flad\u0131m. Ya kimse beni sevmezse?Bir dakika, kendimi nas\u0131l g\u00f6sterece\u011fimi biliyorum\u2026 en az\u0131ndan bir fikrim var. G\u00f6rmek ister misin?<\/p>\n","protected":false},"excerpt":{"rendered":"<p>Merhaba! Bil bakal\u0131m yar\u0131n ne var?Sunum g\u00fcn\u00fc!Haftalard\u0131r buna haz\u0131rlan\u0131yorum. Sabah be\u015fte kalk\u0131yorum. Antrenman yap\u0131yorum.Ama biraz kayg\u0131lanmaya ba\u015flad\u0131m. Ya kimse beni sevmezse?Bir dakika, kendimi nas\u0131l g\u00f6sterece\u011fimi biliyorum\u2026<span class=\"excerpt-hellip\"> [\u2026]<\/span><\/p>\n","protected":false},"featured_media":0,"template":"","meta":{"_monsterinsights_skip_tracking":false,"_monsterinsights_sitenote_active":false,"_monsterinsights_sitenote_note":"","_monsterinsights_sitenote_category":0},"product_brand":[],"product_cat":[12274,12518],"product_tag":[],"class_list":{"0":"post-784544","1":"product","2":"type-product","3":"status-publish","5":"product_cat-cocuk-ve-genclik-kitaplari","6":"product_cat-okul-oncesi-kitaplar","7":"pa_cilt-ciltsiz","8":"pa_tur-kitap","9":"pa_yayinevi-bilgi-yayinevi","10":"pa_yazar-lindsay-ward","12":"first","13":"instock","14":"sale","15":"shipping-taxable","16":"purchasable","17":"product-type-simple"},"_links":{"self":[{"href":"https:\/\/roveyayinevi.com.tr\/index.php\/wp-json\/wp\/v2\/product\/784544","targetHints":{"allow":["GET"]}}],"collection":[{"href":"https:\/\/roveyayinevi.com.tr\/index.php\/wp-json\/wp\/v2\/product"}],"about":[{"href":"https:\/\/roveyayinevi.com.tr\/index.php\/wp-json\/wp\/v2\/types\/product"}],"wp:attachment":[{"href":"https:\/\/roveyayinevi.com.tr\/index.php\/wp-json\/wp\/v2\/media?parent=784544"}],"wp:term":[{"taxonomy":"product_brand","embeddable":true,"href":"https:\/\/roveyayinevi.com.tr\/index.php\/wp-json\/wp\/v2\/product_brand?post=784544"},{"taxonomy":"product_cat","embeddable":true,"href":"https:\/\/roveyayinevi.com.tr\/index.php\/wp-json\/wp\/v2\/product_cat?post=784544"},{"taxonomy":"product_tag","embeddable":true,"href":"https:\/\/roveyayinevi.com.tr\/index.php\/wp-json\/wp\/v2\/product_tag?post=784544"}],"curies":[{"name":"wp","href":"https:\/\/api.w.org\/{rel}","templated":true}]}}