{"id":784542,"date":"2026-03-10T04:12:21","date_gmt":"2026-03-10T01:12:21","guid":{"rendered":"https:\/\/roveyayinevi.com.tr\/index.php\/urun\/donusturucu-2\/"},"modified":"2026-04-15T03:47:38","modified_gmt":"2026-04-15T00:47:38","slug":"donusturucu-2","status":"publish","type":"product","link":"https:\/\/roveyayinevi.com.tr\/index.php\/urun\/donusturucu-2\/","title":{"rendered":"D\u00f6n\u00fc\u015ft\u00fcr\u00fcc\u00fc"},"content":{"rendered":"<p>\u201cDo\u011fan\u0131n kolayca yok oldu\u011funu, biraz \u00e7abayla tekrar dirilebilece\u011fini \u00f6\u011frenmi\u015ftim. Ev sahibi olmak \u00f6nemini yitirmi\u015fti art\u0131k. \u00c7\u00fcnk\u00fc ya\u015fanabilir d\u00fcnyalar olmad\u0131k\u00e7a; duvarlar\u0131, kap\u0131s\u0131, pencereleri ve \u00e7at\u0131s\u0131 olan evlerin anlam\u0131 yoktu.\u201dHerkesin ve her \u015feyin farkl\u0131 oldu\u011fu D\u00fcnyan\u0131n En B\u00fcy\u00fck Mahallesi\u2019ndeki ters evde ya\u015famak isteyen D\u00f6n\u00fc\u015ft\u00fcr\u00fcc\u00fc, bu dile\u011fine kavu\u015fabilmek i\u00e7in uzun bir yolculu\u011fa \u00e7\u0131kmak zorundad\u0131r. Sar\u0131 Kum\u2019da kar\u015f\u0131la\u015ft\u0131\u011f\u0131 \u201ccamdam adam\u201dla birlikte Unutulmu\u015f Topraklar\u2019da yapt\u0131\u011f\u0131 bu tuhaf ve gizemli yolculukta olta yiyen \u00e7\u00f6p bal\u0131\u011f\u0131yla, kur\u015fun askerlerle, bilge bir a\u011fa\u00e7la, \u015fehirleri y\u00f6neten farelerle ve daha nice tuhaf canl\u0131larla kar\u015f\u0131la\u015f\u0131r.Hayat\u0131 bir D\u00f6n\u00fc\u015ft\u00fcr\u00fcc\u00fc\u2019n\u00fcn g\u00f6zleriyle g\u00f6rebilirseniz, yollardan toplanan k\u00e2\u011f\u0131tlar\u0131n, k\u0131r\u0131lm\u0131\u015f camlar\u0131n ve unutulmu\u015f e\u015fyalar\u0131n bile her \u015feyi d\u00f6n\u00fc\u015ft\u00fcrebilecek gizli g\u00fc\u00e7lere sahip oldu\u011funu fark edebilirsiniz.O zaman\u2026 d\u00fcnyay\u0131 da de\u011fi\u015ftirebilir, d\u00f6n\u00fc\u015ft\u00fcrebilirsiniz.*Geri d\u00f6n\u00fc\u015f\u00fcm temas\u0131n\u0131 fantastik bir dille anlatan bu kitab\u0131n g\u00f6rselleri de sanat\u00e7\u0131 Bi\u011fkem Karavus taraf\u0131ndan \u201cgeri d\u00f6n\u00fc\u015f\u00fcm\u201d anlay\u0131\u015f\u0131yla, eldeki malzemelerden, \u00f6zel bir teknik kullan\u0131larak \u00fcretilmi\u015ftir.<\/p>\n","protected":false},"excerpt":{"rendered":"<p>\u201cDo\u011fan\u0131n kolayca yok oldu\u011funu, biraz \u00e7abayla tekrar dirilebilece\u011fini \u00f6\u011frenmi\u015ftim. Ev sahibi olmak \u00f6nemini yitirmi\u015fti art\u0131k. \u00c7\u00fcnk\u00fc ya\u015fanabilir d\u00fcnyalar olmad\u0131k\u00e7a; duvarlar\u0131, kap\u0131s\u0131, pencereleri ve \u00e7at\u0131s\u0131 olan evlerin<span class=\"excerpt-hellip\"> [\u2026]<\/span><\/p>\n","protected":false},"featured_media":0,"template":"","meta":{"_monsterinsights_skip_tracking":false,"_monsterinsights_sitenote_active":false,"_monsterinsights_sitenote_note":"","_monsterinsights_sitenote_category":0},"product_brand":[],"product_cat":[12274,12284],"product_tag":[],"class_list":{"0":"post-784542","1":"product","2":"type-product","3":"status-publish","5":"product_cat-cocuk-ve-genclik-kitaplari","6":"product_cat-hikayeler","7":"pa_cilt-ciltsiz","8":"pa_tur-kitap","9":"pa_yayinevi-bilgi-yayinevi","10":"pa_yazar-fatih-danaci","12":"first","13":"instock","14":"sale","15":"shipping-taxable","16":"purchasable","17":"product-type-simple"},"_links":{"self":[{"href":"https:\/\/roveyayinevi.com.tr\/index.php\/wp-json\/wp\/v2\/product\/784542","targetHints":{"allow":["GET"]}}],"collection":[{"href":"https:\/\/roveyayinevi.com.tr\/index.php\/wp-json\/wp\/v2\/product"}],"about":[{"href":"https:\/\/roveyayinevi.com.tr\/index.php\/wp-json\/wp\/v2\/types\/product"}],"wp:attachment":[{"href":"https:\/\/roveyayinevi.com.tr\/index.php\/wp-json\/wp\/v2\/media?parent=784542"}],"wp:term":[{"taxonomy":"product_brand","embeddable":true,"href":"https:\/\/roveyayinevi.com.tr\/index.php\/wp-json\/wp\/v2\/product_brand?post=784542"},{"taxonomy":"product_cat","embeddable":true,"href":"https:\/\/roveyayinevi.com.tr\/index.php\/wp-json\/wp\/v2\/product_cat?post=784542"},{"taxonomy":"product_tag","embeddable":true,"href":"https:\/\/roveyayinevi.com.tr\/index.php\/wp-json\/wp\/v2\/product_tag?post=784542"}],"curies":[{"name":"wp","href":"https:\/\/api.w.org\/{rel}","templated":true}]}}