{"id":784541,"date":"2026-03-10T04:12:19","date_gmt":"2026-03-10T01:12:19","guid":{"rendered":"https:\/\/roveyayinevi.com.tr\/index.php\/urun\/dexter-tatilde\/"},"modified":"2026-04-15T03:47:38","modified_gmt":"2026-04-15T00:47:38","slug":"dexter-tatilde","status":"publish","type":"product","link":"https:\/\/roveyayinevi.com.tr\/index.php\/urun\/dexter-tatilde\/","title":{"rendered":"Dexter Tatilde!"},"content":{"rendered":"<p>Bil bakal\u0131m ne oldu? En iyi arkada\u015f\u0131m Jack\u2019le ben tatile gidiyoruz! G\u00fcne\u015f g\u00f6zl\u00fcklerimi ald\u0131m ve araba yolcu\u011funa haz\u0131r\u0131m.Ne demek \u201cU\u00e7akla gidiyoruz\u201d? T-Rex\u2019ler u\u00e7maz ki! Bunu herkes bilir.Benim gitmem laz\u0131m; ama Jack\u2019in bana ihtiyac\u0131 var san\u0131r\u0131m. Belki birlikte cesur olabiliriz. Ne dersin?<\/p>\n","protected":false},"excerpt":{"rendered":"<p>Bil bakal\u0131m ne oldu? En iyi arkada\u015f\u0131m Jack\u2019le ben tatile gidiyoruz! G\u00fcne\u015f g\u00f6zl\u00fcklerimi ald\u0131m ve araba yolcu\u011funa haz\u0131r\u0131m.Ne demek \u201cU\u00e7akla gidiyoruz\u201d? T-Rex\u2019ler u\u00e7maz ki! Bunu herkes<span class=\"excerpt-hellip\"> [\u2026]<\/span><\/p>\n","protected":false},"featured_media":0,"template":"","meta":{"_monsterinsights_skip_tracking":false,"_monsterinsights_sitenote_active":false,"_monsterinsights_sitenote_note":"","_monsterinsights_sitenote_category":0},"product_brand":[],"product_cat":[12274,12518],"product_tag":[],"class_list":{"0":"post-784541","1":"product","2":"type-product","3":"status-publish","5":"product_cat-cocuk-ve-genclik-kitaplari","6":"product_cat-okul-oncesi-kitaplar","7":"pa_cilt-ciltsiz","8":"pa_tur-kitap","9":"pa_yayinevi-bilgi-yayinevi","10":"pa_yazar-lindsay-ward","12":"first","13":"instock","14":"sale","15":"shipping-taxable","16":"purchasable","17":"product-type-simple"},"_links":{"self":[{"href":"https:\/\/roveyayinevi.com.tr\/index.php\/wp-json\/wp\/v2\/product\/784541","targetHints":{"allow":["GET"]}}],"collection":[{"href":"https:\/\/roveyayinevi.com.tr\/index.php\/wp-json\/wp\/v2\/product"}],"about":[{"href":"https:\/\/roveyayinevi.com.tr\/index.php\/wp-json\/wp\/v2\/types\/product"}],"wp:attachment":[{"href":"https:\/\/roveyayinevi.com.tr\/index.php\/wp-json\/wp\/v2\/media?parent=784541"}],"wp:term":[{"taxonomy":"product_brand","embeddable":true,"href":"https:\/\/roveyayinevi.com.tr\/index.php\/wp-json\/wp\/v2\/product_brand?post=784541"},{"taxonomy":"product_cat","embeddable":true,"href":"https:\/\/roveyayinevi.com.tr\/index.php\/wp-json\/wp\/v2\/product_cat?post=784541"},{"taxonomy":"product_tag","embeddable":true,"href":"https:\/\/roveyayinevi.com.tr\/index.php\/wp-json\/wp\/v2\/product_tag?post=784541"}],"curies":[{"name":"wp","href":"https:\/\/api.w.org\/{rel}","templated":true}]}}