{"id":784538,"date":"2026-03-10T04:12:12","date_gmt":"2026-03-10T01:12:12","guid":{"rendered":"https:\/\/roveyayinevi.com.tr\/index.php\/urun\/dogu-bati-dergisi-sayi-115-kasim-aralik-ocak-2025-26filozoflarin-spinozasi\/"},"modified":"2026-04-15T03:47:35","modified_gmt":"2026-04-15T00:47:35","slug":"dogu-bati-dergisi-sayi-115-kasim-aralik-ocak-2025-26filozoflarin-spinozasi","status":"publish","type":"product","link":"https:\/\/roveyayinevi.com.tr\/index.php\/urun\/dogu-bati-dergisi-sayi-115-kasim-aralik-ocak-2025-26filozoflarin-spinozasi\/","title":{"rendered":"Do\u011fu Bat\u0131 Dergisi Say\u0131: 115 (Kas\u0131m, Aral\u0131k, Ocak 2025-26);Filozoflar\u0131n Spinoza&#8217;s\u0131"},"content":{"rendered":"<p>SPINOZA\u2019NIN F\u0130LOZOFLARIMelike Molac\u0131Spinoza\u2019n\u0131n \u201cStoac\u0131\u201d Bireyi: \u00d6zel Nitelikli Bir Bedenin Ratio\u2019suAhmet Akta\u015fSpinoza &#8211; Machiavelli Kar\u015f\u0131la\u015fmas\u0131n\u0131 21. Y\u00fczy\u0131l i\u00e7in Yeniden D\u00fc\u015f\u00fcnmek: Yasa, Y\u00f6netim ve \u00c7at\u0131\u015fma Sarmal\u0131nda \u00d6zg\u00fcrl\u00fckKudret ArasDescartes Felsefesinin \u0130lkeleri\u2019nden \u0130tibaren Spinoza\u2019n\u0131n Descartes Felsefesine Y\u00f6nelik Ele\u015ftirisinin TemelleriF\u0130LOZOFLARIN SPINOZA\u2019SI\u00d6v\u00fcn\u00e7 CengizArzuyu Arzulamak: Hegel ve Spinoza\u2019da \u00d6zg\u00fcrl\u00fckZeynep Talay TurnerNietzsche\u2019nin Spinoza ile Kar\u015f\u0131la\u015fmas\u0131Sevin\u00e7 T\u00fcrkmenSpinoza ve Marx\u2019\u0131n Materyalizminin Temel \u00d6nermeleri ve Yeni MateryalizmErdem Bulduru\u00e7Epistemolojik Kopu\u015f\u2019un Marksist Spinoza\u2019s\u0131: AlthusserBar\u0131\u015fcan DemirDeleuze ve Spinoza\u2019n\u0131n Kar\u015f\u0131la\u015fmas\u0131nda \u0130fade, \u0130\u00e7kinlik, Yap\u0131 ve Olu\u015fCengiz Baysoy &amp; Sinem \u00d6zerAntonio Negri\u2019nin Conatus\u2019u: SpinozaSava\u015f Erg\u00fclAlain Badiou\u2019nun Spinozalar\u0131: \u0130ki Ontoloji Aras\u0131ndaki Mesafeyi KatetmekAgon Hamza &amp; Frank RudaBug\u00fcn Spinoza: Pierre Macherey ile S\u00f6yle\u015fi<\/p>\n","protected":false},"excerpt":{"rendered":"<p>SPINOZA\u2019NIN F\u0130LOZOFLARIMelike Molac\u0131Spinoza\u2019n\u0131n \u201cStoac\u0131\u201d Bireyi: \u00d6zel Nitelikli Bir Bedenin Ratio\u2019suAhmet Akta\u015fSpinoza &#8211; Machiavelli Kar\u015f\u0131la\u015fmas\u0131n\u0131 21. Y\u00fczy\u0131l i\u00e7in Yeniden D\u00fc\u015f\u00fcnmek: Yasa, Y\u00f6netim ve \u00c7at\u0131\u015fma Sarmal\u0131nda \u00d6zg\u00fcrl\u00fckKudret ArasDescartes<span class=\"excerpt-hellip\"> [\u2026]<\/span><\/p>\n","protected":false},"featured_media":0,"template":"","meta":{"_monsterinsights_skip_tracking":false,"_monsterinsights_sitenote_active":false,"_monsterinsights_sitenote_note":"","_monsterinsights_sitenote_category":0},"product_brand":[],"product_cat":[13527],"product_tag":[],"class_list":{"0":"post-784538","1":"product","2":"type-product","3":"status-publish","5":"product_cat-sureli-yayinlar","6":"pa_cilt-ciltsiz","7":"pa_tur-kitap","8":"pa_yayinevi-dogu-bati-yayinlari","9":"pa_yazar-kolektif","11":"first","12":"instock","13":"sale","14":"shipping-taxable","15":"purchasable","16":"product-type-simple"},"_links":{"self":[{"href":"https:\/\/roveyayinevi.com.tr\/index.php\/wp-json\/wp\/v2\/product\/784538","targetHints":{"allow":["GET"]}}],"collection":[{"href":"https:\/\/roveyayinevi.com.tr\/index.php\/wp-json\/wp\/v2\/product"}],"about":[{"href":"https:\/\/roveyayinevi.com.tr\/index.php\/wp-json\/wp\/v2\/types\/product"}],"wp:attachment":[{"href":"https:\/\/roveyayinevi.com.tr\/index.php\/wp-json\/wp\/v2\/media?parent=784538"}],"wp:term":[{"taxonomy":"product_brand","embeddable":true,"href":"https:\/\/roveyayinevi.com.tr\/index.php\/wp-json\/wp\/v2\/product_brand?post=784538"},{"taxonomy":"product_cat","embeddable":true,"href":"https:\/\/roveyayinevi.com.tr\/index.php\/wp-json\/wp\/v2\/product_cat?post=784538"},{"taxonomy":"product_tag","embeddable":true,"href":"https:\/\/roveyayinevi.com.tr\/index.php\/wp-json\/wp\/v2\/product_tag?post=784538"}],"curies":[{"name":"wp","href":"https:\/\/api.w.org\/{rel}","templated":true}]}}