{"id":784536,"date":"2026-03-10T04:08:39","date_gmt":"2026-03-10T01:08:39","guid":{"rendered":"https:\/\/roveyayinevi.com.tr\/index.php\/urun\/malatyali-asik-hanefi-unver\/"},"modified":"2026-04-15T03:44:52","modified_gmt":"2026-04-15T00:44:52","slug":"malatyali-asik-hanefi-unver","status":"publish","type":"product","link":"https:\/\/roveyayinevi.com.tr\/index.php\/urun\/malatyali-asik-hanefi-unver\/","title":{"rendered":"Malatyal\u0131 A\u015f\u0131k Hanefi \u00dcnver"},"content":{"rendered":"<p>Y\u00fczy\u0131llar\u0131n derinliklerinden bug\u00fcne uzanan \u00e2\u015f\u0131kl\u0131k gelene\u011fi, T\u00fcrk k\u00fclt\u00fcr\u00fcn\u00fcn en g\u00fc\u00e7l\u00fc s\u00f6zl\u00fc sanatlar\u0131ndan biridir. K\u00f6kleri \u015eamanizm d\u00f6nemine kadar uzanan bu kadim gelenek, \u0130slamiyet&#8217;in kabul\u00fcyle birlikte yeni bir ruh kazanm\u0131\u015f, tekke ve cami k\u00fclt\u00fcr\u00fcn\u00fcn besledi\u011fi zengin bir manevi yap\u0131yla varl\u0131\u011f\u0131n\u0131 s\u00fcrd\u00fcrm\u00fc\u015ft\u00fcr. Zaman i\u00e7inde din\u00ee ve tasavvuf\u00ee s\u00f6yleyi\u015ften uzakla\u015farak daha realist bir \u00e7izgiye y\u00f6nelen \u00e2\u015f\u0131klar, hem bireysel duygular\u0131n\u0131 hem de toplumun ya\u015fad\u0131\u011f\u0131 olaylar\u0131 sazlar\u0131na ta\u015f\u0131yarak Anadolu&#8217;nun s\u00f6zl\u00fc tarihini \u015fekillendirmi\u015ftir. \u0130lahi bir kaynaktan beslendiklerine inanan bu sanatk\u00e2rlar, diyar diyar dola\u015f\u0131p her konakta, her durakta s\u00f6yledikleri t\u00fcrk\u00fclerle toplumun yaln\u0131zca duygular\u0131na terc\u00fcman olmam\u0131\u015f ayn\u0131 zamanda kolektif belle\u011fin nesiller boyu aktar\u0131lmas\u0131na da arac\u0131l\u0131k etmi\u015flerdir. Bu zengin gelene\u011fin canl\u0131l\u0131\u011f\u0131n\u0131 korudu\u011funu \u00f6nemli merkezlerden biri de Malatya&#8217;d\u0131r. Tarih boyunca bir\u00e7ok g\u00fc\u00e7l\u00fc ozan yeti\u015ftiren bu y\u00f6re, s\u00f6z\u00fcn ve saz\u0131n g\u00fcc\u00fcn\u00fc bug\u00fcne ta\u015f\u0131yan k\u00fclt\u00fcrel bir kaynak niteli\u011findedir. Elinizdeki eser, Malatya&#8217;n\u0131n g\u00fc\u00e7l\u00fc \u00e2\u015f\u0131klar\u0131ndan \u00c2\u015f\u0131k Hanefi \u00dcnver&#8217;in hayat\u0131n\u0131, sanat anlay\u0131\u015f\u0131n\u0131 ve \u015fiir d\u00fcnyas\u0131n\u0131 ayr\u0131nt\u0131lar\u0131yla ele almaktad\u0131r. A\u015f\u0131\u011f\u0131n eserleri; muhteva, \u00fcslup, dil ve edeb\u00ee sanatlar a\u00e7\u0131s\u0131ndan incelenerek hem b\u00f6lgesel k\u00fclt\u00fcr i\u00e7indeki hem de \u00e2\u015f\u0131kl\u0131k gelene\u011findeki yeri kapsaml\u0131 bi\u00e7imde ortaya konulmaktad\u0131r. Bu kitap, Anadolu&#8217;nun k\u00f6kl\u00fc \u015fiir gelene\u011fine a\u00e7\u0131lan kap\u0131d\u0131r ve bir ozan\u0131n g\u00f6nl\u00fcnden s\u00fcz\u00fcl\u00fcp gelen sesin ard\u0131ndaki hik\u00e2yeyi konu almaktad\u0131r. <\/p>\n","protected":false},"excerpt":{"rendered":"<p>Y\u00fczy\u0131llar\u0131n derinliklerinden bug\u00fcne uzanan \u00e2\u015f\u0131kl\u0131k gelene\u011fi, T\u00fcrk k\u00fclt\u00fcr\u00fcn\u00fcn en g\u00fc\u00e7l\u00fc s\u00f6zl\u00fc sanatlar\u0131ndan biridir. K\u00f6kleri \u015eamanizm d\u00f6nemine kadar uzanan bu kadim gelenek, \u0130slamiyet&#8217;in kabul\u00fcyle birlikte yeni bir<span class=\"excerpt-hellip\"> [\u2026]<\/span><\/p>\n","protected":false},"featured_media":0,"template":"","meta":{"_monsterinsights_skip_tracking":false,"_monsterinsights_sitenote_active":false,"_monsterinsights_sitenote_note":"","_monsterinsights_sitenote_category":0},"product_brand":[],"product_cat":[14009,12291],"product_tag":[],"class_list":{"0":"post-784536","1":"product","2":"type-product","3":"status-publish","5":"product_cat-biyografi-otobiyografi-edebiyat","6":"product_cat-edebiyat","7":"pa_cilt-ciltsiz","8":"pa_tur-kitap","9":"pa_yayinevi-soncag-akademik-kitaplar","10":"pa_yazar-fatih-solmaz","12":"first","13":"instock","14":"sale","15":"shipping-taxable","16":"purchasable","17":"product-type-simple"},"_links":{"self":[{"href":"https:\/\/roveyayinevi.com.tr\/index.php\/wp-json\/wp\/v2\/product\/784536","targetHints":{"allow":["GET"]}}],"collection":[{"href":"https:\/\/roveyayinevi.com.tr\/index.php\/wp-json\/wp\/v2\/product"}],"about":[{"href":"https:\/\/roveyayinevi.com.tr\/index.php\/wp-json\/wp\/v2\/types\/product"}],"wp:attachment":[{"href":"https:\/\/roveyayinevi.com.tr\/index.php\/wp-json\/wp\/v2\/media?parent=784536"}],"wp:term":[{"taxonomy":"product_brand","embeddable":true,"href":"https:\/\/roveyayinevi.com.tr\/index.php\/wp-json\/wp\/v2\/product_brand?post=784536"},{"taxonomy":"product_cat","embeddable":true,"href":"https:\/\/roveyayinevi.com.tr\/index.php\/wp-json\/wp\/v2\/product_cat?post=784536"},{"taxonomy":"product_tag","embeddable":true,"href":"https:\/\/roveyayinevi.com.tr\/index.php\/wp-json\/wp\/v2\/product_tag?post=784536"}],"curies":[{"name":"wp","href":"https:\/\/api.w.org\/{rel}","templated":true}]}}