{"id":784534,"date":"2026-03-10T04:06:42","date_gmt":"2026-03-10T01:06:42","guid":{"rendered":"https:\/\/roveyayinevi.com.tr\/index.php\/urun\/hayatimin-icinde-sakladiklarim\/"},"modified":"2026-04-15T03:43:50","modified_gmt":"2026-04-15T00:43:50","slug":"hayatimin-icinde-sakladiklarim","status":"publish","type":"product","link":"https:\/\/roveyayinevi.com.tr\/index.php\/urun\/hayatimin-icinde-sakladiklarim\/","title":{"rendered":"Hayat\u0131m\u0131n \u0130\u00e7inde Saklad\u0131klar\u0131m"},"content":{"rendered":"<p>Bir S\u00f6z S\u00f6yledim Bir \u00c7ift \u015eiir Oldu Tutamad\u0131m Kab\u0131nda D\u00f6k\u00fcl\u00fcverdi Kelimeler Salk\u0131m Sa\u00e7ak Bu K\u00fc\u00e7\u00fcc\u00fck Kitaba S\u0131\u011far oldu Daha Mutlu Daha \u00d6zg\u00fcr Ve Daha G\u00fczel Kalbimi Ferahlatt\u0131lar Neredeyse Beni Teselli Edercesine<\/p>\n","protected":false},"excerpt":{"rendered":"<p>Bir S\u00f6z S\u00f6yledim Bir \u00c7ift \u015eiir Oldu Tutamad\u0131m Kab\u0131nda D\u00f6k\u00fcl\u00fcverdi Kelimeler Salk\u0131m Sa\u00e7ak Bu K\u00fc\u00e7\u00fcc\u00fck Kitaba S\u0131\u011far oldu Daha Mutlu Daha \u00d6zg\u00fcr Ve Daha G\u00fczel Kalbimi<span class=\"excerpt-hellip\"> [\u2026]<\/span><\/p>\n","protected":false},"featured_media":0,"template":"","meta":{"_monsterinsights_skip_tracking":false,"_monsterinsights_sitenote_active":false,"_monsterinsights_sitenote_note":"","_monsterinsights_sitenote_category":0},"product_brand":[],"product_cat":[12291,12509],"product_tag":[],"class_list":{"0":"post-784534","1":"product","2":"type-product","3":"status-publish","5":"product_cat-edebiyat","6":"product_cat-siir","7":"pa_cilt-ciltsiz","8":"pa_tur-kitap","9":"pa_yayinevi-luna-yayinlari","10":"pa_yazar-ahmet-rasim-firat","12":"first","13":"instock","14":"sale","15":"shipping-taxable","16":"purchasable","17":"product-type-simple"},"_links":{"self":[{"href":"https:\/\/roveyayinevi.com.tr\/index.php\/wp-json\/wp\/v2\/product\/784534","targetHints":{"allow":["GET"]}}],"collection":[{"href":"https:\/\/roveyayinevi.com.tr\/index.php\/wp-json\/wp\/v2\/product"}],"about":[{"href":"https:\/\/roveyayinevi.com.tr\/index.php\/wp-json\/wp\/v2\/types\/product"}],"wp:attachment":[{"href":"https:\/\/roveyayinevi.com.tr\/index.php\/wp-json\/wp\/v2\/media?parent=784534"}],"wp:term":[{"taxonomy":"product_brand","embeddable":true,"href":"https:\/\/roveyayinevi.com.tr\/index.php\/wp-json\/wp\/v2\/product_brand?post=784534"},{"taxonomy":"product_cat","embeddable":true,"href":"https:\/\/roveyayinevi.com.tr\/index.php\/wp-json\/wp\/v2\/product_cat?post=784534"},{"taxonomy":"product_tag","embeddable":true,"href":"https:\/\/roveyayinevi.com.tr\/index.php\/wp-json\/wp\/v2\/product_tag?post=784534"}],"curies":[{"name":"wp","href":"https:\/\/api.w.org\/{rel}","templated":true}]}}