{"id":784533,"date":"2026-03-10T04:05:07","date_gmt":"2026-03-10T01:05:07","guid":{"rendered":"https:\/\/roveyayinevi.com.tr\/index.php\/urun\/yeni-nesil-ebeveynlik-dijital-zorluklardan-cozum-yolculuguna\/"},"modified":"2026-04-15T03:42:35","modified_gmt":"2026-04-15T00:42:35","slug":"yeni-nesil-ebeveynlik-dijital-zorluklardan-cozum-yolculuguna","status":"publish","type":"product","link":"https:\/\/roveyayinevi.com.tr\/index.php\/urun\/yeni-nesil-ebeveynlik-dijital-zorluklardan-cozum-yolculuguna\/","title":{"rendered":"Yeni Nesil Ebeveynlik : Dijital Zorluklardan \u00c7\u00f6z\u00fcm Yolculu\u011funa"},"content":{"rendered":"<p>Dijital d\u00fcnya hayat\u0131m\u0131z\u0131n ayr\u0131lmaz bir par\u00e7as\u0131 haline geldi. Pandemi d\u00f6nemiyle birlikte dijital teknolojilerin g\u00fcnl\u00fck ya\u015fam\u0131m\u0131zdaki yeri daha da derinle\u015fti, ebeveynleri yeni ve karma\u015f\u0131k zorluklarla kar\u015f\u0131 kar\u015f\u0131ya b\u0131rakt\u0131.   Bu kitap, \u00e7ocuk sa\u011fl\u0131\u011f\u0131 ve geli\u015fimi alan\u0131ndaki akademik bilgi birikimimi, dijital ebeveynlik konusundaki g\u00fcncel bilimsel ara\u015ft\u0131rmalar\u0131 ve en \u00f6nemlisi de binlerce ailenin ger\u00e7ek deneyimlerini bir araya getiriyor. Son on y\u0131lda \u00e7ocuk ve ergen sa\u011fl\u0131\u011f\u0131, dijital riskler ve ebeveynlik alanlar\u0131nda yapt\u0131\u011f\u0131m \u00e7al\u0131\u015fmalar, bu sayfalar\u0131 hayat\u0131n i\u00e7inden al\u0131nm\u0131\u015f derslerle zenginle\u015ftirdi.<\/p>\n","protected":false},"excerpt":{"rendered":"<p>Dijital d\u00fcnya hayat\u0131m\u0131z\u0131n ayr\u0131lmaz bir par\u00e7as\u0131 haline geldi. Pandemi d\u00f6nemiyle birlikte dijital teknolojilerin g\u00fcnl\u00fck ya\u015fam\u0131m\u0131zdaki yeri daha da derinle\u015fti, ebeveynleri yeni ve karma\u015f\u0131k zorluklarla kar\u015f\u0131 kar\u015f\u0131ya<span class=\"excerpt-hellip\"> [\u2026]<\/span><\/p>\n","protected":false},"featured_media":0,"template":"","meta":{"_monsterinsights_skip_tracking":false,"_monsterinsights_sitenote_active":false,"_monsterinsights_sitenote_note":"","_monsterinsights_sitenote_category":0},"product_brand":[],"product_cat":[26509,13365],"product_tag":[],"class_list":{"0":"post-784533","1":"product","2":"type-product","3":"status-publish","5":"product_cat-cocuk-gelisimi","6":"product_cat-saglik","7":"pa_cilt-ciltsiz","8":"pa_tur-kitap","9":"pa_yayinevi-ani-yayincilik","10":"pa_yazar-derya-evgin","12":"first","13":"instock","14":"sale","15":"shipping-taxable","16":"purchasable","17":"product-type-simple"},"_links":{"self":[{"href":"https:\/\/roveyayinevi.com.tr\/index.php\/wp-json\/wp\/v2\/product\/784533","targetHints":{"allow":["GET"]}}],"collection":[{"href":"https:\/\/roveyayinevi.com.tr\/index.php\/wp-json\/wp\/v2\/product"}],"about":[{"href":"https:\/\/roveyayinevi.com.tr\/index.php\/wp-json\/wp\/v2\/types\/product"}],"wp:attachment":[{"href":"https:\/\/roveyayinevi.com.tr\/index.php\/wp-json\/wp\/v2\/media?parent=784533"}],"wp:term":[{"taxonomy":"product_brand","embeddable":true,"href":"https:\/\/roveyayinevi.com.tr\/index.php\/wp-json\/wp\/v2\/product_brand?post=784533"},{"taxonomy":"product_cat","embeddable":true,"href":"https:\/\/roveyayinevi.com.tr\/index.php\/wp-json\/wp\/v2\/product_cat?post=784533"},{"taxonomy":"product_tag","embeddable":true,"href":"https:\/\/roveyayinevi.com.tr\/index.php\/wp-json\/wp\/v2\/product_tag?post=784533"}],"curies":[{"name":"wp","href":"https:\/\/api.w.org\/{rel}","templated":true}]}}