{"id":784532,"date":"2026-03-10T04:00:38","date_gmt":"2026-03-10T01:00:38","guid":{"rendered":"https:\/\/roveyayinevi.com.tr\/index.php\/urun\/prof-dr-fatma-dogruele-armagan-turkiye-ekonomisinin-dinamikleri-kalkinma-cevre-ve-esitsizlik\/"},"modified":"2026-04-15T03:38:50","modified_gmt":"2026-04-15T00:38:50","slug":"prof-dr-fatma-dogruele-armagan-turkiye-ekonomisinin-dinamikleri-kalkinma-cevre-ve-esitsizlik","status":"publish","type":"product","link":"https:\/\/roveyayinevi.com.tr\/index.php\/urun\/prof-dr-fatma-dogruele-armagan-turkiye-ekonomisinin-dinamikleri-kalkinma-cevre-ve-esitsizlik\/","title":{"rendered":"Prof. Dr. Fatma Do\u011fruel&#8217;e Arma\u011fan T\u00fcrkiye Ekonomisinin Dinamikleri:  Kalk\u0131nma, \u00c7evre ve E\u015fitsizlik"},"content":{"rendered":"<p>Bu kitap, T\u00fcrkiye ekonomisinin yap\u0131sal d\u00f6n\u00fc\u015f\u00fcm\u00fcn\u00fc iktisadi mek\u00e2n, ekonomik kalk\u0131nma, b\u00f6lgesel e\u015fitsizlikler ve \u00e7evresel s\u00fcrd\u00fcr\u00fclebilirlik eksenlerinde tart\u0131\u015fan on d\u00f6rt \u00f6zg\u00fcn akademik \u00e7al\u0131\u015fmay\u0131 bir araya getirmektedir. Yaz\u0131lar, hem teorik \u00e7er\u00e7evelere hem de T\u00fcrkiye\u2019ye \u00f6zg\u00fc ampirik \u00e7\u00f6z\u00fcmlemelere dayanarak, kalk\u0131nma iktisad\u0131 literat\u00fcr\u00fcne g\u00fcncel katk\u0131lar sunmaktad\u0131r. \u0130ki tematik b\u00f6l\u00fcmden olu\u015fan kitapta, ilk grup yaz\u0131lar b\u00f6lgesel kalk\u0131nma, mek\u00e2nsal e\u015fitsizlik ve yak\u0131nsama s\u00fcre\u00e7lerini ele al\u0131rken; ikinci grup yaz\u0131lar \u00e7evre ve iklim de\u011fi\u015fikli\u011fi ekonomisi ba\u011flam\u0131nda s\u00fcrd\u00fcr\u00fclebilirlik, karbon politikalar\u0131 ve kaynak kullan\u0131m\u0131 gibi konulara odaklanmaktad\u0131r.  Prof. Dr. Fatma Do\u011fruel\u2019in akademik ilgi alanlar\u0131ndan ilhamla derlenen bu eser, her biri lisans veya lisans\u00fcst\u00fc d\u00fczeyde onun \u00f6\u011frencisi olmu\u015f, tezlerini onun rehberli\u011finde yazm\u0131\u015f ya da akademik geli\u015fiminde ondan do\u011frudan etkilenmi\u015f akademisyenler taraf\u0131ndan kaleme al\u0131nm\u0131\u015ft\u0131r. \u0130ktisat ve sosyal bilimler alan\u0131nda \u00e7al\u0131\u015fan ara\u015ft\u0131rmac\u0131la i\u00e7in kapsaml\u0131 bir ba\u015fvuru kayna\u011f\u0131 niteli\u011fi ta\u015f\u0131yan bu kitap, ayn\u0131 zamanda T\u00fcrkiye\u2019nin kalk\u0131nma ve \u00e7evre politikalar\u0131n\u0131 disiplinleraras\u0131 bir bak\u0131\u015f a\u00e7\u0131s\u0131yla ele almak isteyen okurlar i\u00e7in de de\u011ferli bir \u00e7er\u00e7eve sunmaktad\u0131r.<\/p>\n","protected":false},"excerpt":{"rendered":"<p>Bu kitap, T\u00fcrkiye ekonomisinin yap\u0131sal d\u00f6n\u00fc\u015f\u00fcm\u00fcn\u00fc iktisadi mek\u00e2n, ekonomik kalk\u0131nma, b\u00f6lgesel e\u015fitsizlikler ve \u00e7evresel s\u00fcrd\u00fcr\u00fclebilirlik eksenlerinde tart\u0131\u015fan on d\u00f6rt \u00f6zg\u00fcn akademik \u00e7al\u0131\u015fmay\u0131 bir araya getirmektedir. Yaz\u0131lar,<span class=\"excerpt-hellip\"> [\u2026]<\/span><\/p>\n","protected":false},"featured_media":0,"template":"","meta":{"_monsterinsights_skip_tracking":false,"_monsterinsights_sitenote_active":false,"_monsterinsights_sitenote_note":"","_monsterinsights_sitenote_category":0},"product_brand":[],"product_cat":[13043,14144],"product_tag":[],"class_list":{"0":"post-784532","1":"product","2":"type-product","3":"status-publish","5":"product_cat-ekonomi","6":"product_cat-turkiye-ekonomisi","7":"pa_cilt-ciltsiz","8":"pa_tur-kitap","9":"pa_yayinevi-efil-yayinevi","10":"pa_yazar-kolektif","12":"first","13":"instock","14":"sale","15":"shipping-taxable","16":"purchasable","17":"product-type-simple"},"_links":{"self":[{"href":"https:\/\/roveyayinevi.com.tr\/index.php\/wp-json\/wp\/v2\/product\/784532","targetHints":{"allow":["GET"]}}],"collection":[{"href":"https:\/\/roveyayinevi.com.tr\/index.php\/wp-json\/wp\/v2\/product"}],"about":[{"href":"https:\/\/roveyayinevi.com.tr\/index.php\/wp-json\/wp\/v2\/types\/product"}],"wp:attachment":[{"href":"https:\/\/roveyayinevi.com.tr\/index.php\/wp-json\/wp\/v2\/media?parent=784532"}],"wp:term":[{"taxonomy":"product_brand","embeddable":true,"href":"https:\/\/roveyayinevi.com.tr\/index.php\/wp-json\/wp\/v2\/product_brand?post=784532"},{"taxonomy":"product_cat","embeddable":true,"href":"https:\/\/roveyayinevi.com.tr\/index.php\/wp-json\/wp\/v2\/product_cat?post=784532"},{"taxonomy":"product_tag","embeddable":true,"href":"https:\/\/roveyayinevi.com.tr\/index.php\/wp-json\/wp\/v2\/product_tag?post=784532"}],"curies":[{"name":"wp","href":"https:\/\/api.w.org\/{rel}","templated":true}]}}