{"id":784531,"date":"2026-03-10T03:02:06","date_gmt":"2026-03-10T00:02:06","guid":{"rendered":"https:\/\/roveyayinevi.com.tr\/index.php\/urun\/duman-agaci-2\/"},"modified":"2026-04-12T02:50:05","modified_gmt":"2026-04-11T23:50:05","slug":"duman-agaci-2","status":"publish","type":"product","link":"https:\/\/roveyayinevi.com.tr\/index.php\/urun\/duman-agaci-2\/","title":{"rendered":"Duman A\u011fac\u0131"},"content":{"rendered":"<p>Hen\u00fcz hastal\u0131\u011f\u0131n\u0131n nekahet d\u00f6neminde olan Sevda, ald\u0131\u011f\u0131 mektupla kendisini Samatya\u2019da uzak bir akraba evinde bulur. Art\u0131k akrabas\u0131 Nihal ve onun gen\u00e7 o\u011flu Kerem ile ya\u015fam\u0131nda yeni bir sayfa a\u00e7m\u0131\u015ft\u0131r. Sayfalar\u0131 a\u00e7t\u0131k\u00e7a, sat\u0131rlar\u0131 okuduk\u00e7a dostluk erdeminin t\u00fcm s\u0131cakl\u0131\u011f\u0131n\u0131 hissedebilece\u011finiz harika bir novella.Duman A\u011fac\u0131\u2026K\u0131sa Roman: Kitapseverlere okuma zevki vaat eder.<\/p>\n","protected":false},"excerpt":{"rendered":"<p>Hen\u00fcz hastal\u0131\u011f\u0131n\u0131n nekahet d\u00f6neminde olan Sevda, ald\u0131\u011f\u0131 mektupla kendisini Samatya\u2019da uzak bir akraba evinde bulur. Art\u0131k akrabas\u0131 Nihal ve onun gen\u00e7 o\u011flu Kerem ile ya\u015fam\u0131nda yeni<span class=\"excerpt-hellip\"> [\u2026]<\/span><\/p>\n","protected":false},"featured_media":0,"template":"","meta":{"_monsterinsights_skip_tracking":false,"_monsterinsights_sitenote_active":false,"_monsterinsights_sitenote_note":"","_monsterinsights_sitenote_category":0},"product_brand":[],"product_cat":[12291,12711],"product_tag":[],"class_list":{"0":"post-784531","1":"product","2":"type-product","3":"status-publish","5":"product_cat-edebiyat","6":"product_cat-roman-oyku","7":"pa_cilt-ciltsiz","8":"pa_tur-kitap","9":"pa_yayinevi-deka-yayinlari","10":"pa_yazar-ali-kayacan","12":"first","13":"instock","14":"sale","15":"shipping-taxable","16":"purchasable","17":"product-type-simple"},"_links":{"self":[{"href":"https:\/\/roveyayinevi.com.tr\/index.php\/wp-json\/wp\/v2\/product\/784531","targetHints":{"allow":["GET"]}}],"collection":[{"href":"https:\/\/roveyayinevi.com.tr\/index.php\/wp-json\/wp\/v2\/product"}],"about":[{"href":"https:\/\/roveyayinevi.com.tr\/index.php\/wp-json\/wp\/v2\/types\/product"}],"wp:attachment":[{"href":"https:\/\/roveyayinevi.com.tr\/index.php\/wp-json\/wp\/v2\/media?parent=784531"}],"wp:term":[{"taxonomy":"product_brand","embeddable":true,"href":"https:\/\/roveyayinevi.com.tr\/index.php\/wp-json\/wp\/v2\/product_brand?post=784531"},{"taxonomy":"product_cat","embeddable":true,"href":"https:\/\/roveyayinevi.com.tr\/index.php\/wp-json\/wp\/v2\/product_cat?post=784531"},{"taxonomy":"product_tag","embeddable":true,"href":"https:\/\/roveyayinevi.com.tr\/index.php\/wp-json\/wp\/v2\/product_tag?post=784531"}],"curies":[{"name":"wp","href":"https:\/\/api.w.org\/{rel}","templated":true}]}}