{"id":784530,"date":"2026-03-10T02:47:58","date_gmt":"2026-03-09T23:47:58","guid":{"rendered":"https:\/\/roveyayinevi.com.tr\/index.php\/urun\/merhaba-genc-adam-2\/"},"modified":"2026-04-16T02:32:22","modified_gmt":"2026-04-15T23:32:22","slug":"merhaba-genc-adam-2","status":"publish","type":"product","link":"https:\/\/roveyayinevi.com.tr\/index.php\/urun\/merhaba-genc-adam-2\/","title":{"rendered":"Merhaba Gen\u00e7 Adam"},"content":{"rendered":"<p>\ufffcGen\u00e7 bir gazeteci ve psikoloji \u00f6\u011frencisi olan Hakan Pars, ilk roman\u0131 \u00fczerinde \u00e7al\u0131\u015f\u0131rken D\u00fc\u015f \u00c7\u0131kmaz\u0131 Soka\u011f\u0131\u2019\u0131nda Otto ve kar\u0131s\u0131 Kielo ile kar\u015f\u0131la\u015f\u0131r. Bu tan\u0131\u015fma ile ilerleyen dostluk gizemli bir sona do\u011fru evrilir.Yetmi\u015fli y\u0131llar\u0131n hat\u0131ralar\u0131n\u0131 t\u00fcm s\u0131cakl\u0131\u011f\u0131yla an\u0131msatan e\u015fsiz bir novella.<\/p>\n","protected":false},"excerpt":{"rendered":"<p>\ufffcGen\u00e7 bir gazeteci ve psikoloji \u00f6\u011frencisi olan Hakan Pars, ilk roman\u0131 \u00fczerinde \u00e7al\u0131\u015f\u0131rken D\u00fc\u015f \u00c7\u0131kmaz\u0131 Soka\u011f\u0131\u2019\u0131nda Otto ve kar\u0131s\u0131 Kielo ile kar\u015f\u0131la\u015f\u0131r. Bu tan\u0131\u015fma ile ilerleyen<span class=\"excerpt-hellip\"> [\u2026]<\/span><\/p>\n","protected":false},"featured_media":0,"template":"","meta":{"_monsterinsights_skip_tracking":false,"_monsterinsights_sitenote_active":false,"_monsterinsights_sitenote_note":"","_monsterinsights_sitenote_category":0},"product_brand":[],"product_cat":[12291,12711],"product_tag":[],"class_list":{"0":"post-784530","1":"product","2":"type-product","3":"status-publish","5":"product_cat-edebiyat","6":"product_cat-roman-oyku","7":"pa_cilt-ciltsiz","8":"pa_tur-kitap","9":"pa_yayinevi-deka-yayinlari","10":"pa_yazar-ali-kayacan","12":"first","13":"instock","14":"sale","15":"shipping-taxable","16":"purchasable","17":"product-type-simple"},"_links":{"self":[{"href":"https:\/\/roveyayinevi.com.tr\/index.php\/wp-json\/wp\/v2\/product\/784530","targetHints":{"allow":["GET"]}}],"collection":[{"href":"https:\/\/roveyayinevi.com.tr\/index.php\/wp-json\/wp\/v2\/product"}],"about":[{"href":"https:\/\/roveyayinevi.com.tr\/index.php\/wp-json\/wp\/v2\/types\/product"}],"wp:attachment":[{"href":"https:\/\/roveyayinevi.com.tr\/index.php\/wp-json\/wp\/v2\/media?parent=784530"}],"wp:term":[{"taxonomy":"product_brand","embeddable":true,"href":"https:\/\/roveyayinevi.com.tr\/index.php\/wp-json\/wp\/v2\/product_brand?post=784530"},{"taxonomy":"product_cat","embeddable":true,"href":"https:\/\/roveyayinevi.com.tr\/index.php\/wp-json\/wp\/v2\/product_cat?post=784530"},{"taxonomy":"product_tag","embeddable":true,"href":"https:\/\/roveyayinevi.com.tr\/index.php\/wp-json\/wp\/v2\/product_tag?post=784530"}],"curies":[{"name":"wp","href":"https:\/\/api.w.org\/{rel}","templated":true}]}}