{"id":784529,"date":"2026-03-10T02:35:25","date_gmt":"2026-03-09T23:35:25","guid":{"rendered":"https:\/\/roveyayinevi.com.tr\/index.php\/urun\/orgutsel-davranis-odakli-yonetsel-yaklasimlar-editor\/"},"modified":"2026-04-16T02:23:56","modified_gmt":"2026-04-15T23:23:56","slug":"orgutsel-davranis-odakli-yonetsel-yaklasimlar-editor","status":"publish","type":"product","link":"https:\/\/roveyayinevi.com.tr\/index.php\/urun\/orgutsel-davranis-odakli-yonetsel-yaklasimlar-editor\/","title":{"rendered":"\u00d6rg\u00fctsel Davran\u0131\u015f Odakl\u0131 Y\u00f6netsel Yakla\u015f\u0131mlar Edit\u00f6r"},"content":{"rendered":"<p>\u0130\u00e7indekiler 1. Y\u00f6netsel Yakla\u015f\u0131mlar     Bilgi Y\u00f6netimi Duygusal Emek Farkl\u0131l\u0131klar\u0131n Y\u00f6netimi \u0130\u015f Ahlak\u0131 ve Etik Personel G\u00fc\u00e7lendirme Adhodratik \u00d6rg\u00fct Yap\u0131lar\u0131 \u00d6rg\u00fctsel Adalet \u00d6rg\u00fctsel Adanm\u0131\u015fl\u0131k \u00d6rg\u00fctsel Ba\u011fl\u0131l\u0131k \u00d6rg\u00fctsel \u00c7at\u0131\u015fma \u00d6rg\u00fctsel De\u011fi\u015fim ve Y\u00f6netimi \u00d6rg\u00fctsel Demokrasi \u00d6rg\u00fctsel G\u00fcven ve Destek \u00d6rg\u00fctsel Dayan\u0131kl\u0131l\u0131k \u00d6rg\u00fctsel \u0130leti\u015fim \u00d6rg\u00fctsel \u0130novasyon \u00d6rg\u00fctsel Kay\u0131rmac\u0131l\u0131k Kriz Y\u00f6netimi \u00d6rg\u00fctsel K\u00fc\u00e7\u00fclme ve Kademe Azaltma \u00d6rg\u00fctsel \u00d6\u011frenme ve \u00d6\u011frenen Organizasyonlar \u00d6rg\u00fctsel \u00d6zde\u015fme \u00d6rg\u00fct Sa\u011fl\u0131\u011f\u0131 \u00d6rg\u00fctsel Sapma Sosyal Giri\u015fimcilik \u00d6rg\u00fctsel Ustal\u0131k \u00d6rg\u00fctsel  Vatanda\u015fl\u0131k \u00d6rg\u00fctsel Yabanc\u0131la\u015fma \u00d6rg\u00fctsel Yaln\u0131zl\u0131k Psikolojik Sermaye Psikolojik S\u00f6zle\u015fme ve \u0130hlali Stres ve Stres Y\u00f6netimi  2. \u00d6rg\u00fctsel Davran\u0131\u015flar Sosyal Sermaye  \u0130\u015ften S\u0131k\u0131lma \u00d6rg\u00fctlerde \u0130nsan Enerjisi Mobbing \u0130\u015fkoliklik K\u00fclt\u00fcrel Zeka \u00d6rg\u00fctsel D\u0131\u015flanma \u00d6rg\u00fctsel Sabotaj \u00d6rg\u00fctsel Sessizlik \u00d6rg\u00fctsel Sinizm \u00d6rg\u00fctsel \u0130kiy\u00fczl\u00fcl\u00fck \u0130\u015fe Tutkunluk \u00d6rg\u00fctsel T\u00fckenmi\u015flik Presebteeizm \u0130\u015fte Var Olma(ma) Sosyal Kaytarma \u00dcretkenlik D\u0131\u015f\u0131 Davran\u0131\u015flar Olumsuz Durumlar\u0131 \u0130f\u015fa Etme \u0130\u015f Ya\u015fam\u0131nda Gelecek Zaman Alg\u0131s\u0131 <\/p>\n","protected":false},"excerpt":{"rendered":"<p>\u0130\u00e7indekiler 1. Y\u00f6netsel Yakla\u015f\u0131mlar Bilgi Y\u00f6netimi Duygusal Emek Farkl\u0131l\u0131klar\u0131n Y\u00f6netimi \u0130\u015f Ahlak\u0131 ve Etik Personel G\u00fc\u00e7lendirme Adhodratik \u00d6rg\u00fct Yap\u0131lar\u0131 \u00d6rg\u00fctsel Adalet \u00d6rg\u00fctsel Adanm\u0131\u015fl\u0131k \u00d6rg\u00fctsel Ba\u011fl\u0131l\u0131k \u00d6rg\u00fctsel<span class=\"excerpt-hellip\"> [\u2026]<\/span><\/p>\n","protected":false},"featured_media":0,"template":"","meta":{"_monsterinsights_skip_tracking":false,"_monsterinsights_sitenote_active":false,"_monsterinsights_sitenote_note":"","_monsterinsights_sitenote_category":0},"product_brand":[],"product_cat":[13043,14381],"product_tag":[],"class_list":{"0":"post-784529","1":"product","2":"type-product","3":"status-publish","5":"product_cat-ekonomi","6":"product_cat-isletme-muhasebe-maliye","7":"pa_cilt-ciltsiz","8":"pa_tur-kitap","9":"pa_yayinevi-gazi-kitabevi","10":"pa_yazar-enver-aydogan","12":"first","13":"instock","14":"sale","15":"shipping-taxable","16":"purchasable","17":"product-type-simple"},"_links":{"self":[{"href":"https:\/\/roveyayinevi.com.tr\/index.php\/wp-json\/wp\/v2\/product\/784529","targetHints":{"allow":["GET"]}}],"collection":[{"href":"https:\/\/roveyayinevi.com.tr\/index.php\/wp-json\/wp\/v2\/product"}],"about":[{"href":"https:\/\/roveyayinevi.com.tr\/index.php\/wp-json\/wp\/v2\/types\/product"}],"wp:attachment":[{"href":"https:\/\/roveyayinevi.com.tr\/index.php\/wp-json\/wp\/v2\/media?parent=784529"}],"wp:term":[{"taxonomy":"product_brand","embeddable":true,"href":"https:\/\/roveyayinevi.com.tr\/index.php\/wp-json\/wp\/v2\/product_brand?post=784529"},{"taxonomy":"product_cat","embeddable":true,"href":"https:\/\/roveyayinevi.com.tr\/index.php\/wp-json\/wp\/v2\/product_cat?post=784529"},{"taxonomy":"product_tag","embeddable":true,"href":"https:\/\/roveyayinevi.com.tr\/index.php\/wp-json\/wp\/v2\/product_tag?post=784529"}],"curies":[{"name":"wp","href":"https:\/\/api.w.org\/{rel}","templated":true}]}}